{"id":933,"date":"2014-05-08T10:46:30","date_gmt":"2014-05-08T10:46:30","guid":{"rendered":"http:\/\/127.0.0.1\/elvyre\/home-2\/"},"modified":"2024-11-25T15:58:34","modified_gmt":"2024-11-25T14:58:34","slug":"home","status":"publish","type":"page","link":"https:\/\/www.apparita.it\/fr\/","title":{"rendered":"Home"},"content":{"rendered":"<section class='page-content' style=''  ><section class='container'><div class='row' style=''><div class='col-md-12 ' style='margin-top:-30px;' ><div class='cma-wysiwyg-editor'><p><img class=\"size-medium wp-image-19847 aligncenter\" src=\"https:\/\/www.apparita.it\/wp-content\/uploads\/2020\/01\/girasoli.png\" alt=\"\" width=\"200\" \/><\/p><br><br><\/div><div class='cma-wysiwyg-editor'><p style=\"text-align: center; text-transform: uppercase !important;\"><span class=\"verde\">Passer des vacances chez nous signifie avant tout faire reposer le corp et l'esprit, d\u00e9couvrir une Toscane moin connue, apprecier des saveurs oubli\u00e9s et s'immerger dans la nature.<\/span><\/p><p style=\"text-align: justify;\"><a href=\"http:\/\/www.apparita.it\/wp-content\/uploads\/2014\/05\/home2.jpg\"><img class=\"alignleft wp-image-17092 size-medium\" src=\"https:\/\/www.apparita.it\/wp-content\/uploads\/2014\/05\/Apparita_300x300.jpg\" alt=\"Agriturismo Apparita\" width=\"300\" height=\"300\" \/><\/a><\/p><p class=\"p1\" style=\"text-align: justify;\">Nous avons la chance de vivre dans un coin de paradis. C'est ainsi que nos h\u00f4tes d\u00e9finissent l'apparita. Nous aurons le plaisir de partager avec vous ce privil\u00e8ge pendant la p\u00e9riode de votre s\u00e9jour.<\/p><p class=\"p1\" style=\"text-align: justify;\">L'ancienne maison de campagne, construite en pierre ou nous habitons, a \u00e9t\u00e9 restaur\u00e9 en respectant l'architecture toscane. Elle a la vue sur le village m\u00e9di\u00e9val de San Dalmazio, qui se trouve a 700 m .<\/p><p class=\"p1\" style=\"text-align: justify;\">C'est la que Carlo Cassola a situ\u00e9 son roman \u00ab\u00a0Il taglio del Bosco\u00a0\u00bb.<\/p><p class=\"p3\" style=\"text-align: justify;\"><span class=\"s1\">Nous avons 6 chambres, (B&amp;B)<span class=\"Apple-converted-space\">\u00a0 <\/span>dont deux chambres doubles et quatre chambres pour 3 personnes, chacune avec salle de bain, terrasse et entr\u00e9e ind\u00e9pendante du jardin.<\/span><span class=\"s2\"><br \/><\/span><span class=\"s1\">Deux chambres se trouvent dans le \"Fienile\", une ancienne grange restaur\u00e9e en 2010, a 50m de la maison.<\/span><\/p><p style=\"text-align: justify;\">\u00a0<a href=\"http:\/\/www.apparita.it\/wp-content\/uploads\/2014\/05\/il-fienile.jpg\"><img class=\"alignright wp-image-17055 size-medium\" src=\"http:\/\/www.apparita.it\/wp-content\/uploads\/2014\/05\/il-fienile-thumb.jpg\" alt=\"esterno\" width=\"300\" height=\"300\" \/><\/a>A disposition de nos h\u00f4tes il y a\u00a0 2 piscines, une pour adultes et une pour enfants, avec traitement de l'eau par \u00e9lectrolyse de sel (sans chlore).<\/p><p class=\"p1\" style=\"text-align: justify;\"><span class=\"s1\">Notre entreprise agricole, situ\u00e9 a une hauteur de 350m, avec 60 h de terrain, est cultiv\u00e9 biologiquement depuis 1993 avec des c\u00e9r\u00e9ales et des olivier .<\/span><\/p><p class=\"p1\" style=\"text-align: justify;\"><span class=\"s1\">L'huile d'olive extra vierge bio est le produit le plus pr\u00e9cieux de nos terres.<\/span><\/p><p class=\"p1\" style=\"text-align: justify;\"><span class=\"s1\">En Toscane nous habitons la commune de Pomarance, dans la haute Vall\u00e9e de C\u00e9cina\u00a0dont le centre culturel\u00a0Volterra\u00a0est une des plus importantes cit\u00e9s d'art, riche en t\u00e9moignages de la civilisation romaine, m\u00e9di\u00e9vale et de la renaissance.<\/span><\/p><p class=\"p1\" style=\"text-align: justify;\"><span class=\"s1\">Tout pr\u00e8s de nous on trouve la foret de Berignone et Tatti et celle de Monterufoli, qui est la r\u00e9serve naturelle plus \u00e9tendue de la Toscane, lieu id\u00e9al pour excursions.<\/span><\/p><p class=\"p1\" style=\"text-align: justify;\"><span class=\"s1\">La \"Rocca Sillana\",<span class=\"Apple-converted-space\">\u00a0 <\/span>une forteresse du 12\u00e8me si\u00e8cle<span class=\"Apple-converted-space\">\u00a0 <\/span>offre un exellent but de promenade a partir de l'apparita.<\/span><\/p><p class=\"p3\" style=\"text-align: justify;\"><span class=\"s1\">A une heure de trajet en voiture, on peut visiter d'importantes villes historiques comme Sienne a 50 km, Florence a 75 km, San Gimignano a 45 km, Pise a 80 km, Massa Marittima et San Galgano a 40 km et aussi les termes de Venturina \u00ab\u00a0Il Calidario\u00a0\u00bb et le centre thermale de Casciana Terme a 55 km, le Biolac g\u00e9othermique \u00ab\u00a0Acqua Harda\u00a0\u00bb<span class=\"Apple-converted-space\">\u00a0 <\/span>et rejoindre les plages de la c\u00f4te Tyrrh\u00e9nienne a 40 km.<\/span><\/p><p class=\"p4\" style=\"text-align: justify;\"><span class=\"s1\">Dans les allentours il y a la possibilit\u00e9e de prendre des le\u00e7ons d'\u00e9quitation ou faire des promenades a cheval.<br \/><\/span><\/p><p class=\"p4\" style=\"text-align: justify;\"><span class=\"s1\">Pour ceux qui aiment la biciclette on trouve de nombreux parcours a diff\u00e9rants nivaux de difficult\u00e9 sur chemins ou routes asphalt\u00e9s.<span class=\"Apple-converted-space\">\u00a0 <\/span>Pour amuser vos enfants \u00e0 30 km, a Riparbella, il y a un Parc Aventure \" Le jardin suspendu\" et un parc naturel \" Gallorose\" a Cecina avec beaucoup d'animaux exotiques et indig\u00e8nes.<\/span><\/p><p><!--facebook-members--><\/p><\/div><div class='cma-wysiwyg-editor'><p><br \/><br \/><br \/><\/p><\/div><img src='https:\/\/www.apparita.it\/wp-content\/uploads\/2014\/05\/home1.jpg' class='left' title='Agriturismo Apparita' alt='Agriturismo Apparita' width='1200' height='714'\/><div class='clearfix'><\/div><\/div><\/div><\/section><\/section><section class='page-content custom-background color-background' style='background-color: #e0cf96;'  ><section class='container'><div class='row' style=''><div class='col-md-6 ' style='' ><div class='cma-wysiwyg-editor'><p><iframe src=\"https:\/\/www.youtube.com\/embed\/l8Vyc6mlt04?start=2\" width=\"560\" height=\"315\" frameborder=\"0\" allowfullscreen=\"allowfullscreen\"><\/iframe><\/p><\/div><div style='margin-top: -30px;' class=''><\/div><\/div><div class='col-md-6 ' style='' ><div style='margin-top: -25px;' class=''><div class=\"cma-wp-widget widget widget_text cma_widget_text\" id=\"cma-widget-WP_Widget_Text-7\"><h3 class=\"widget-title\">Votre vacance en Toscane<\/h3>\t\t\t<div class=\"textwidget\"><center><a class=\"btn-big filled \" style=\"margin-right: 5px;\" href=\"http:\/\/www.apparita.it\/fr\/prezzi\/\"><i class=\"icon-search\"><\/i> Les Prix<\/a> [ninja_forms_modal_form id=8 text_link=\"Disponibilit\u00e9\" class=\"btn-big filled\"]<a class=\"btn-big filled \" style=\"margin-left: 5px;\" href=\"mailto:info@apparita.it\"><i class=\"icon-mail-2\"><\/i> Email<\/a><\/center><\/div>\n\t\t<\/div><\/div><section class='heading-bordered'>\r\n                    <h3>Suivez-nous sur Facebook<\/h3>\r\n                <\/section><div class='cma-wysiwyg-editor'><center><div class=\"fb-page\" style=\"width: 100% !important;\" data-href=\"https:\/\/www.facebook.com\/apparita\" data-width=\"700\" data-height=\"258\" data-small-header=\"false\" data-adapt-container-width=\"false\" data-hide-cover=\"false\" data-show-facepile=\"true\" data-show-posts=\"false\"><div class=\"fb-xfbml-parse-ignore\"><blockquote cite=\"https:\/\/www.facebook.com\/apparita\"><a href=\"https:\/\/www.facebook.com\/apparita\">Agriturismo Apparita<\/a><\/blockquote><\/div><\/div><\/center><\/div><\/div><\/div><\/section><\/section><section class='page-content' style=''  ><section class='container'><div class='row' style=''><div class='col-md-4 empty' style='' ><\/div><div class='col-md-4 ' style='' ><div  class='giustificato'><section class='process-box'>\r\n                        <div class='img-container'><img src='https:\/\/www.apparita.it\/wp-content\/uploads\/bfi_thumb\/olive-durante-la-raccolta-3a4wa53crh4k83sv5m7xmo.jpg' alt='L'huile d'olive biologique extra vierge'><\/div>\r\n\r\n                        <h5>L'huile d'olive biologique extra vierge<\/h5>\r\n                        <p><div class=\"block\"><a href=\"http:\/\/www.apparita.it\/fr\/l-olio\/\">Dans notre ferme nous employons la m\u00e9thode biologique pour cultiver environ 5 hectares de oliveraie pour un total de 1500 plantes. Nous portons les olives en deux jours au moulin pour les presser \u00e0 temp\u00e9rature contr\u00f4l\u00e9e.<\/a><\/div><\/p>\r\n                    <\/section><\/div><\/div><div class='col-md-4 ' style='' ><div  class='giustificato'><section class='process-box'>\r\n                        <div class='img-container'><img src='https:\/\/www.apparita.it\/wp-content\/uploads\/bfi_thumb\/camera-3-agriturismo-apparita-3a4wa3l2nyqaviuej802dc.jpg' alt='Les Chambres'><\/div>\r\n\r\n                        <h5>Les Chambres<\/h5>\r\n                        <p><div class=\"block\"><a href=\"http:\/\/www.apparita.it\/fr\/le-camere\/\">Nous offrons un accueil familial. Nous disposons de six chambres (deux chambres doubles et quatre a trois lits) chacune avec salle de bains et ample terrasse. On acc\u00e8de directement de l'ext\u00e9rieur \u00e0 chaque chambre par une entr\u00e9e ind\u00e9pendante. <\/a><\/div><\/p>\r\n                    <\/section><\/div><\/div><\/div><\/section><\/section><section class='page-content custom-background color-background dark' style='background-color: #3d3d3d;margin-bottom: -60px;'  ><section class='container-fluid'><div class='row' style=''><div class='col-md-12 ' style='' ><div class=\"cma-wp-widget widget widget_text cma_widget_text\" id=\"cma-widget-WP_Widget_Text-12\">\t\t\t<div class=\"textwidget\"><h1 style=\"color: white; text-align: center;\">Apparita: Votre Agritourisme en Toscane<\/h1><\/div>\n\t\t<\/div><\/div><\/div><\/section><\/section>\n","protected":false},"excerpt":{"rendered":"","protected":false},"author":1,"featured_media":0,"parent":0,"menu_order":0,"comment_status":"closed","ping_status":"open","template":"","meta":[],"yoast_head":"<!-- This site is optimized with the Yoast SEO plugin v16.1.1 - https:\/\/yoast.com\/wordpress\/plugins\/seo\/ -->\n<meta name=\"description\" content=\"Chambre d &#039;hotes en Toscane a Pomarance, pr\u00e8s de Volterra. 6 chambres avec salle de bains, t\u00e9l\u00e9visionet wifi gratuit. Piscine et petit dejeuner. B&amp;B\" \/>\n<link rel=\"canonical\" href=\"https:\/\/www.apparita.it\/fr\/\" \/>\n<meta property=\"og:locale\" content=\"fr_FR\" \/>\n<meta property=\"og:type\" content=\"article\" \/>\n<meta property=\"og:title\" content=\"Chambre d&#039;hotes en Toscane avec piscine et petit dejeuner\" \/>\n<meta property=\"og:description\" content=\"Chambre d &#039;hotes en Toscane a Pomarance, pr\u00e8s de Volterra. 6 chambres avec salle de bains, t\u00e9l\u00e9visionet wifi gratuit. Piscine et petit dejeuner. B&amp;B\" \/>\n<meta property=\"og:url\" content=\"https:\/\/www.apparita.it\/fr\/\" \/>\n<meta property=\"og:site_name\" content=\"Agritourisme Toscane Apparita,Chambres d&#039;hotes,Italie,Piscine\" \/>\n<meta property=\"article:modified_time\" content=\"2024-11-25T14:58:34+00:00\" \/>\n<meta name=\"twitter:label1\" content=\"Dur\u00e9e de lecture est.\">\n\t<meta name=\"twitter:data1\" content=\"2 minutes\">\n<script type=\"application\/ld+json\" class=\"yoast-schema-graph\">{\"@context\":\"https:\/\/schema.org\",\"@graph\":[{\"@type\":\"WebSite\",\"@id\":\"https:\/\/www.apparita.it\/#website\",\"url\":\"https:\/\/www.apparita.it\/\",\"name\":\"Agritourisme Toscane Apparita,Chambres d'hotes,Italie,Piscine\",\"description\":\"Agritourisme en Toscane pr&egrave;s de Volterra. Dans l'Houte Maremma, 6 chambres, piscine e plats typiques toscans. Huile\",\"potentialAction\":[{\"@type\":\"SearchAction\",\"target\":\"https:\/\/www.apparita.it\/?s={search_term_string}\",\"query-input\":\"required name=search_term_string\"}],\"inLanguage\":\"fr-FR\"},{\"@type\":\"WebPage\",\"@id\":\"https:\/\/www.apparita.it\/fr\/#webpage\",\"url\":\"https:\/\/www.apparita.it\/fr\/\",\"name\":\"Chambre d'hotes en Toscane avec piscine et petit dejeuner\",\"isPartOf\":{\"@id\":\"https:\/\/www.apparita.it\/#website\"},\"datePublished\":\"2014-05-08T10:46:30+00:00\",\"dateModified\":\"2024-11-25T14:58:34+00:00\",\"description\":\"Chambre d 'hotes en Toscane a Pomarance, pr\\u00e8s de Volterra. 6 chambres avec salle de bains, t\\u00e9l\\u00e9visionet wifi gratuit. Piscine et petit dejeuner. B&B\",\"breadcrumb\":{\"@id\":\"https:\/\/www.apparita.it\/fr\/#breadcrumb\"},\"inLanguage\":\"fr-FR\",\"potentialAction\":[{\"@type\":\"ReadAction\",\"target\":[\"https:\/\/www.apparita.it\/fr\/\"]}]},{\"@type\":\"BreadcrumbList\",\"@id\":\"https:\/\/www.apparita.it\/fr\/#breadcrumb\",\"itemListElement\":[{\"@type\":\"ListItem\",\"position\":1,\"item\":{\"@type\":\"WebPage\",\"@id\":\"https:\/\/www.apparita.it\/fr\/\",\"url\":\"https:\/\/www.apparita.it\/fr\/\",\"name\":\"Home\"}},{\"@type\":\"ListItem\",\"position\":2,\"item\":{\"@type\":\"WebPage\",\"@id\":\"https:\/\/www.apparita.it\/fr\/\",\"url\":\"https:\/\/www.apparita.it\/fr\/\",\"name\":\"Home\"}}]}]}<\/script>\n<!-- \/ Yoast SEO plugin. -->","_links":{"self":[{"href":"https:\/\/www.apparita.it\/fr\/wp-json\/wp\/v2\/pages\/933"}],"collection":[{"href":"https:\/\/www.apparita.it\/fr\/wp-json\/wp\/v2\/pages"}],"about":[{"href":"https:\/\/www.apparita.it\/fr\/wp-json\/wp\/v2\/types\/page"}],"author":[{"embeddable":true,"href":"https:\/\/www.apparita.it\/fr\/wp-json\/wp\/v2\/users\/1"}],"replies":[{"embeddable":true,"href":"https:\/\/www.apparita.it\/fr\/wp-json\/wp\/v2\/comments?post=933"}],"version-history":[{"count":5,"href":"https:\/\/www.apparita.it\/fr\/wp-json\/wp\/v2\/pages\/933\/revisions"}],"predecessor-version":[{"id":20072,"href":"https:\/\/www.apparita.it\/fr\/wp-json\/wp\/v2\/pages\/933\/revisions\/20072"}],"wp:attachment":[{"href":"https:\/\/www.apparita.it\/fr\/wp-json\/wp\/v2\/media?parent=933"}],"curies":[{"name":"wp","href":"https:\/\/api.w.org\/{rel}","templated":true}]}}