{"id":18215,"date":"2015-01-16T10:31:24","date_gmt":"2015-01-16T09:31:24","guid":{"rendered":"http:\/\/www.apparita.it\/il-torrente-pavone-i-resti-delle-miniere-di-rame-e-il-masso-delle-fanciulle-2\/"},"modified":"2015-01-21T14:29:46","modified_gmt":"2015-01-21T13:29:46","slug":"il-torrente-pavone-i-resti-delle-miniere-di-rame-e-il-masso-delle-fanciulle","status":"publish","type":"page","link":"https:\/\/www.apparita.it\/fr\/il-torrente-pavone-i-resti-delle-miniere-di-rame-e-il-masso-delle-fanciulle\/","title":{"rendered":"Rivi\u00e8re Pavone, Masso delle Fanciulle, Mines de Cuivre"},"content":{"rendered":"<section class='page-content' style=''  ><section class='container'><div class='row' style=''><div class='col-md-12 ' style='' ><section class='heading-bordered'>\r\n                    <h3>Rivi\u00e8re Pavone, Masso delle Fanciulle, Mines de Cuivre<\/h3>\r\n                <\/section><\/div><\/div><\/section><\/section><section class='page-content' style=''  ><section class='container'><div class='row' style=''><div class='col-md-12 ' style='' ><div class='cma-wysiwyg-editor'><p style=\"text-align: justify;\">Non loin de notre agritourisme coule le torrent Pavone , cour d\u2019eau v\u00e9ritablement non contamin\u00e9 avec des passages de grande beaut\u00e9 naturelle.<\/p><p style=\"text-align: justify;\">Dans la vall\u00e9e \u00e9troite et profonde du Pavone on trouve les restes des mini\u00e8res de cuivre les plus int\u00e9ressantes de la Toscane. Elles furent exploit\u00e9es jusqu\u2019au 1940.<\/p><p style=\"text-align: justify;\">Le \u00ab\u00a0Masso delle Fanciulle\u00a0\u00bb le long du fleuve Cecina est un des lieux les plus suggestifs de la r\u00e9serve de Berignone. Ces eaux limpides et fra\u00eeches invitent \u00e0 faire un bain rafra\u00eechissant pendant les journ\u00e9es chaudes de l\u2019\u00e9t\u00e9.<\/p><\/div><\/div><\/div><div class='row' style=''><div class='col-md-6 ' style='' ><img src='https:\/\/www.apparita.it\/wp-content\/uploads\/2014\/05\/torrente-pavone-1-1024x1024.jpg' class='left' title='torrente-pavone-1' alt='torrente-pavone-1' width='600' height='600'\/><div class='clearfix'><\/div><\/div><div class='col-md-6 ' style='' ><img src='https:\/\/www.apparita.it\/wp-content\/uploads\/2014\/05\/torrente-pavone-3-1024x1024.jpg' class='left' title='torrente-pavone-3' alt='torrente-pavone-3' width='600' height='600'\/><div class='clearfix'><\/div><\/div><\/div><\/section><\/section><section class='page-content' style=''  ><section class='container'><div class='row' style=''><div class='col-md-6 ' style='' ><img src='https:\/\/www.apparita.it\/wp-content\/uploads\/2014\/05\/rocca-sillana-versante-montecastelli1-1024x1024.jpg' class='left' title='rocca-sillana-versante-montecastelli' alt='rocca-sillana-versante-montecastelli' width='600' height='600'\/><div class='clearfix'><\/div><\/div><div class='col-md-6 ' style='' ><img src='https:\/\/www.apparita.it\/wp-content\/uploads\/2014\/05\/fiume-pavone-passeggiata-1024x1024.jpg' class='left' title='fiume-pavone-passeggiata' alt='fiume-pavone-passeggiata' width='600' height='600'\/><div class='clearfix'><\/div><\/div><\/div><div class='row' style=''><div class='col-md-6 ' style='' ><img src='https:\/\/www.apparita.it\/wp-content\/uploads\/2014\/05\/resti-miniere-di-rame-1024x1024.jpg' class='left' title='resti-miniere-di-rame' alt='resti-miniere-di-rame' width='600' height='600'\/><div class='clearfix'><\/div><\/div><div class='col-md-6 ' style='' ><img src='https:\/\/www.apparita.it\/wp-content\/uploads\/2014\/05\/fiume-cecina-masso-delle-fanciulle2-1024x1024.jpg' class='left' title='fiume-cecina-masso-delle-fanciulle' alt='fiume-cecina-masso-delle-fanciulle' width='600' height='600'\/><div class='clearfix'><\/div><\/div><\/div><div class='row' style=''><div class='col-md-6 ' style='' ><img src='https:\/\/www.apparita.it\/wp-content\/uploads\/2014\/05\/DSC_0974-1024x1024.jpg' class='left' title='DSC_0974' alt='DSC_0974' width='600' height='600'\/><div class='clearfix'><\/div><\/div><div class='col-md-6 ' style='' ><img src='https:\/\/www.apparita.it\/wp-content\/uploads\/2014\/05\/DSC_09731-1024x1024.jpg' class='left' title='DSC_0973' alt='DSC_0973' width='600' height='600'\/><div class='clearfix'><\/div><\/div><\/div><div class='row' style=''><div class='col-md-6 ' style='' ><img src='https:\/\/www.apparita.it\/wp-content\/uploads\/2014\/05\/DSC_0548-1024x1024.jpg' class='left' title='DSC_0548' alt='DSC_0548' width='600' height='600'\/><div class='clearfix'><\/div><\/div><div class='col-md-6 ' style='' ><img src='https:\/\/www.apparita.it\/wp-content\/uploads\/2014\/05\/DSC_05381-1024x1024.jpg' class='left' title='DSC_0538' alt='DSC_0538' width='600' height='600'\/><div class='clearfix'><\/div><\/div><\/div><\/section><\/section>\n","protected":false},"excerpt":{"rendered":"","protected":false},"author":1,"featured_media":0,"parent":0,"menu_order":0,"comment_status":"closed","ping_status":"open","template":"prezzi.php","meta":[],"yoast_head":"<!-- This site is optimized with the Yoast SEO plugin v16.1.1 - https:\/\/yoast.com\/wordpress\/plugins\/seo\/ -->\n<link rel=\"canonical\" href=\"https:\/\/www.apparita.it\/fr\/il-torrente-pavone-i-resti-delle-miniere-di-rame-e-il-masso-delle-fanciulle\/\" \/>\n<meta property=\"og:locale\" content=\"fr_FR\" \/>\n<meta property=\"og:type\" content=\"article\" \/>\n<meta property=\"og:title\" content=\"Rivi\u00e8re Pavone, Masso delle Fanciulle, Mines de Cuivre - Agritourisme Toscane Apparita,Chambres d&#039;hotes,Italie,Piscine\" \/>\n<meta property=\"og:url\" content=\"https:\/\/www.apparita.it\/fr\/il-torrente-pavone-i-resti-delle-miniere-di-rame-e-il-masso-delle-fanciulle\/\" \/>\n<meta property=\"og:site_name\" content=\"Agritourisme Toscane Apparita,Chambres d&#039;hotes,Italie,Piscine\" \/>\n<meta property=\"article:modified_time\" content=\"2015-01-21T13:29:46+00:00\" \/>\n<meta name=\"twitter:label1\" content=\"Dur\u00e9e de lecture est.\">\n\t<meta name=\"twitter:data1\" content=\"1 minute\">\n<script type=\"application\/ld+json\" class=\"yoast-schema-graph\">{\"@context\":\"https:\/\/schema.org\",\"@graph\":[{\"@type\":\"WebSite\",\"@id\":\"https:\/\/www.apparita.it\/#website\",\"url\":\"https:\/\/www.apparita.it\/\",\"name\":\"Agritourisme Toscane Apparita,Chambres d'hotes,Italie,Piscine\",\"description\":\"Agritourisme en Toscane pr&egrave;s de Volterra. Dans l'Houte Maremma, 6 chambres, piscine e plats typiques toscans. Huile\",\"potentialAction\":[{\"@type\":\"SearchAction\",\"target\":\"https:\/\/www.apparita.it\/?s={search_term_string}\",\"query-input\":\"required name=search_term_string\"}],\"inLanguage\":\"fr-FR\"},{\"@type\":\"WebPage\",\"@id\":\"https:\/\/www.apparita.it\/fr\/il-torrente-pavone-i-resti-delle-miniere-di-rame-e-il-masso-delle-fanciulle\/#webpage\",\"url\":\"https:\/\/www.apparita.it\/fr\/il-torrente-pavone-i-resti-delle-miniere-di-rame-e-il-masso-delle-fanciulle\/\",\"name\":\"Rivi\\u00e8re Pavone, Masso delle Fanciulle, Mines de Cuivre - Agritourisme Toscane Apparita,Chambres d'hotes,Italie,Piscine\",\"isPartOf\":{\"@id\":\"https:\/\/www.apparita.it\/#website\"},\"datePublished\":\"2015-01-16T09:31:24+00:00\",\"dateModified\":\"2015-01-21T13:29:46+00:00\",\"breadcrumb\":{\"@id\":\"https:\/\/www.apparita.it\/fr\/il-torrente-pavone-i-resti-delle-miniere-di-rame-e-il-masso-delle-fanciulle\/#breadcrumb\"},\"inLanguage\":\"fr-FR\",\"potentialAction\":[{\"@type\":\"ReadAction\",\"target\":[\"https:\/\/www.apparita.it\/fr\/il-torrente-pavone-i-resti-delle-miniere-di-rame-e-il-masso-delle-fanciulle\/\"]}]},{\"@type\":\"BreadcrumbList\",\"@id\":\"https:\/\/www.apparita.it\/fr\/il-torrente-pavone-i-resti-delle-miniere-di-rame-e-il-masso-delle-fanciulle\/#breadcrumb\",\"itemListElement\":[{\"@type\":\"ListItem\",\"position\":1,\"item\":{\"@type\":\"WebPage\",\"@id\":\"https:\/\/www.apparita.it\/fr\/\",\"url\":\"https:\/\/www.apparita.it\/fr\/\",\"name\":\"Home\"}},{\"@type\":\"ListItem\",\"position\":2,\"item\":{\"@type\":\"WebPage\",\"@id\":\"https:\/\/www.apparita.it\/fr\/il-torrente-pavone-i-resti-delle-miniere-di-rame-e-il-masso-delle-fanciulle\/\",\"url\":\"https:\/\/www.apparita.it\/fr\/il-torrente-pavone-i-resti-delle-miniere-di-rame-e-il-masso-delle-fanciulle\/\",\"name\":\"Rivi\\u00e8re Pavone, Masso delle Fanciulle, Mines de Cuivre\"}}]}]}<\/script>\n<!-- \/ Yoast SEO plugin. -->","_links":{"self":[{"href":"https:\/\/www.apparita.it\/fr\/wp-json\/wp\/v2\/pages\/18215"}],"collection":[{"href":"https:\/\/www.apparita.it\/fr\/wp-json\/wp\/v2\/pages"}],"about":[{"href":"https:\/\/www.apparita.it\/fr\/wp-json\/wp\/v2\/types\/page"}],"author":[{"embeddable":true,"href":"https:\/\/www.apparita.it\/fr\/wp-json\/wp\/v2\/users\/1"}],"replies":[{"embeddable":true,"href":"https:\/\/www.apparita.it\/fr\/wp-json\/wp\/v2\/comments?post=18215"}],"version-history":[{"count":0,"href":"https:\/\/www.apparita.it\/fr\/wp-json\/wp\/v2\/pages\/18215\/revisions"}],"wp:attachment":[{"href":"https:\/\/www.apparita.it\/fr\/wp-json\/wp\/v2\/media?parent=18215"}],"curies":[{"name":"wp","href":"https:\/\/api.w.org\/{rel}","templated":true}]}}