{"id":18042,"date":"2015-01-13T17:32:08","date_gmt":"2015-01-13T16:32:08","guid":{"rendered":"http:\/\/www.apparita.it\/borghi-e-castelli-2\/"},"modified":"2015-02-10T16:50:05","modified_gmt":"2015-02-10T15:50:05","slug":"borghi-e-castelli","status":"publish","type":"page","link":"https:\/\/www.apparita.it\/fr\/borghi-e-castelli\/","title":{"rendered":"Villages et Ch\u00e2teaux"},"content":{"rendered":"<section class='page-content' style=''  ><section class='container'><div class='row' style=''><div class='col-md-12 ' style='' ><section class='heading-bordered'>\r\n                    <h3>Villages et Ch\u00e2teaux<\/h3>\r\n                <\/section><\/div><\/div><\/section><\/section><section class='page-content' style=''  ><section class='container'><div class='row' style=''><div class='col-md-12 ' style='' ><div class='cma-wysiwyg-editor'><p align=\"left\"><a title=\"borgo di san dalmazio\" href=\"http:\/\/www.apparita.it\/san-dalmazio.htm\"><strong><img class=\"alignleft size-medium wp-image-17600\" src=\"http:\/\/www.apparita.it\/wp-content\/uploads\/2014\/05\/borgo-medievale-san-dalmazio-300x300.jpg\" alt=\"borgo-medievale-san-dalmazio\" width=\"200\" \/><\/strong><\/a><strong class=\"verde\">San Dalmazio<\/strong> 700 mt<br \/><br \/>En \u00e9poque m\u00e9dievale le village \u00e9tait un ch\u00e2teau qui appartenait \u00e0 la congr\u00e9gation de r\u00e9ligieuses de S.Dalmazio. On peut visiter les restes de l'enceinte aux formes presque circulaires, les deux portes et l'\u00e9glise romane o\u00f9 se trouve un tabernacle (\u00e9cole de Luca della Robbia).<\/p><p align=\"justify\"><a title=\"Foto San Dalmazio Toscana\" href=\"http:\/\/www.apparita.it\/fr\/san-dalmazio\/\">Voir plus de photos<\/a><\/p><\/div><\/div><\/div><\/section><\/section><section class='page-content' style=''  ><section class='container'><div class='row' style=''><div class='col-md-12 ' style='' ><div class='cma-wysiwyg-editor'><p align=\"left\"><img class=\"alignleft size-medium wp-image-17602\" src=\"http:\/\/www.apparita.it\/wp-content\/uploads\/2014\/05\/pieve-di-san-giovanni-battista-a-san-dalmazio-300x300.jpg\" alt=\"pieve-di-san-giovanni-battista-a-san-dalmazio\" width=\"200\" \/><\/p><p><strong class=\"verde\">Pieve di San Giovanni Battista <\/strong>500 m<br \/><br \/>La Pieve di San Giovanni Battista XII si\u00e8cle garde encore une partie de la fa\u00e7ade en style roman-normand.<\/p><\/div><\/div><\/div><\/section><\/section><section class='page-content' style=''  ><section class='container'><div class='row' style=''><div class='col-md-12 ' style='' ><div class='cma-wysiwyg-editor'><p align=\"left\"><strong><img class=\"alignleft size-medium wp-image-17605\" src=\"http:\/\/www.apparita.it\/wp-content\/uploads\/2014\/05\/rocca-sillana-a-san-dalmazio-21-300x300.jpg\" alt=\"rocca-sillana-a-san-dalmazio-2\" width=\"200\" \/><\/strong><\/p><p style=\"text-align: justify;\" align=\"left\"><span class=\"Stile4\"><strong class=\"verde\">La Rocca Sillana <\/strong>2 km<br \/><br \/><\/span>La Rocca Sillana (XII si\u00e8cle) a 2 km, dominant toute la vall\u00e9, est un des exemples les plus importants de forteresse et d'architecture militaire de la Renaissance, b\u00e2ti pour d\u00e9fendre les mini\u00e8res de cuivre et d'argent qui se trouvaient dans la r\u00e9gion.<\/p><p class=\"Stile4\" align=\"justify\"><a title=\"foto rocca sillana toscana\" href=\"http:\/\/www.apparita.it\/fr\/la-rocca-sillana\/\">Voir plus de photos<\/a><\/p><p align=\"left\">\u00a0<\/p><\/div><\/div><\/div><\/section><\/section><section class='page-content' style=''  ><section class='container'><div class='row' style=''><div class='col-md-12 ' style='' ><div class='cma-wysiwyg-editor'><p align=\"left\"><strong><img class=\"alignleft size-medium wp-image-17605\" src=\"http:\/\/www.apparita.it\/wp-content\/uploads\/2014\/05\/montecastelli-pisano.jpg\" alt=\"rocca-sillana-a-san-dalmazio-2\" width=\"200\" \/><\/strong><\/p><p class=\"Stile4\" style=\"text-align: left;\" align=\"right\"><strong class=\"verde\">Montecastelli Pisano<\/strong> 4 km<br \/><br \/>Village m\u00e9dieval qui est caract\u00e9ris\u00e9 par la grande tour Pannocchieschi quadrangulaire de la m\u00e8me \u00e9poque et par l'\u00e9glise romane des SS Filippo et Jacopo. Pr\u00e8s du cimeti\u00e8re se trouve une tombe \u00e9trusque app\u00e9l\u00e9 \"<a class=\"Stile16\" title=\"buca delle fate\" href=\"http:\/\/www.apparita.it\/fr\/tomba-etrusca-buca-delle-fate\/\" target=\"_blank\">Buca delle Fate<\/a>\"(VI sec. a.c.).<\/p><p class=\"Stile4\" style=\"text-align: left;\" align=\"justify\"><a title=\"foto montecastelli toscana\" href=\"http:\/\/www.apparita.it\/fr\/montecastelli-pisano\/\">Voir plus de photos<\/a>\u00a0<\/p><\/div><\/div><\/div><\/section><\/section><section class='page-content' style=''  ><section class='container'><div class='row' style=''><div class='col-md-12 ' style='' ><div class='cma-wysiwyg-editor'><p align=\"left\"><strong><img class=\"alignleft size-medium wp-image-17605\" src=\"http:\/\/www.apparita.it\/wp-content\/uploads\/2014\/05\/castelnuovo-val-di-cecina1.jpg\" alt=\"Castelnuovo Val di Cecina\" width=\"200\" \/><\/strong><\/p><p align=\"left\"><strong class=\"verde\">Castelnuovo Val di Cecina<\/strong> 12 km<br \/><br \/>Village medieval qui a tr\u00e8s bien conserv\u00e9 la structure \"a grappolo\".<\/p><p><a title=\"foto castelnuovo toscana\" href=\"http:\/\/www.apparita.it\/fr\/castelnuovo-val-di-cecina\/\">Voir plus de photos<\/a><\/p><\/div><\/div><\/div><\/section><\/section><section class='page-content' style=''  ><section class='container'><div class='row' style=''><div class='col-md-12 ' style='' ><div class='cma-wysiwyg-editor'><p align=\"left\"><strong><img class=\"alignleft size-medium wp-image-17605\" src=\"http:\/\/www.apparita.it\/wp-content\/uploads\/2014\/05\/montegemoli.jpg\" alt=\"Montegemoli\" width=\"200\" \/><\/strong><\/p><p class=\"Stile4\"><strong class=\"verde\">Montegemoli<\/strong> 13 km<br \/><br \/>Petit village caract\u00e9ris\u00e9 par le ch\u00e2teau, dont les murs, le centre et une tour ronde sont tr\u00e8s bien conserv\u00e9s. On peut aussi visiter l'\u00e9glise romane de S.Bartolomeo. Ici on produit le pain de Montegemoli que nous servons pour le petit d\u00e9jeuner.<\/p><p class=\"Stile4\" align=\"justify\"><a title=\"foto montegemoli toscana\" href=\"http:\/\/www.apparita.it\/fr\/montegemoli\/\">Voir plus de photos<\/a>\u00a0<\/p><p align=\"justify\">\u00a0<\/p><\/div><\/div><\/div><\/section><\/section><section class='page-content' style=''  ><section class='container'><div class='row' style=''><div class='col-md-12 ' style='' ><div class='cma-wysiwyg-editor'><p align=\"left\"><strong><img class=\"alignleft size-medium wp-image-17605\" src=\"http:\/\/www.apparita.it\/wp-content\/uploads\/2014\/05\/sasso-pisano.jpg\" alt=\"Sasso Pisano\" width=\"200\" \/><\/strong><\/p><p align=\"left\"><strong class=\"verde\">Sasso Pisano<\/strong> 16 km<br \/><br \/>Village structur\u00e9 autour de l'ancien ch\u00e2teau, qui le domine. Aux environs il est interessant d'approcher les nombreuxes fumerolles et les exhalaisons sulfureuses des ph\u00e9nom\u00e8nes g\u00e9othermiques.<\/p><p><a title=\"foto sasso pisano toscana\" href=\"http:\/\/www.apparita.it\/fr\/sasso-pisano\/\">Voir plus de photos<\/a>\u00a0<\/p><\/div><\/div><\/div><\/section><\/section><section class='page-content' style=''  ><section class='container'><div class='row' style=''><div class='col-md-12 ' style='' ><div class='cma-wysiwyg-editor'><p><img class=\"alignleft size-medium wp-image-17605\" src=\"http:\/\/www.apparita.it\/wp-content\/uploads\/2014\/05\/paese-la-leccia.jpg\" alt=\"La Leccia\" width=\"200\" \/><\/p><p><strong class=\"verde\">La Leccia<\/strong> 20 km<br \/><br \/>Bourg m\u00e9di\u00e9val typique, qui garde encore quelques \"maisons tour\".<\/p><p align=\"justify\"><a title=\"foto leccia toscana\" href=\"http:\/\/www.apparita.it\/fr\/la-leccia\/\">Voir plus de photos<\/a><\/p><\/div><\/div><\/div><\/section><\/section><section class='page-content' style=''  ><section class='container'><div class='row' style=''><div class='col-md-12 ' style='' ><div class='cma-wysiwyg-editor'><p><img class=\"alignleft size-medium wp-image-17605\" src=\"http:\/\/www.apparita.it\/wp-content\/uploads\/2014\/05\/panormama-da-micciano.jpg\" alt=\"Micciano\" width=\"200\" \/><\/p><p align=\"left\"><strong class=\"verde\">Micciano<br \/><br \/><\/strong>Ancien bourg qui surgit sur un coteau rocheux et offre un point de vue magnifique.<\/p><p align=\"left\">\u00a0<\/p><\/div><\/div><\/div><\/section><\/section><section class='page-content' style=''  ><section class='container'><div class='row' style=''><div class='col-md-12 ' style='' ><div class='cma-wysiwyg-editor'><p align=\"left\"><strong><img class=\"alignleft size-medium wp-image-17605\" src=\"http:\/\/www.apparita.it\/wp-content\/uploads\/2014\/05\/Libbiano.jpg\" alt=\"Libbiano\" width=\"200\" \/><\/strong><\/p><p><strong class=\"verde\">Libbiano<br \/><br \/><\/strong>Bourg en position dominante sur la campagne des environs qui conserve les ruines du ch\u00e2teau. Le long de la route qui monte \u00e0 Libbiano on peut visiter la solfatare naturelle dans l'endroit appel\u00e9 \"Le Chiuse di Soppresso\".<\/p><p align=\"left\">\u00a0<\/p><\/div><\/div><\/div><\/section><\/section>\n","protected":false},"excerpt":{"rendered":"","protected":false},"author":1,"featured_media":0,"parent":0,"menu_order":0,"comment_status":"closed","ping_status":"open","template":"prezzi.php","meta":[],"yoast_head":"<!-- This site is optimized with the Yoast SEO plugin v16.1.1 - https:\/\/yoast.com\/wordpress\/plugins\/seo\/ -->\n<meta name=\"description\" content=\"Villages et ch\u00e2teaux m\u00e9di\u00e9vaux dans notre r\u00e9gion. Juste \u00e0 2km Rocca Sillana que vous pouvez rejoindre \u00e0 pied ...\" \/>\n<link rel=\"canonical\" href=\"https:\/\/www.apparita.it\/fr\/borghi-e-castelli\/\" \/>\n<meta property=\"og:locale\" content=\"fr_FR\" \/>\n<meta property=\"og:type\" content=\"article\" \/>\n<meta property=\"og:title\" content=\"Villages et Ch\u00e2teaux - San Dalmazio, Rocca Sillana\" \/>\n<meta property=\"og:description\" content=\"Villages et ch\u00e2teaux m\u00e9di\u00e9vaux dans notre r\u00e9gion. Juste \u00e0 2km Rocca Sillana que vous pouvez rejoindre \u00e0 pied ...\" \/>\n<meta property=\"og:url\" content=\"https:\/\/www.apparita.it\/fr\/borghi-e-castelli\/\" \/>\n<meta property=\"og:site_name\" content=\"Agritourisme Toscane Apparita,Chambres d&#039;hotes,Italie,Piscine\" \/>\n<meta property=\"article:modified_time\" content=\"2015-02-10T15:50:05+00:00\" \/>\n<meta name=\"twitter:label1\" content=\"Dur\u00e9e de lecture est.\">\n\t<meta name=\"twitter:data1\" content=\"2 minutes\">\n<script type=\"application\/ld+json\" class=\"yoast-schema-graph\">{\"@context\":\"https:\/\/schema.org\",\"@graph\":[{\"@type\":\"WebSite\",\"@id\":\"https:\/\/www.apparita.it\/#website\",\"url\":\"https:\/\/www.apparita.it\/\",\"name\":\"Agritourisme Toscane Apparita,Chambres d'hotes,Italie,Piscine\",\"description\":\"Agritourisme en Toscane pr&egrave;s de Volterra. Dans l'Houte Maremma, 6 chambres, piscine e plats typiques toscans. Huile\",\"potentialAction\":[{\"@type\":\"SearchAction\",\"target\":\"https:\/\/www.apparita.it\/?s={search_term_string}\",\"query-input\":\"required name=search_term_string\"}],\"inLanguage\":\"fr-FR\"},{\"@type\":\"WebPage\",\"@id\":\"https:\/\/www.apparita.it\/fr\/borghi-e-castelli\/#webpage\",\"url\":\"https:\/\/www.apparita.it\/fr\/borghi-e-castelli\/\",\"name\":\"Villages et Ch\\u00e2teaux - San Dalmazio, Rocca Sillana\",\"isPartOf\":{\"@id\":\"https:\/\/www.apparita.it\/#website\"},\"datePublished\":\"2015-01-13T16:32:08+00:00\",\"dateModified\":\"2015-02-10T15:50:05+00:00\",\"description\":\"Villages et ch\\u00e2teaux m\\u00e9di\\u00e9vaux dans notre r\\u00e9gion. Juste \\u00e0 2km Rocca Sillana que vous pouvez rejoindre \\u00e0 pied ...\",\"breadcrumb\":{\"@id\":\"https:\/\/www.apparita.it\/fr\/borghi-e-castelli\/#breadcrumb\"},\"inLanguage\":\"fr-FR\",\"potentialAction\":[{\"@type\":\"ReadAction\",\"target\":[\"https:\/\/www.apparita.it\/fr\/borghi-e-castelli\/\"]}]},{\"@type\":\"BreadcrumbList\",\"@id\":\"https:\/\/www.apparita.it\/fr\/borghi-e-castelli\/#breadcrumb\",\"itemListElement\":[{\"@type\":\"ListItem\",\"position\":1,\"item\":{\"@type\":\"WebPage\",\"@id\":\"https:\/\/www.apparita.it\/fr\/\",\"url\":\"https:\/\/www.apparita.it\/fr\/\",\"name\":\"Home\"}},{\"@type\":\"ListItem\",\"position\":2,\"item\":{\"@type\":\"WebPage\",\"@id\":\"https:\/\/www.apparita.it\/fr\/borghi-e-castelli\/\",\"url\":\"https:\/\/www.apparita.it\/fr\/borghi-e-castelli\/\",\"name\":\"Villages et Ch\\u00e2teaux\"}}]}]}<\/script>\n<!-- \/ Yoast SEO plugin. -->","_links":{"self":[{"href":"https:\/\/www.apparita.it\/fr\/wp-json\/wp\/v2\/pages\/18042"}],"collection":[{"href":"https:\/\/www.apparita.it\/fr\/wp-json\/wp\/v2\/pages"}],"about":[{"href":"https:\/\/www.apparita.it\/fr\/wp-json\/wp\/v2\/types\/page"}],"author":[{"embeddable":true,"href":"https:\/\/www.apparita.it\/fr\/wp-json\/wp\/v2\/users\/1"}],"replies":[{"embeddable":true,"href":"https:\/\/www.apparita.it\/fr\/wp-json\/wp\/v2\/comments?post=18042"}],"version-history":[{"count":0,"href":"https:\/\/www.apparita.it\/fr\/wp-json\/wp\/v2\/pages\/18042\/revisions"}],"wp:attachment":[{"href":"https:\/\/www.apparita.it\/fr\/wp-json\/wp\/v2\/media?parent=18042"}],"curies":[{"name":"wp","href":"https:\/\/api.w.org\/{rel}","templated":true}]}}