{"id":18036,"date":"2015-01-13T17:31:40","date_gmt":"2015-01-13T16:31:40","guid":{"rendered":"http:\/\/www.apparita.it\/attivita-2\/"},"modified":"2015-05-08T17:49:00","modified_gmt":"2015-05-08T15:49:00","slug":"attivita","status":"publish","type":"page","link":"https:\/\/www.apparita.it\/fr\/attivita\/","title":{"rendered":"Activit\u00e9s"},"content":{"rendered":"<section class='page-content' style=''  ><section class='container'><div class='row' style=''><div class='col-md-12 ' style='' ><section class='heading-bordered'>\r\n                    <h3>Activit\u00e9s<\/h3>\r\n                <\/section><div class='cma-wysiwyg-editor'><h3>Visites guid\u00e9es<\/h3><p class=\"Stile4\" align=\"justify\"><strong class=\"verde\"> <img class=\"alignleft wp-image-17565\" src=\"http:\/\/www.apparita.it\/wp-content\/uploads\/2014\/05\/rocca-sillana-a-san-dalmazio-2-300x300.jpg\" alt=\"fiume-cecina-masso-delle-fanciulle\" width=\"200\" \/> ROCCA SILLANA<\/strong> - Du 25 Avril au 31 mai samedi et dimanche 15h00-19h00, \u00a0a chaque \u00a0heure. Du 1er Juin au 30 Septembre, samedi, dimanche et lundi 16h00-20h00, \u00a0a chaque heure. Ouvertures sp\u00e9ciales: P\u00e2ques, le lundi de P\u00e2ques, 1er mai, 2 juin 15h00-19h00. 15 ao\u00fbt 16h00-20h00. Pour plus d'informations contacter \u00a0+39 0588 62315-39 0588 86 099.<br \/><a href=\"http:\/\/www.volterratur.it\/vieni\/arte-cultura\/castelli-e-pievi\/rocca-sillana\/\" target=\"_blank\"><span style=\"text-decoration: underline;\">www.volterratur.it\/vieni\/arte-cultura\/castelli-e-pievi\/rocca-sillana\/<\/span><\/a> .<\/p><div>\u00a0<\/div><\/div><\/div><\/div><\/section><\/section><section class='page-content' style=''  ><section class='container'><div class='row' style=''><div class='col-md-12 ' style='' ><div class='cma-wysiwyg-editor'><p align=\"justify\"><strong class=\"verde\"><img class=\"alignleft wp-image-17566\" src=\"http:\/\/www.apparita.it\/wp-content\/uploads\/2014\/05\/fumarole-e-putizze-a-sasso-pisano-9-300x300.jpg\" alt=\"fumarole-e-putizze-a-sasso-pisano-9\" width=\"200\" \/><\/strong><\/p><p class=\"Stile4\" align=\"justify\"><strong class=\"verde\"> G\u00c9OTHERMIE <\/strong> - Juillet et Ao\u00fbt tous les jeudis apr\u00e8s-midi, rendez-vous a \u00a016h00 au Mus\u00e9e de la G\u00e9othermie Larderello. Transfert aux manifestations de la g\u00e9othermie \u00e0 Sasso Pisano \u00e0 17h30. Pour informations contacter \u00a0contacter +39 0588 62315-39 0588 86 099.<a href=\"http:\/\/www.volterratur.it\/il-calore-e-lenergia-della-terra\/\" target=\"_blank\"><br \/><span style=\"text-decoration: underline;\">www.volterratur.it\/il-calore-e-lenergia-della-terra\/<\/span><\/a> .<\/p><div>\u00a0<\/div><\/div><\/div><\/div><\/section><\/section><section class='page-content' style=''  ><section class='container'><div class='row' style=''><div class='col-md-12 ' style='' ><div class='cma-wysiwyg-editor'><p class=\"Stile4\" align=\"justify\"><strong class=\"verde\"><img class=\"alignleft wp-image-17567\" src=\"http:\/\/www.apparita.it\/wp-content\/uploads\/2014\/05\/fiume-cecina-masso-delle-fanciulle-300x300.jpg\" alt=\"rocca-sillana-a-san-dalmazio-2\" width=\"200\" \/><\/strong><\/p><p class=\"Stile4\" align=\"justify\"><strong class=\"verde\">MASSO DELLE FANCIULLE<\/strong> - Du 15 Juillet to 31 Ao\u00fbt tous les mardis apr\u00e8s-midi \u00e0 16h00. Pour plus d'informations contacter \u00a0+39 0588 62315-39 0588 86 099. <br \/><a href=\"http:\/\/www.volterratur.it\/il-fiume-cecina-e-il-masso-delle-fanciulle\/\" target=\"_blank\"><span style=\"text-decoration: underline;\">www.volterratur.it\/il-fiume-cecina-e-il-masso-delle-fanciulle\/<\/span><\/a><\/p><\/div><\/div><\/div><\/section><\/section><section class='page-content' style=''  ><section class='container'><div class='row' style=''><div class='col-md-12 ' style='' ><div class='cma-wysiwyg-editor'><h3>Piscina<\/h3><p><img class=\"alignleft size-medium wp-image-17589\" src=\"http:\/\/www.apparita.it\/wp-content\/uploads\/2014\/05\/piscina-attivita.jpg\" alt=\"attivita in agriturismo. Piscina\" width=\"200\" \/>Les jours chauds de l'\u00e9t\u00e9 vous pourrez vous rafra\u00eechir dans notre piscine. Nous avons deux piscines, une pour adultes 12x6 et une pour enfants 4x3 .<\/p><p><strong>WI FI<\/strong>dans toute la zone de la piscine.<span class=\"Stile6\"><img src=\"http:\/\/www.apparita.it\/big\/Wi-Fi.png\" alt=\"wifi\" width=\"25\" height=\"18\" \/><\/span><\/p><p><a href=\"http:\/\/www.apparita.it\/wp-content\/uploads\/2014\/05\/regolamento-piscina-french.pdf\" target=\"_blank\"><span style=\"text-decoration: underline;\">R\u00e8glement de la piscine.<\/span><\/a><\/p><p><br \/><br \/><\/p><div>\u00a0<\/div><\/div><\/div><\/div><\/section><\/section><section class='page-content' style=''  ><section class='container'><div class='row' style=''><div class='col-md-12 ' style='' ><div class='cma-wysiwyg-editor'><h3>Excursions<\/h3><p class=\"Stile4\" align=\"justify\"><strong class=\"verde\"><img class=\"alignleft wp-image-17571\" src=\"http:\/\/www.apparita.it\/wp-content\/uploads\/2014\/05\/escursioni-e-visite-guidate-nella-zona-di-pomarance1-300x300.jpg\" alt=\"escursioni-e-visite-guidate-nella-zona-di-pomarance\" width=\"200\" height=\"150\" \/><\/strong><\/p><p class=\"Stile4\" align=\"justify\">Notre territoire offre la possibilit\u00e9 de faire des excursions, en parcourant des sentiers balis\u00e9es qui permettent d'entrer en contact avec une nature d'une rich\u00e8sse exceptionelle. Les parcours s'etendent aussi dans les r\u00e9serves naturelles de la Haute Vall\u00e9e de Cecina.<\/p><p><a class=\"Didascalia\" href=\"http:\/\/www.volterratur.it\/?s=riserve\" target=\"_blank\"><span style=\"text-decoration: underline;\">www.volterratur.it\/?s=riserve<\/span><\/a><\/p><br \/><div>\u00a0<\/div><\/div><\/div><\/div><\/section><\/section><section class='page-content' style=''  ><section class='container'><div class='row' style=''><div class='col-md-12 ' style='' ><div class='cma-wysiwyg-editor'><h3>Equitation<\/h3><p class=\"Stile4\" align=\"justify\"><strong class=\"verde\"><img class=\"alignleft size-medium wp-image-17575\" src=\"http:\/\/www.apparita.it\/wp-content\/uploads\/2015\/01\/P1160436-300x300.jpg\" alt=\"P1160436\" width=\"200\" \/> <img class=\"alignleft size-medium wp-image-17576\" src=\"http:\/\/www.apparita.it\/wp-content\/uploads\/2015\/01\/5608_101404289871180_6205576_n-300x300.jpg\" alt=\"5608_101404289871180_6205576_n\" width=\"200\" \/> <img class=\"alignleft size-medium wp-image-17577\" src=\"http:\/\/www.apparita.it\/wp-content\/uploads\/2015\/01\/cavallo-escursioni-300x300.jpg\" alt=\"cavallo-escursioni\" width=\"200\" \/> <img class=\"alignleft size-medium wp-image-17578\" src=\"http:\/\/www.apparita.it\/wp-content\/uploads\/2015\/01\/Centro_ippico_di_S.Barbara-300x300.jpg\" alt=\"Centro_ippico_di_S.Barbara\" width=\"200\" \/><\/strong><\/p><p class=\"Stile6\" align=\"justify\"><strong class=\"verde\">Centro Ippico Comunale F.I.S.E \"Santa Barbara\"<\/strong><\/p><p class=\"Stile4\" align=\"justify\">A Pomarance (7 km)on peut faire des promenades \u00e0 cheval et prendre des le\u00e7ons d'\u00e9quitation.<\/p><p class=\"Stile5\" align=\"justify\">Info:<\/p><p class=\"Stile5\" align=\"justify\">Viale San Piero 56045 Pomarance (PI) - Maurizio: 3282167048 email: <a title=\"centro ippico santa barbara\" href=\"mailto:sbarbaracentroippico@libero.it\" target=\"_blank\"><span style=\"text-decoration: underline;\">sbarbaracentroippico@libero.it<\/span><\/a><\/p><p class=\"Stile5\" align=\"justify\">Web Cavallino Monterufolino: <a href=\"http:\/\/www.monterufolino.it\/\" target=\"_blank\"><span style=\"text-decoration: underline;\">www.monterufolino.it<\/span><\/a><\/p><div>\u00a0<\/div><\/div><\/div><\/div><div class='row' style=''><div class='col-md-12 ' style='' ><div class='cma-wysiwyg-editor'><h3>Biolago Geotermico<\/h3><p class=\"Stile4\" align=\"justify\"><strong class=\"verde\"> <img class=\"alignleft size-medium wp-image-17581\" src=\"http:\/\/www.apparita.it\/wp-content\/uploads\/2014\/05\/biolago-300x300.jpg\" alt=\"biolago\" width=\"200\" \/><\/strong><\/p><p>Complesso balneabile alimentato da fonti calde. Calidarium con acqua a 36\u00b0 e idromassaggio e laghetto a temperatura ambiente.<\/p><p><a href=\"http:\/\/www.apparita.it\/fotografie\/Sasso-Pisano-Biolago.pdf\" target=\"_blank\">Locandina PDF<\/a><\/p><p><a href=\"http:\/\/www.biolagosasso.it\/\" target=\"_blank\"><span style=\"text-decoration: underline;\">www.biolagosasso.it<\/span><\/a><\/p><br \/><p class=\"Stile4\" align=\"justify\">\u00a0<\/p><div>\u00a0<\/div><\/div><\/div><\/div><div class='row' style=''><div class='col-md-12 ' style='' ><div class='cma-wysiwyg-editor'><h3>Thermes<\/h3><p align=\"justify\"><img class=\"alignleft size-medium wp-image-17588\" src=\"http:\/\/www.apparita.it\/wp-content\/uploads\/2014\/05\/terme-300x300.jpg\" alt=\"terme\" width=\"200\" \/>A 40 Km du g\u00eete les thermes <strong><a href=\"http:\/\/www.termedicasciana.com\/\" target=\"_blank\">Casciana Terme (PI)<\/a><\/strong> et a 50 Km Venturina (LI) les <strong><a href=\"http:\/\/www.calidario.it\/\" target=\"_blank\">Terme Etrusche del Calidario<\/a><\/strong>.\u00a0<\/p><div>\u00a0<\/div><br \/><\/div><\/div><\/div><div class='row' style=''><div class='col-md-12 ' style='' ><div class='cma-wysiwyg-editor'><h3>Ping Pong e Calcetto<\/h3><p><img class=\"alignleft size-medium wp-image-17589\" src=\"http:\/\/www.apparita.it\/wp-content\/uploads\/2014\/05\/calcetto-e-ping-pong-300x300.jpg\" alt=\"calcetto-e-ping-pong\" width=\"200\" \/>Nous avons un ping pong \u00e0 disposition des h\u00f4tes.<\/p><p><br \/><br \/><\/p><div>\u00a0<\/div><\/div><\/div><\/div><div class='row' style=''><div class='col-md-12 ' style='' ><div class='cma-wysiwyg-editor'><h3>Golf<\/h3><p><img class=\"alignleft size-medium wp-image-17589\" src=\"http:\/\/www.apparita.it\/wp-content\/uploads\/2014\/05\/attivita-nelle-vicinanze-golf.jpg\" alt=\"calcetto-e-ping-pong\" width=\"200\" \/>A Colle Val d'Elsa (SI) 35 km il y a le <strong><a href=\"http:\/\/www.abbadiagolf.com\/\" target=\"_blank\">Golf Club l'Abbadia<\/a><\/strong>.<\/p><p><br \/><br \/><\/p><div>\u00a0<\/div><\/div><\/div><\/div><div class='row' style=''><div class='col-md-12 ' style='' ><div class='cma-wysiwyg-editor'><h3>Parco Avventura<\/h3><p><img class=\"alignleft size-medium wp-image-17589\" src=\"http:\/\/www.apparita.it\/wp-content\/uploads\/2014\/05\/giardino-sospeso-a-riparbella.jpg\" alt=\"calcetto-e-ping-pong\" width=\"200\" \/>A 35 Km de l'agritourisme. (Riparbella)<br \/>Web:\u00a0<strong class=\"verde\"><a href=\"http:\/\/www.ilgiardinosospeso.it\/\" target=\"_blank\"><span style=\"text-decoration: underline;\">www.ilgiardinosospeso.it<\/span><\/a><\/strong><\/p><br \/><p><br \/><br \/><\/p><div>\u00a0<\/div><\/div><\/div><\/div><\/section><\/section>\n","protected":false},"excerpt":{"rendered":"","protected":false},"author":1,"featured_media":0,"parent":0,"menu_order":0,"comment_status":"closed","ping_status":"open","template":"prezzi.php","meta":[],"yoast_head":"<!-- This site is optimized with the Yoast SEO plugin v16.1.1 - https:\/\/yoast.com\/wordpress\/plugins\/seo\/ -->\n<meta name=\"description\" content=\"Des activit\u00e9s telles que des visites guid\u00e9es, randonn\u00e9es, \u00e9quitation que vous pouvez trouver dans une ferme ou \u00e0 proximit\u00e9.\" \/>\n<link rel=\"canonical\" href=\"https:\/\/www.apparita.it\/fr\/attivita\/\" \/>\n<meta property=\"og:locale\" content=\"fr_FR\" \/>\n<meta property=\"og:type\" content=\"article\" \/>\n<meta property=\"og:title\" content=\"Activit\u00e9s - visites guid\u00e9es - randonn\u00e9es - \u00e9quitation\" \/>\n<meta property=\"og:description\" content=\"Des activit\u00e9s telles que des visites guid\u00e9es, randonn\u00e9es, \u00e9quitation que vous pouvez trouver dans une ferme ou \u00e0 proximit\u00e9.\" \/>\n<meta property=\"og:url\" content=\"https:\/\/www.apparita.it\/fr\/attivita\/\" \/>\n<meta property=\"og:site_name\" content=\"Agritourisme Toscane Apparita,Chambres d&#039;hotes,Italie,Piscine\" \/>\n<meta property=\"article:modified_time\" content=\"2015-05-08T15:49:00+00:00\" \/>\n<meta name=\"twitter:label1\" content=\"Dur\u00e9e de lecture est.\">\n\t<meta name=\"twitter:data1\" content=\"1 minute\">\n<script type=\"application\/ld+json\" class=\"yoast-schema-graph\">{\"@context\":\"https:\/\/schema.org\",\"@graph\":[{\"@type\":\"WebSite\",\"@id\":\"https:\/\/www.apparita.it\/#website\",\"url\":\"https:\/\/www.apparita.it\/\",\"name\":\"Agritourisme Toscane Apparita,Chambres d'hotes,Italie,Piscine\",\"description\":\"Agritourisme en Toscane pr&egrave;s de Volterra. Dans l'Houte Maremma, 6 chambres, piscine e plats typiques toscans. Huile\",\"potentialAction\":[{\"@type\":\"SearchAction\",\"target\":\"https:\/\/www.apparita.it\/?s={search_term_string}\",\"query-input\":\"required name=search_term_string\"}],\"inLanguage\":\"fr-FR\"},{\"@type\":\"WebPage\",\"@id\":\"https:\/\/www.apparita.it\/fr\/attivita\/#webpage\",\"url\":\"https:\/\/www.apparita.it\/fr\/attivita\/\",\"name\":\"Activit\\u00e9s - visites guid\\u00e9es - randonn\\u00e9es - \\u00e9quitation\",\"isPartOf\":{\"@id\":\"https:\/\/www.apparita.it\/#website\"},\"datePublished\":\"2015-01-13T16:31:40+00:00\",\"dateModified\":\"2015-05-08T15:49:00+00:00\",\"description\":\"Des activit\\u00e9s telles que des visites guid\\u00e9es, randonn\\u00e9es, \\u00e9quitation que vous pouvez trouver dans une ferme ou \\u00e0 proximit\\u00e9.\",\"breadcrumb\":{\"@id\":\"https:\/\/www.apparita.it\/fr\/attivita\/#breadcrumb\"},\"inLanguage\":\"fr-FR\",\"potentialAction\":[{\"@type\":\"ReadAction\",\"target\":[\"https:\/\/www.apparita.it\/fr\/attivita\/\"]}]},{\"@type\":\"BreadcrumbList\",\"@id\":\"https:\/\/www.apparita.it\/fr\/attivita\/#breadcrumb\",\"itemListElement\":[{\"@type\":\"ListItem\",\"position\":1,\"item\":{\"@type\":\"WebPage\",\"@id\":\"https:\/\/www.apparita.it\/fr\/\",\"url\":\"https:\/\/www.apparita.it\/fr\/\",\"name\":\"Home\"}},{\"@type\":\"ListItem\",\"position\":2,\"item\":{\"@type\":\"WebPage\",\"@id\":\"https:\/\/www.apparita.it\/fr\/attivita\/\",\"url\":\"https:\/\/www.apparita.it\/fr\/attivita\/\",\"name\":\"Activit\\u00e9s\"}}]}]}<\/script>\n<!-- \/ Yoast SEO plugin. -->","_links":{"self":[{"href":"https:\/\/www.apparita.it\/fr\/wp-json\/wp\/v2\/pages\/18036"}],"collection":[{"href":"https:\/\/www.apparita.it\/fr\/wp-json\/wp\/v2\/pages"}],"about":[{"href":"https:\/\/www.apparita.it\/fr\/wp-json\/wp\/v2\/types\/page"}],"author":[{"embeddable":true,"href":"https:\/\/www.apparita.it\/fr\/wp-json\/wp\/v2\/users\/1"}],"replies":[{"embeddable":true,"href":"https:\/\/www.apparita.it\/fr\/wp-json\/wp\/v2\/comments?post=18036"}],"version-history":[{"count":0,"href":"https:\/\/www.apparita.it\/fr\/wp-json\/wp\/v2\/pages\/18036\/revisions"}],"wp:attachment":[{"href":"https:\/\/www.apparita.it\/fr\/wp-json\/wp\/v2\/media?parent=18036"}],"curies":[{"name":"wp","href":"https:\/\/api.w.org\/{rel}","templated":true}]}}