{"id":18030,"date":"2014-12-09T19:15:51","date_gmt":"2014-12-09T18:15:51","guid":{"rendered":"http:\/\/www.apparita.it\/contatti-e-prenotazioni-2\/"},"modified":"2020-01-22T15:34:03","modified_gmt":"2020-01-22T14:34:03","slug":"contatti-e-prenotazioni","status":"publish","type":"page","link":"https:\/\/www.apparita.it\/fr\/contatti-e-prenotazioni\/","title":{"rendered":"Contacts et R\u00e9servations"},"content":{"rendered":"<section class='page-content' style=''  ><section class='container'><div class='row' style=''><div class='col-md-6 ' style='' ><section class='heading-bordered'>\r\n                    <h3>Contacts et R\u00e9servations<\/h3>\r\n                <\/section><div style='margin-bottom: 20px;' class=''><div class='cma-wysiwyg-editor'><p style=\"text-align: left;\">Pour informations appeler les numeros de t\u00e9l\u00e9phone suivant:\u00a0<br \/>Tel.\/Fax : <strong class=\"verde\">+ 39 0588 66085<\/strong> <br \/>Cellulare : <strong class=\"verde\">+ 39 348 7386848<\/strong> <br \/><br \/>Ou envoyer un email a: <strong><a href=\"mailto:info@apparita.it\" target=\"_blank\"><span style=\"text-decoration: underline;\">info@apparita.it<\/span><\/a><\/strong><\/p><\/div><\/div><\/div><div class='col-md-6 fmobile' style='' ><section class='heading-bordered'>\r\n                    <h3>Paiements<\/h3>\r\n                <\/section><div style='margin-top: 20px;' class=''><div class='cma-wysiwyg-editor'><p><strong>Les r\u00e9servations t\u00e9l\u00e9phoniques,par fax ou email sont accept\u00e9es sous r\u00e9serve de la confirmation par l'exp\u00e9dition d'un montant d'harres \u00e8quivalent a 40% du s\u00e9jour (sans frais a notre charge) avec:<br \/><br \/><br \/><\/strong><\/p><p><strong class=\"verde\">Paiement on line de la r\u00e9servation avec carte<\/strong><\/p><form action=\"https:\/\/www.paypal.com\/cgi-bin\/webscr\" method=\"post\" target=\"_top\"><input name=\"cmd\" type=\"hidden\" value=\"_s-xclick\" \/> <input name=\"hosted_button_id\" type=\"hidden\" value=\"2W4685FQRSBBL\" \/> <input alt=\"PayPal - la solution de paiement en ligne la plus simple et la plus s\u00c8curis\u00c8e !\" name=\"submit\" src=\"https:\/\/www.paypal.com\/fr_FR\/FR\/i\/btn\/btn_buynowCC_LG.gif\" type=\"image\" \/> <img src=\"https:\/\/www.paypalobjects.com\/it_IT\/i\/scr\/pixel.gif\" alt=\"\" width=\"1\" height=\"1\" border=\"0\" \/><\/form><br \/><p><strong class=\"verde\"><br \/>Ou virement banquaire:<\/strong><\/p><p>Titulaire du compte: Balzarotti Ambrogio<\/p><p><br \/>INTESA SAN PAOLO - Piazza S.Anna, 2 - 56045 Pomarance (PISA)<\/p><p>IBAN: IT51 S030 6971 1130 0000 0005 900\u00a0<\/p><p><span class=\"verde\">(IT51S0306971113000000005900)<\/span><\/p><p>BIC\/SWIFT:\u00a0<strong>BCITITMM<\/strong><\/p><\/div><\/div><\/div><\/div><\/section><\/section>\n","protected":false},"excerpt":{"rendered":"","protected":false},"author":1,"featured_media":0,"parent":0,"menu_order":0,"comment_status":"closed","ping_status":"open","template":"","meta":[],"yoast_head":"<!-- This site is optimized with the Yoast SEO plugin v16.1.1 - https:\/\/yoast.com\/wordpress\/plugins\/seo\/ -->\n<meta name=\"description\" content=\"Page de contacts et r\u00e9servations. Formulaire de demande d&#039;informations et de d\u00e9tails pour le paiement par virement bancaire et carte de cr\u00e9dit.\" \/>\n<link rel=\"canonical\" href=\"https:\/\/www.apparita.it\/fr\/contatti-e-prenotazioni\/\" \/>\n<meta property=\"og:locale\" content=\"fr_FR\" \/>\n<meta property=\"og:type\" content=\"article\" \/>\n<meta property=\"og:title\" content=\"Contacts et r\u00e9servations - Paiement avec carte ou virement\" \/>\n<meta property=\"og:description\" content=\"Page de contacts et r\u00e9servations. Formulaire de demande d&#039;informations et de d\u00e9tails pour le paiement par virement bancaire et carte de cr\u00e9dit.\" \/>\n<meta property=\"og:url\" content=\"https:\/\/www.apparita.it\/fr\/contatti-e-prenotazioni\/\" \/>\n<meta property=\"og:site_name\" content=\"Agritourisme Toscane Apparita,Chambres d&#039;hotes,Italie,Piscine\" \/>\n<meta property=\"article:modified_time\" content=\"2020-01-22T14:34:03+00:00\" \/>\n<script type=\"application\/ld+json\" class=\"yoast-schema-graph\">{\"@context\":\"https:\/\/schema.org\",\"@graph\":[{\"@type\":\"WebSite\",\"@id\":\"https:\/\/www.apparita.it\/#website\",\"url\":\"https:\/\/www.apparita.it\/\",\"name\":\"Agritourisme Toscane Apparita,Chambres d'hotes,Italie,Piscine\",\"description\":\"Agritourisme en Toscane pr&egrave;s de Volterra. Dans l'Houte Maremma, 6 chambres, piscine e plats typiques toscans. Huile\",\"potentialAction\":[{\"@type\":\"SearchAction\",\"target\":\"https:\/\/www.apparita.it\/?s={search_term_string}\",\"query-input\":\"required name=search_term_string\"}],\"inLanguage\":\"fr-FR\"},{\"@type\":\"WebPage\",\"@id\":\"https:\/\/www.apparita.it\/fr\/contatti-e-prenotazioni\/#webpage\",\"url\":\"https:\/\/www.apparita.it\/fr\/contatti-e-prenotazioni\/\",\"name\":\"Contacts et r\\u00e9servations - Paiement avec carte ou virement\",\"isPartOf\":{\"@id\":\"https:\/\/www.apparita.it\/#website\"},\"datePublished\":\"2014-12-09T18:15:51+00:00\",\"dateModified\":\"2020-01-22T14:34:03+00:00\",\"description\":\"Page de contacts et r\\u00e9servations. Formulaire de demande d'informations et de d\\u00e9tails pour le paiement par virement bancaire et carte de cr\\u00e9dit.\",\"breadcrumb\":{\"@id\":\"https:\/\/www.apparita.it\/fr\/contatti-e-prenotazioni\/#breadcrumb\"},\"inLanguage\":\"fr-FR\",\"potentialAction\":[{\"@type\":\"ReadAction\",\"target\":[\"https:\/\/www.apparita.it\/fr\/contatti-e-prenotazioni\/\"]}]},{\"@type\":\"BreadcrumbList\",\"@id\":\"https:\/\/www.apparita.it\/fr\/contatti-e-prenotazioni\/#breadcrumb\",\"itemListElement\":[{\"@type\":\"ListItem\",\"position\":1,\"item\":{\"@type\":\"WebPage\",\"@id\":\"https:\/\/www.apparita.it\/fr\/\",\"url\":\"https:\/\/www.apparita.it\/fr\/\",\"name\":\"Home\"}},{\"@type\":\"ListItem\",\"position\":2,\"item\":{\"@type\":\"WebPage\",\"@id\":\"https:\/\/www.apparita.it\/fr\/contatti-e-prenotazioni\/\",\"url\":\"https:\/\/www.apparita.it\/fr\/contatti-e-prenotazioni\/\",\"name\":\"Contacts et R\\u00e9servations\"}}]}]}<\/script>\n<!-- \/ Yoast SEO plugin. -->","_links":{"self":[{"href":"https:\/\/www.apparita.it\/fr\/wp-json\/wp\/v2\/pages\/18030"}],"collection":[{"href":"https:\/\/www.apparita.it\/fr\/wp-json\/wp\/v2\/pages"}],"about":[{"href":"https:\/\/www.apparita.it\/fr\/wp-json\/wp\/v2\/types\/page"}],"author":[{"embeddable":true,"href":"https:\/\/www.apparita.it\/fr\/wp-json\/wp\/v2\/users\/1"}],"replies":[{"embeddable":true,"href":"https:\/\/www.apparita.it\/fr\/wp-json\/wp\/v2\/comments?post=18030"}],"version-history":[{"count":1,"href":"https:\/\/www.apparita.it\/fr\/wp-json\/wp\/v2\/pages\/18030\/revisions"}],"predecessor-version":[{"id":19873,"href":"https:\/\/www.apparita.it\/fr\/wp-json\/wp\/v2\/pages\/18030\/revisions\/19873"}],"wp:attachment":[{"href":"https:\/\/www.apparita.it\/fr\/wp-json\/wp\/v2\/media?parent=18030"}],"curies":[{"name":"wp","href":"https:\/\/api.w.org\/{rel}","templated":true}]}}