{"id":18024,"date":"2014-12-11T16:12:12","date_gmt":"2014-12-11T15:12:12","guid":{"rendered":"http:\/\/www.apparita.it\/dicono-di-noi-2\/"},"modified":"2020-01-17T12:29:11","modified_gmt":"2020-01-17T11:29:11","slug":"dicono-di-noi","status":"publish","type":"page","link":"https:\/\/www.apparita.it\/fr\/dicono-di-noi\/","title":{"rendered":"A propos de nous"},"content":{"rendered":"<section class='page-content' style=''  ><section class='container'><div class='row' style=''><div class='col-md-12 ' style='' ><section class='heading-bordered'>\r\n                    <h3>A propos de nous<\/h3>\r\n                <\/section><div style='margin-bottom: 20px;' class=''><div class='cma-wysiwyg-editor'><blockquote><p style=\"text-align: center;\">Nous avons la chance de vivre dans un coin de paradis comme souvent nos h\u00f4tes definissent l'Apparita. Notre plaisir c'est de partager avec vous cette joie au cours de vos vacances.<\/p><\/blockquote><h3 style=\"text-align: center;\"><strong><br \/><strong>Un grand merci \u00e0 vous tous d'avoir choisi Agriturismo Apparita<\/strong><br \/><br \/><\/strong><\/h3><p style=\"text-align: center;\"><img src=\"http:\/\/www.apparita.it\/wp-content\/uploads\/2015\/01\/Famiglia.jpg\" alt=\"noi\" width=\"100%\" \/><\/p><\/div><\/div><div style='margin-top: 40px;margin-bottom: 20px;' class=''><div class='cma-wysiwyg-editor'><p><img style=\"margin-right: 20px;\" src=\"http:\/\/www.apparita.it\/diconodinoi\/locande-Italia-slow-food.gif\" alt=\"selezionato da locande d'italia\" width=\"100\" align=\"left\" \/><\/p><p><span class=\"verde\">Locande d'Italia 2013<\/span><br \/> <br \/>Guida di Slow Food 2013 \"Locande d'Italia\".<\/p><div style=\"height: 120px; display: block;\">\u00a0<\/div><p><img class=\"aligncenter\" style=\"margin-right: 20px;\" src=\"http:\/\/www.apparita.it\/diconodinoi\/touringagriturismo.jpg\" alt=\"touring club\" width=\"100\" align=\"left\" border=\"0\" \/><\/p><p><span class=\"verde\">Selezionati Touring Club dal 2001<\/span><br \/> <br \/><br \/><\/p><br \/><br \/><br \/><br \/><\/div><\/div><div class='cma-wysiwyg-editor'><p><br \/><br \/><\/p><\/div><div style='margin-top: 100px;' class=''><div class='cma-wysiwyg-editor'><table style=\"width: 100% !important;\"><tbody><tr><td align=\"center\" width=\"25%\"><p><a href=\"http:\/\/www.10q.it\/strutture_scheda.php?id=2025&amp;parametri=provincia=PI|ricerca=qci&amp;totrec=25&amp;startRec=12\"><img src=\"http:\/\/www.apparita.it\/diconodinoi\/ospitalita.png\" alt=\"marchio ospitalit\u00e0 italiana\" width=\"161\" height=\"118\" border=\"0\" \/><\/a><\/p><\/td><td align=\"center\" width=\"25%\"><div id=\"TA_certificateOfExcellence643\" class=\"TA_certificateOfExcellence\"><ul id=\"QqqaNGxL6Y\" class=\"TA_links OORC8XQYH\"><li id=\"xXy0HKXv3wt7\" class=\"FppB2DR\"><a href=\"http:\/\/www.tripadvisor.fr\/\" target=\"_blank\"><img id=\"CDSWIDCOELOGO\" class=\"widCOEImg\" src=\"http:\/\/www.tripadvisor.fr\/img\/cdsi\/img2\/awards\/CoE2014_WidgetAsset-14348-2.png\" alt=\"TripAdvisor\" \/><\/a><\/li><\/ul><\/div><script src=\"http:\/\/www.jscache.com\/wejs?wtype=certificateOfExcellence&amp;uniq=643&amp;locationId=254485&amp;lang=fr&amp;year=2013&amp;display_version=2\"><\/script>\u00a0<\/td><td align=\"center\" width=\"25%\"><div id=\"TA_certificateOfExcellence738\" class=\"TA_certificateOfExcellence\"><ul id=\"lTnB5zb\" class=\"TA_links xTMEKS\"><li id=\"eSDARDWY2u\" class=\"3JUt7l\"><a href=\"http:\/\/www.tripadvisor.fr\/\" target=\"_blank\"><img id=\"CDSWIDCOELOGO\" class=\"widCOEImg\" src=\"http:\/\/www.tripadvisor.fr\/img\/cdsi\/img2\/awards\/CoE2014_WidgetAsset-14348-2.png\" alt=\"TripAdvisor\" \/><\/a><\/li><\/ul><\/div><script src=\"http:\/\/www.jscache.com\/wejs?wtype=certificateOfExcellence&amp;uniq=738&amp;locationId=254485&amp;lang=fr&amp;year=2014&amp;display_version=2\"><\/script><\/td><td align=\"center\" width=\"25%\"><div id=\"TA_certificateOfExcellence143\" class=\"TA_certificateOfExcellence\"><ul id=\"lwPV42H\" class=\"TA_links NAnmC9\"><li id=\"9hpb2gcsWem\" class=\"vUOK7F\"><a href=\"http:\/\/www.tripadvisor.fr\/Hotel_Review-g776018-d254485-Reviews-Agriturismo_Apparita-Pomarance_Province_of_Pisa_Tuscany.html\" target=\"_blank\"><img id=\"CDSWIDCOELOGO\" class=\"widCOEImg\" src=\"http:\/\/www.tripadvisor.fr\/img\/cdsi\/img2\/awards\/CoE2015_WidgetAsset-14348-2.png\" alt=\"TripAdvisor\" \/><\/a><\/li><\/ul><\/div><script src=\"http:\/\/www.jscache.com\/wejs?wtype=certificateOfExcellence&amp;uniq=143&amp;locationId=254485&amp;lang=fr&amp;year=2015&amp;display_version=2\"><\/script><\/td><\/tr><\/tbody><\/table><p class=\"Stile10\">Dans cette page vous avez la possibilit\u00e9 de lire les commentaires des ceux qui vous ont pr\u00e9c\u00e9d\u00e9s et si vous le souhaitez, vous pouvez mettre vos impressions pour les h\u00f4tes futurs et nous donner des suggestions pour am\u00e9liorer.<\/p><p class=\"Stile10\">Notre pens\u00e9e prioritaire est celle de vous acceuillir ou mieux pour que vous gardiez un tr\u00e8s bon souvenir de votre s\u00e9jour a l'Apparita.<\/p><\/div><\/div><\/div><\/div><\/section><\/section><section class='page-content' style=''  ><section class='container'><div class='row' style=''><div class='col-md-3 ' style='' ><div class='cma-wysiwyg-editor'><p><iframe src=\"http:\/\/www.apparita.it\/ta_fr.html\" width=\"300\" height=\"130\"><\/iframe><\/p><\/div><\/div><div class='col-md-3 ' style='' ><div class='cma-wysiwyg-editor'><div>\n              <script type=\"text\/javascript\" src=\"http:\/\/www.zoover.it\/gadgets\/getgadget.aspx?gadgetType=12&amp;entid=212832&amp;entlvl=accommodation&amp;isPoi=False\"><\/script>\n              <a style=\"display: block; background-color:#FF5D10;font-size: 11px; font-family: Tahoma; font-weight: bold; line-height: 17px;text-align: center; width: 160px;color:white;text-decoration: underline;\" href=\"http:\/\/www.zoover.it\/italia\/toscana\/san-dalmazio\/agriturismo-apparita\/pensione\" target=\"_blank\"><span style=\"display:block; padding:2px;\">Agriturismo Apparita<\/span><\/a><\/div><\/div><\/div><div class='col-md-3 ' style='' ><div class='cma-wysiwyg-editor'> <p><a href=\"http:\/\/www.agriturismo.it\/badge\/landing?id=8510703\" title=\"Agriturismo.it: Apparita, Pomarance\" ><img src=\"http:\/\/www.agriturismo.it\/badge\/dispatcher?id=8510703&type=1\" title=\"Agriturismi: Apparita, Pomarance\" alt=\"Agriturismi: Apparita, Pomarance\" border=\"0\" \/><\/a><\/p><\/div><\/div><div class='col-md-3 ' style='' ><div class='cma-wysiwyg-editor'><table align=\"center\"><tbody><tr><td><div id=\"CDSWIDWRM\" style=\"margin: 0; padding: 0; width: 170px; border: none; background-color: #589442; overflow: hidden; height: auto; position: relative;\"><div style=\"padding: 13px 11px; background-color: #fff; border: 1px solid #589442; position: relative;\"><div style=\"margin: 3px 0 3px; padding: 0 0 8px; overflow: hidden; border-bottom: 1px solid #CCCCCC; border-top: none; border-left: none; border-right: none; text-align: center;\"><a href=\"http:\/\/www.tripadvisor.fr\/\" target=\"_blank\" rel=\"noopener\"><img style=\"border: none;\" src=\"http:\/\/www.tripadvisor.fr\/img\/cdsi\/img2\/branding\/medium-logo-12096-2.png\" alt=\"TripAdvisor\" \/><\/a><\/div><div style=\"margin: 0; padding: 10px 0 8px; border: none; font: bold 14px Arial,Verdana,Tahoma,'Bitstream Vera Sans',sans-serif; color: #2c2c2c; text-align: center; line-height: normal; letter-spacing: 0;\">Publier un avis sur Agriturismo Apparita<\/div><div style=\"margin: 0px 0 0 0; padding: 6px 0; border: none; background-color: none; white-space: nowrap; text-align: center; margin-left: auto; margin-right: auto; position: relative;\"><input style=\"border: active:border:none; background: url('http:\/\/static.tacdn.com\/img2\/sprites\/yellow-button.png') 0 0 repeat-x #EA9523; cursor: pointer; text-decoration: none; outline: none; font: bold 13px Arial,Tahoma,'Bitstream Vera Sans',sans-serif; color: #000; letter-spacing: 0; vertical-align: center; text-align: center; width: auto; height: 27px; position: relative;\" type=\"button\" value=\"\u00c9crire un avis\" \/><\/div><\/div><\/div><\/td><\/tr><\/tbody><\/table><\/div><\/div><\/div><\/section><\/section>\n","protected":false},"excerpt":{"rendered":"","protected":false},"author":1,"featured_media":0,"parent":0,"menu_order":0,"comment_status":"closed","ping_status":"open","template":"prezzi.php","meta":[],"yoast_head":"<!-- This site is optimized with the Yoast SEO plugin v16.1.1 - https:\/\/yoast.com\/wordpress\/plugins\/seo\/ -->\n<link rel=\"canonical\" href=\"https:\/\/www.apparita.it\/fr\/dicono-di-noi\/\" \/>\n<meta property=\"og:locale\" content=\"fr_FR\" \/>\n<meta property=\"og:type\" content=\"article\" \/>\n<meta property=\"og:title\" content=\"A propos de nous - Agritourisme Toscane Apparita,Chambres d&#039;hotes,Italie,Piscine\" \/>\n<meta property=\"og:url\" content=\"https:\/\/www.apparita.it\/fr\/dicono-di-noi\/\" \/>\n<meta property=\"og:site_name\" content=\"Agritourisme Toscane Apparita,Chambres d&#039;hotes,Italie,Piscine\" \/>\n<meta property=\"article:modified_time\" content=\"2020-01-17T11:29:11+00:00\" \/>\n<script type=\"application\/ld+json\" class=\"yoast-schema-graph\">{\"@context\":\"https:\/\/schema.org\",\"@graph\":[{\"@type\":\"WebSite\",\"@id\":\"https:\/\/www.apparita.it\/#website\",\"url\":\"https:\/\/www.apparita.it\/\",\"name\":\"Agritourisme Toscane Apparita,Chambres d'hotes,Italie,Piscine\",\"description\":\"Agritourisme en Toscane pr&egrave;s de Volterra. Dans l'Houte Maremma, 6 chambres, piscine e plats typiques toscans. Huile\",\"potentialAction\":[{\"@type\":\"SearchAction\",\"target\":\"https:\/\/www.apparita.it\/?s={search_term_string}\",\"query-input\":\"required name=search_term_string\"}],\"inLanguage\":\"fr-FR\"},{\"@type\":\"WebPage\",\"@id\":\"https:\/\/www.apparita.it\/fr\/dicono-di-noi\/#webpage\",\"url\":\"https:\/\/www.apparita.it\/fr\/dicono-di-noi\/\",\"name\":\"A propos de nous - Agritourisme Toscane Apparita,Chambres d'hotes,Italie,Piscine\",\"isPartOf\":{\"@id\":\"https:\/\/www.apparita.it\/#website\"},\"datePublished\":\"2014-12-11T15:12:12+00:00\",\"dateModified\":\"2020-01-17T11:29:11+00:00\",\"breadcrumb\":{\"@id\":\"https:\/\/www.apparita.it\/fr\/dicono-di-noi\/#breadcrumb\"},\"inLanguage\":\"fr-FR\",\"potentialAction\":[{\"@type\":\"ReadAction\",\"target\":[\"https:\/\/www.apparita.it\/fr\/dicono-di-noi\/\"]}]},{\"@type\":\"BreadcrumbList\",\"@id\":\"https:\/\/www.apparita.it\/fr\/dicono-di-noi\/#breadcrumb\",\"itemListElement\":[{\"@type\":\"ListItem\",\"position\":1,\"item\":{\"@type\":\"WebPage\",\"@id\":\"https:\/\/www.apparita.it\/fr\/\",\"url\":\"https:\/\/www.apparita.it\/fr\/\",\"name\":\"Home\"}},{\"@type\":\"ListItem\",\"position\":2,\"item\":{\"@type\":\"WebPage\",\"@id\":\"https:\/\/www.apparita.it\/fr\/dicono-di-noi\/\",\"url\":\"https:\/\/www.apparita.it\/fr\/dicono-di-noi\/\",\"name\":\"A propos de nous\"}}]}]}<\/script>\n<!-- \/ Yoast SEO plugin. -->","_links":{"self":[{"href":"https:\/\/www.apparita.it\/fr\/wp-json\/wp\/v2\/pages\/18024"}],"collection":[{"href":"https:\/\/www.apparita.it\/fr\/wp-json\/wp\/v2\/pages"}],"about":[{"href":"https:\/\/www.apparita.it\/fr\/wp-json\/wp\/v2\/types\/page"}],"author":[{"embeddable":true,"href":"https:\/\/www.apparita.it\/fr\/wp-json\/wp\/v2\/users\/1"}],"replies":[{"embeddable":true,"href":"https:\/\/www.apparita.it\/fr\/wp-json\/wp\/v2\/comments?post=18024"}],"version-history":[{"count":1,"href":"https:\/\/www.apparita.it\/fr\/wp-json\/wp\/v2\/pages\/18024\/revisions"}],"predecessor-version":[{"id":19819,"href":"https:\/\/www.apparita.it\/fr\/wp-json\/wp\/v2\/pages\/18024\/revisions\/19819"}],"wp:attachment":[{"href":"https:\/\/www.apparita.it\/fr\/wp-json\/wp\/v2\/media?parent=18024"}],"curies":[{"name":"wp","href":"https:\/\/api.w.org\/{rel}","templated":true}]}}