{"id":18006,"date":"2015-01-12T16:16:11","date_gmt":"2015-01-12T15:16:11","guid":{"rendered":"http:\/\/www.apparita.it\/il-ristorante-2\/"},"modified":"2015-02-11T12:26:25","modified_gmt":"2015-02-11T11:26:25","slug":"il-ristorante","status":"publish","type":"page","link":"https:\/\/www.apparita.it\/fr\/il-ristorante\/","title":{"rendered":"Le Restaurant"},"content":{"rendered":"<section class='page-content' style=''  ><section class='container'><div class='row' style=''><div class='col-md-12 ' style='' ><section class='heading-bordered'>\r\n                    <h3>Le Restaurant<\/h3>\r\n                <\/section><div class='cma-wysiwyg-editor'><p style=\"text-align: justify;\"><span class=\"Stile10\">Nos h\u00f4tes se r\u00e9galeront avec nos sp\u00e9cialit\u00e9s inspir\u00e9s \u00e0 la <strong class=\"verde\">tradition toscan<\/strong>e. Aux repas du soir nous servons toujours un menu fixe avec hors d'oeuvre, des p\u00e2tes ou une soupe, suivit de viande avec contour de l\u00e9gumes et un dessert.<\/span><br \/><br \/>Pour pr\u00e9parer nos plats, nous aimons respecter les saisons et utiliser au maximum ce que le territoire nous offre avec g\u00e9n\u00e9rosit\u00e9 (les fromages, la charcuterie, le pain de Montegemoli, l\u2019agneau de Pomarance, les haricots, le \u00ab\u00a0farro\u00a0\u00bb). L\u2019ingr\u00e9dient le plus important de notre cuisine est s\u00fbrement l\u2019huile d\u2019olive extra vierge que nous produisons. Les l\u00e9gumes, surtout l\u2019\u00e9t\u00e9, sont de notre jardin potager et les herbes aromatiques, que nous avons de toutes sortes, donnent aux plats un parfum particulier.<\/p><p style=\"text-align: justify;\">Plats sans gluten sur demande\u00a0<strong class=\"verde\">(Gluten free)<\/strong> <img src=\"http:\/\/www.apparita.it\/immagini\/gluten-free.gif\" alt=\"gluten free\" width=\"50\" height=\"50\" align=\"absmiddle\" \/> \u00a0et des plats v\u00e9g\u00e9tariens\u00a0<img src=\"http:\/\/www.apparita.it\/wp-content\/uploads\/2014\/05\/piatti-vegetariani2.png\" alt=\"piatti vegetariani\" width=\"50\" align=\"absmiddle\" \/><\/p><\/div><\/div><\/div><\/section><\/section><section class='page-content' style=''  ><section class='container'><div class='row' style=''><div class='col-md-4 ' style='' ><img src='https:\/\/www.apparita.it\/wp-content\/uploads\/2014\/05\/sala-pranzo-300x300.jpg' class='left' title='sala-pranzo' alt='sala-pranzo' width='300' height='300'\/><div class='clearfix'><\/div><div style='margin-top: 20px;' class=''><img src='https:\/\/www.apparita.it\/wp-content\/uploads\/2014\/05\/preparazione-crespelle-300x300.jpg' class='left' title='preparazione-crespelle' alt='preparazione-crespelle' width='300' height='300'\/><div class='clearfix'><\/div><\/div><\/div><div class='col-md-4 ' style='' ><img src='https:\/\/www.apparita.it\/wp-content\/uploads\/2014\/05\/panzanella2-300x300.jpg' class='left' title='panzanella' alt='panzanella' width='300' height='300'\/><div class='clearfix'><\/div><div style='margin-top: 20px;' class=''><img src='https:\/\/www.apparita.it\/wp-content\/uploads\/2014\/05\/tavola-ristorante2-300x300.jpg' class='left' title='tavola-ristorante' alt='tavola-ristorante' width='300' height='300'\/><div class='clearfix'><\/div><\/div><\/div><div class='col-md-4 ' style='' ><img src='https:\/\/www.apparita.it\/wp-content\/uploads\/2014\/05\/bavette-al-rosmarino2-300x300.jpg' class='left' title='bavette-al-rosmarino' alt='bavette-al-rosmarino' width='300' height='300'\/><div class='clearfix'><\/div><div style='margin-top: 20px;' class=''><img src='https:\/\/www.apparita.it\/wp-content\/uploads\/2014\/05\/panna-cotta-grande1-300x300.jpg' class='left' title='panna-cotta-grande' alt='panna-cotta-grande' width='300' height='300'\/><div class='clearfix'><\/div><\/div><\/div><\/div><div class='row' style=''><div class='col-md-12 ' style='' ><section class='nivoSlider' data-manual='0' data-pause='3000' data-navigation='1' data-pause-hover='1'><img src='https:\/\/www.apparita.it\/wp-content\/uploads\/2014\/05\/panna-cotta-con-coulis-di-lamponi2.jpg' alt='slider image'\/><img src='https:\/\/www.apparita.it\/wp-content\/uploads\/2014\/05\/pici-fatti-in-casa4.jpg' alt='slider image'\/><img src='https:\/\/www.apparita.it\/wp-content\/uploads\/2014\/05\/tortelli-fatti-in-casa4.jpg' alt='slider image'\/><img src='https:\/\/www.apparita.it\/wp-content\/uploads\/2014\/05\/zuppa-di-farro5.jpg' alt='slider image'\/><img src='https:\/\/www.apparita.it\/wp-content\/uploads\/2014\/05\/zuppa-toscana4.jpg' alt='slider image'\/><img src='https:\/\/www.apparita.it\/wp-content\/uploads\/2014\/05\/zucchine-e-pecorino4.jpg' alt='slider image'\/><img src='https:\/\/www.apparita.it\/wp-content\/uploads\/2014\/05\/tortino-di-carciofi4.jpg' alt='slider image'\/><img src='https:\/\/www.apparita.it\/wp-content\/uploads\/2014\/05\/torta-di-fragole4.jpg' alt='slider image'\/><img src='https:\/\/www.apparita.it\/wp-content\/uploads\/2014\/05\/tarte-di-pesche4.jpg' alt='slider image'\/><img src='https:\/\/www.apparita.it\/wp-content\/uploads\/2014\/05\/tagliolini-fatti-in-casa4.jpg' alt='slider image'\/><img src='https:\/\/www.apparita.it\/wp-content\/uploads\/2014\/05\/spaghetti-al-cavolo-nero-e-pecorino4.jpg' alt='slider image'\/><img src='https:\/\/www.apparita.it\/wp-content\/uploads\/2014\/05\/pappardelle-fatte-in-casa4.jpg' alt='slider image'\/><img src='https:\/\/www.apparita.it\/wp-content\/uploads\/2014\/05\/risotto-ai-carciofi5.jpg' alt='slider image'\/><img src='https:\/\/www.apparita.it\/wp-content\/uploads\/2014\/05\/risotto-agli-asparagi4.jpg' alt='slider image'\/><img src='https:\/\/www.apparita.it\/wp-content\/uploads\/2014\/05\/pasta-e-fagioli4.jpg' alt='slider image'\/><img src='https:\/\/www.apparita.it\/wp-content\/uploads\/2014\/05\/radicchio-marinato-e-ricotta-alle-erbe4.jpg' alt='slider image'\/><img src='https:\/\/www.apparita.it\/wp-content\/uploads\/2014\/05\/pappardelle-del-cerreto-al-ragu-di-coniglio3.jpg' alt='slider image'\/><img src='https:\/\/www.apparita.it\/wp-content\/uploads\/2014\/05\/gnocchi-di-patate-fatti-in-casa4.jpg' alt='slider image'\/><img src='https:\/\/www.apparita.it\/wp-content\/uploads\/2014\/05\/panzanella5.jpg' alt='slider image'\/><img src='https:\/\/www.apparita.it\/wp-content\/uploads\/2014\/05\/gnudi-al-burro-e-salvia3.jpg' alt='slider image'\/><img src='https:\/\/www.apparita.it\/wp-content\/uploads\/2014\/05\/focaccia-al-rosmarino-e-al-pomodoro-e-fiori-di-zucca4.jpg' alt='slider image'\/><img src='https:\/\/www.apparita.it\/wp-content\/uploads\/2014\/05\/fiorentina-alla-brace4.jpg' alt='slider image'\/><img src='https:\/\/www.apparita.it\/wp-content\/uploads\/2014\/05\/crostata-di-ricotta-e-miele4.jpg' alt='slider image'\/><img src='https:\/\/www.apparita.it\/wp-content\/uploads\/2014\/05\/crespelle-alla-fiorentina4.jpg' alt='slider image'\/><img src='https:\/\/www.apparita.it\/wp-content\/uploads\/2014\/05\/crespelle5.jpg' alt='slider image'\/><img src='https:\/\/www.apparita.it\/wp-content\/uploads\/2014\/05\/carpaccio-di-zucchine3.jpg' alt='slider image'\/><img src='https:\/\/www.apparita.it\/wp-content\/uploads\/2014\/05\/caprese3.jpg' alt='slider image'\/><img src='https:\/\/www.apparita.it\/wp-content\/uploads\/2014\/05\/cappelletti-alla-pappa-al-pomodoro4.jpg' alt='slider image'\/><img src='https:\/\/www.apparita.it\/wp-content\/uploads\/2014\/05\/bruschette-al-pomodoro3.jpg' alt='slider image'\/><img src='https:\/\/www.apparita.it\/wp-content\/uploads\/2014\/05\/bavette-al-rosmarino5.jpg' alt='slider image'\/><img src='https:\/\/www.apparita.it\/wp-content\/uploads\/2014\/05\/bavarese-ai-cantucci-e-salsa-al-vin-santo5.jpg' alt='slider image'\/><\/section><\/div><\/div><\/section><\/section>\n","protected":false},"excerpt":{"rendered":"","protected":false},"author":1,"featured_media":0,"parent":0,"menu_order":0,"comment_status":"closed","ping_status":"open","template":"","meta":[],"yoast_head":"<!-- This site is optimized with the Yoast SEO plugin v16.1.1 - https:\/\/yoast.com\/wordpress\/plugins\/seo\/ -->\n<meta name=\"description\" content=\"Sp\u00e9cialit\u00e9s inspir\u00e9s \u00e0 la tradition toscane. Aux repas du soir nous servons toujours un menu fixe.\" \/>\n<link rel=\"canonical\" href=\"https:\/\/www.apparita.it\/fr\/il-ristorante\/\" \/>\n<meta property=\"og:locale\" content=\"fr_FR\" \/>\n<meta property=\"og:type\" content=\"article\" \/>\n<meta property=\"og:title\" content=\"Le Restaurant - Plats typiques Toscans - Demi-pension\" \/>\n<meta property=\"og:description\" content=\"Sp\u00e9cialit\u00e9s inspir\u00e9s \u00e0 la tradition toscane. Aux repas du soir nous servons toujours un menu fixe.\" \/>\n<meta property=\"og:url\" content=\"https:\/\/www.apparita.it\/fr\/il-ristorante\/\" \/>\n<meta property=\"og:site_name\" content=\"Agritourisme Toscane Apparita,Chambres d&#039;hotes,Italie,Piscine\" \/>\n<meta property=\"article:modified_time\" content=\"2015-02-11T11:26:25+00:00\" \/>\n<meta name=\"twitter:label1\" content=\"Dur\u00e9e de lecture est.\">\n\t<meta name=\"twitter:data1\" content=\"1 minute\">\n<script type=\"application\/ld+json\" class=\"yoast-schema-graph\">{\"@context\":\"https:\/\/schema.org\",\"@graph\":[{\"@type\":\"WebSite\",\"@id\":\"https:\/\/www.apparita.it\/#website\",\"url\":\"https:\/\/www.apparita.it\/\",\"name\":\"Agritourisme Toscane Apparita,Chambres d'hotes,Italie,Piscine\",\"description\":\"Agritourisme en Toscane pr&egrave;s de Volterra. Dans l'Houte Maremma, 6 chambres, piscine e plats typiques toscans. Huile\",\"potentialAction\":[{\"@type\":\"SearchAction\",\"target\":\"https:\/\/www.apparita.it\/?s={search_term_string}\",\"query-input\":\"required name=search_term_string\"}],\"inLanguage\":\"fr-FR\"},{\"@type\":\"WebPage\",\"@id\":\"https:\/\/www.apparita.it\/fr\/il-ristorante\/#webpage\",\"url\":\"https:\/\/www.apparita.it\/fr\/il-ristorante\/\",\"name\":\"Le Restaurant - Plats typiques Toscans - Demi-pension\",\"isPartOf\":{\"@id\":\"https:\/\/www.apparita.it\/#website\"},\"datePublished\":\"2015-01-12T15:16:11+00:00\",\"dateModified\":\"2015-02-11T11:26:25+00:00\",\"description\":\"Sp\\u00e9cialit\\u00e9s inspir\\u00e9s \\u00e0 la tradition toscane. Aux repas du soir nous servons toujours un menu fixe.\",\"breadcrumb\":{\"@id\":\"https:\/\/www.apparita.it\/fr\/il-ristorante\/#breadcrumb\"},\"inLanguage\":\"fr-FR\",\"potentialAction\":[{\"@type\":\"ReadAction\",\"target\":[\"https:\/\/www.apparita.it\/fr\/il-ristorante\/\"]}]},{\"@type\":\"BreadcrumbList\",\"@id\":\"https:\/\/www.apparita.it\/fr\/il-ristorante\/#breadcrumb\",\"itemListElement\":[{\"@type\":\"ListItem\",\"position\":1,\"item\":{\"@type\":\"WebPage\",\"@id\":\"https:\/\/www.apparita.it\/fr\/\",\"url\":\"https:\/\/www.apparita.it\/fr\/\",\"name\":\"Home\"}},{\"@type\":\"ListItem\",\"position\":2,\"item\":{\"@type\":\"WebPage\",\"@id\":\"https:\/\/www.apparita.it\/fr\/il-ristorante\/\",\"url\":\"https:\/\/www.apparita.it\/fr\/il-ristorante\/\",\"name\":\"Le Restaurant\"}}]}]}<\/script>\n<!-- \/ Yoast SEO plugin. -->","_links":{"self":[{"href":"https:\/\/www.apparita.it\/fr\/wp-json\/wp\/v2\/pages\/18006"}],"collection":[{"href":"https:\/\/www.apparita.it\/fr\/wp-json\/wp\/v2\/pages"}],"about":[{"href":"https:\/\/www.apparita.it\/fr\/wp-json\/wp\/v2\/types\/page"}],"author":[{"embeddable":true,"href":"https:\/\/www.apparita.it\/fr\/wp-json\/wp\/v2\/users\/1"}],"replies":[{"embeddable":true,"href":"https:\/\/www.apparita.it\/fr\/wp-json\/wp\/v2\/comments?post=18006"}],"version-history":[{"count":0,"href":"https:\/\/www.apparita.it\/fr\/wp-json\/wp\/v2\/pages\/18006\/revisions"}],"wp:attachment":[{"href":"https:\/\/www.apparita.it\/fr\/wp-json\/wp\/v2\/media?parent=18006"}],"curies":[{"name":"wp","href":"https:\/\/api.w.org\/{rel}","templated":true}]}}