{"id":17975,"date":"2015-01-13T13:00:30","date_gmt":"2015-01-13T12:00:30","guid":{"rendered":"http:\/\/www.apparita.it\/camera-2-2\/"},"modified":"2021-01-26T15:49:38","modified_gmt":"2021-01-26T14:49:38","slug":"camera-2","status":"publish","type":"page","link":"https:\/\/www.apparita.it\/fr\/camera-2\/","title":{"rendered":"Chambre 2"},"content":{"rendered":"<section class='page-content' style=''  ><section class='container'><div class='row' style=''><div class='col-md-12 ' style='' ><section class='heading-bordered'>\r\n                    <h3>Chambre 2<\/h3>\r\n                <\/section><div class='cma-wysiwyg-editor'><p style=\"text-align: justify;\">Grande chambre avec lit double, un lit simple et un canap\u00e9-lit (140 cm) et salle de bain avec douche et baignoire, carrelage en terre cuite , poutres et chevrons apparents, terrasse donnant sur le jardin avec vue sur les oliviers et les collines environnantes expos\u00e9 a SW.<\/p><p>La chambre est \u00e9quip\u00e9 de:<\/p><p style=\"text-align: justify;\">- Salle de bains avec douche, baignoire, WC, bidet, s\u00e8che-cheveux, miroir de maquillage, set de toilette.<\/p><p style=\"text-align: justify;\">- Minibar.<\/p><p>- Microwave.<\/p><p style=\"text-align: justify;\">- TV par satellite.<\/p><p style=\"text-align: justify;\">- <strong class=\"verde\">WIFI gratuit \u00a0<\/strong><img src=\"http:\/\/www.apparita.it\/big\/Wi-Fi.png\" alt=\"wifi\" width=\"25\" height=\"18\" \/><\/p><p style=\"text-align: justify;\">- Thermostat pour la r\u00e9gulation ind\u00e9pendante de la temp\u00e9rature de chauffage.<\/p><p style=\"text-align: justify;\">- Terrasse \u00e9quip\u00e9e avec table, chaises et chaises longues et en \u00e9t\u00e9 ombrag\u00e9 avec pergola<\/p><p>Chambre non- fumeur<\/p><p style=\"text-align: justify;\"><img class=\"alignnone size-full wp-image-19527\" src=\"https:\/\/www.apparita.it\/wp-content\/uploads\/2014\/05\/Apparita_5.jpg\" alt=\"Apparita_5\" width=\"2784\" height=\"1856\" \/><\/p><\/div><\/div><\/div><\/section><\/section><section class='page-content' style=''  ><section class='container'><div class='row' style=''><div class='col-md-6 ' style='' ><img src='https:\/\/www.apparita.it\/wp-content\/uploads\/2014\/05\/Apparita_8-1024x1024.jpg' class='left' title='Apparita_8' alt='Apparita_8' width='600' height='600'\/><div class='clearfix'><\/div><\/div><div class='col-md-6 ' style='' ><img src='https:\/\/www.apparita.it\/wp-content\/uploads\/2014\/05\/Apparita_9-1024x1024.jpg' class='left' title='Apparita_9' alt='Apparita_9' width='600' height='600'\/><div class='clearfix'><\/div><\/div><\/div><\/section><\/section>\n","protected":false},"excerpt":{"rendered":"","protected":false},"author":1,"featured_media":0,"parent":0,"menu_order":0,"comment_status":"closed","ping_status":"open","template":"","meta":[],"yoast_head":"<!-- This site is optimized with the Yoast SEO plugin v16.1.1 - https:\/\/yoast.com\/wordpress\/plugins\/seo\/ -->\n<link rel=\"canonical\" href=\"https:\/\/www.apparita.it\/fr\/camera-2\/\" \/>\n<meta property=\"og:locale\" content=\"fr_FR\" \/>\n<meta property=\"og:type\" content=\"article\" \/>\n<meta property=\"og:title\" content=\"Chambre 2 - Grande chambre avec un lit double et un lit simple\" \/>\n<meta property=\"og:url\" content=\"https:\/\/www.apparita.it\/fr\/camera-2\/\" \/>\n<meta property=\"og:site_name\" content=\"Agritourisme Toscane Apparita,Chambres d&#039;hotes,Italie,Piscine\" \/>\n<meta property=\"article:modified_time\" content=\"2021-01-26T14:49:38+00:00\" \/>\n<meta name=\"twitter:label1\" content=\"Dur\u00e9e de lecture est.\">\n\t<meta name=\"twitter:data1\" content=\"1 minute\">\n<script type=\"application\/ld+json\" class=\"yoast-schema-graph\">{\"@context\":\"https:\/\/schema.org\",\"@graph\":[{\"@type\":\"WebSite\",\"@id\":\"https:\/\/www.apparita.it\/#website\",\"url\":\"https:\/\/www.apparita.it\/\",\"name\":\"Agritourisme Toscane Apparita,Chambres d'hotes,Italie,Piscine\",\"description\":\"Agritourisme en Toscane pr&egrave;s de Volterra. Dans l'Houte Maremma, 6 chambres, piscine e plats typiques toscans. Huile\",\"potentialAction\":[{\"@type\":\"SearchAction\",\"target\":\"https:\/\/www.apparita.it\/?s={search_term_string}\",\"query-input\":\"required name=search_term_string\"}],\"inLanguage\":\"fr-FR\"},{\"@type\":\"WebPage\",\"@id\":\"https:\/\/www.apparita.it\/fr\/camera-2\/#webpage\",\"url\":\"https:\/\/www.apparita.it\/fr\/camera-2\/\",\"name\":\"Chambre 2 - Grande chambre avec un lit double et un lit simple\",\"isPartOf\":{\"@id\":\"https:\/\/www.apparita.it\/#website\"},\"datePublished\":\"2015-01-13T12:00:30+00:00\",\"dateModified\":\"2021-01-26T14:49:38+00:00\",\"breadcrumb\":{\"@id\":\"https:\/\/www.apparita.it\/fr\/camera-2\/#breadcrumb\"},\"inLanguage\":\"fr-FR\",\"potentialAction\":[{\"@type\":\"ReadAction\",\"target\":[\"https:\/\/www.apparita.it\/fr\/camera-2\/\"]}]},{\"@type\":\"BreadcrumbList\",\"@id\":\"https:\/\/www.apparita.it\/fr\/camera-2\/#breadcrumb\",\"itemListElement\":[{\"@type\":\"ListItem\",\"position\":1,\"item\":{\"@type\":\"WebPage\",\"@id\":\"https:\/\/www.apparita.it\/fr\/\",\"url\":\"https:\/\/www.apparita.it\/fr\/\",\"name\":\"Home\"}},{\"@type\":\"ListItem\",\"position\":2,\"item\":{\"@type\":\"WebPage\",\"@id\":\"https:\/\/www.apparita.it\/fr\/camera-2\/\",\"url\":\"https:\/\/www.apparita.it\/fr\/camera-2\/\",\"name\":\"Chambre 2\"}}]}]}<\/script>\n<!-- \/ Yoast SEO plugin. -->","_links":{"self":[{"href":"https:\/\/www.apparita.it\/fr\/wp-json\/wp\/v2\/pages\/17975"}],"collection":[{"href":"https:\/\/www.apparita.it\/fr\/wp-json\/wp\/v2\/pages"}],"about":[{"href":"https:\/\/www.apparita.it\/fr\/wp-json\/wp\/v2\/types\/page"}],"author":[{"embeddable":true,"href":"https:\/\/www.apparita.it\/fr\/wp-json\/wp\/v2\/users\/1"}],"replies":[{"embeddable":true,"href":"https:\/\/www.apparita.it\/fr\/wp-json\/wp\/v2\/comments?post=17975"}],"version-history":[{"count":1,"href":"https:\/\/www.apparita.it\/fr\/wp-json\/wp\/v2\/pages\/17975\/revisions"}],"predecessor-version":[{"id":19981,"href":"https:\/\/www.apparita.it\/fr\/wp-json\/wp\/v2\/pages\/17975\/revisions\/19981"}],"wp:attachment":[{"href":"https:\/\/www.apparita.it\/fr\/wp-json\/wp\/v2\/media?parent=17975"}],"curies":[{"name":"wp","href":"https:\/\/api.w.org\/{rel}","templated":true}]}}