{"id":17923,"date":"2014-12-10T16:42:05","date_gmt":"2014-12-10T15:42:05","guid":{"rendered":"http:\/\/www.apparita.it\/l-orto-2\/"},"modified":"2020-11-27T15:17:26","modified_gmt":"2020-11-27T14:17:26","slug":"l-orto","status":"publish","type":"page","link":"https:\/\/www.apparita.it\/fr\/l-orto\/","title":{"rendered":"Le Jardin Potager"},"content":{"rendered":"<section class='page-content' style=''  ><section class='container'><div class='row' style=''><div class='col-md-12 ' style='' ><section class='heading-bordered'>\r\n                    <h3>Le Jardin Potager<\/h3>\r\n                <\/section><div class='cma-wysiwyg-editor'><p>Nous aimons faire pousser des l\u00e9gumes et manger des l\u00e9gumes fra\u00eechement cueillis.<\/p><br \/><\/div><\/div><\/div><\/section><\/section><section class='page-content' style=''  ><section class='container'><div class='row' style=''><div class='col-md-4 ' style='' ><img src='https:\/\/www.apparita.it\/wp-content\/uploads\/2014\/05\/fiori-zucca-1024x1024.jpg' class='left' title='Agriturismo Apparita - il nostro orto' alt='Agriturismo Apparita - il nostro orto' width='600' height='600'\/><div class='clearfix'><\/div><\/div><div class='col-md-4 ' style='' ><img src='https:\/\/www.apparita.it\/wp-content\/uploads\/2014\/05\/insalata-dell-orto-1024x1024.jpg' class='left' title='Agriturismo Apparita - il nostro orto' alt='Agriturismo Apparita - il nostro orto' width='600' height='600'\/><div class='clearfix'><\/div><\/div><div class='col-md-4 ' style='' ><img src='https:\/\/www.apparita.it\/wp-content\/uploads\/2014\/05\/melanzane-dell-orto-1024x1024.jpg' class='left' title='Agriturismo Apparita - il nostro orto' alt='Agriturismo Apparita - il nostro orto' width='600' height='600'\/><div class='clearfix'><\/div><\/div><\/div><div class='row' style=''><div class='col-md-4 ' style='' ><img src='https:\/\/www.apparita.it\/wp-content\/uploads\/2014\/05\/carciofi1-1024x1024.jpg' class='left' title='Agriturismo Apparita - il nostro orto' alt='Agriturismo Apparita - il nostro orto' width='600' height='600'\/><div class='clearfix'><\/div><\/div><div class='col-md-4 ' style='' ><img src='https:\/\/www.apparita.it\/wp-content\/uploads\/2014\/05\/pomodori-ancora-verdi1-1024x1024.jpg' class='left' title='Agriturismo Apparita - il nostro orto' alt='Agriturismo Apparita - il nostro orto' width='600' height='600'\/><div class='clearfix'><\/div><\/div><div class='col-md-4 ' style='' ><img src='https:\/\/www.apparita.it\/wp-content\/uploads\/2014\/05\/fagioli-dell-orto1-1024x1024.jpg' class='left' title='Agriturismo Apparita - il nostro orto' alt='Agriturismo Apparita - il nostro orto' width='600' height='600'\/><div class='clearfix'><\/div><\/div><\/div><div class='row' style=''><div class='col-md-4 ' style='' ><img src='https:\/\/www.apparita.it\/wp-content\/uploads\/2014\/05\/zucchine-dell-orto2-1024x1024.jpg' class='left' title='Agriturismo Apparita - il nostro orto' alt='Agriturismo Apparita - il nostro orto' width='600' height='600'\/><div class='clearfix'><\/div><\/div><div class='col-md-4 ' style='' ><img src='https:\/\/www.apparita.it\/wp-content\/uploads\/2014\/05\/pomodori1-1024x1024.jpg' class='left' title='Agriturismo Apparita - il nostro orto' alt='Agriturismo Apparita - il nostro orto' width='600' height='600'\/><div class='clearfix'><\/div><\/div><div class='col-md-4 ' style='' ><img src='https:\/\/www.apparita.it\/wp-content\/uploads\/2014\/05\/orto1-1024x1024.jpg' class='left' title='Agriturismo Apparita - il nostro orto' alt='Agriturismo Apparita - il nostro orto' width='600' height='600'\/><div class='clearfix'><\/div><\/div><\/div><\/section><\/section>\n","protected":false},"excerpt":{"rendered":"","protected":false},"author":1,"featured_media":0,"parent":0,"menu_order":0,"comment_status":"closed","ping_status":"open","template":"","meta":[],"yoast_head":"<!-- This site is optimized with the Yoast SEO plugin v16.1.1 - https:\/\/yoast.com\/wordpress\/plugins\/seo\/ -->\n<link rel=\"canonical\" href=\"https:\/\/www.apparita.it\/fr\/l-orto\/\" \/>\n<meta property=\"og:locale\" content=\"fr_FR\" \/>\n<meta property=\"og:type\" content=\"article\" \/>\n<meta property=\"og:title\" content=\"Le Jardin Potager - Agritourisme Toscane Apparita,Chambres d&#039;hotes,Italie,Piscine\" \/>\n<meta property=\"og:url\" content=\"https:\/\/www.apparita.it\/fr\/l-orto\/\" \/>\n<meta property=\"og:site_name\" content=\"Agritourisme Toscane Apparita,Chambres d&#039;hotes,Italie,Piscine\" \/>\n<meta property=\"article:modified_time\" content=\"2020-11-27T14:17:26+00:00\" \/>\n<meta name=\"twitter:label1\" content=\"Dur\u00e9e de lecture est.\">\n\t<meta name=\"twitter:data1\" content=\"1 minute\">\n<script type=\"application\/ld+json\" class=\"yoast-schema-graph\">{\"@context\":\"https:\/\/schema.org\",\"@graph\":[{\"@type\":\"WebSite\",\"@id\":\"https:\/\/www.apparita.it\/#website\",\"url\":\"https:\/\/www.apparita.it\/\",\"name\":\"Agritourisme Toscane Apparita,Chambres d'hotes,Italie,Piscine\",\"description\":\"Agritourisme en Toscane pr&egrave;s de Volterra. Dans l'Houte Maremma, 6 chambres, piscine e plats typiques toscans. Huile\",\"potentialAction\":[{\"@type\":\"SearchAction\",\"target\":\"https:\/\/www.apparita.it\/?s={search_term_string}\",\"query-input\":\"required name=search_term_string\"}],\"inLanguage\":\"fr-FR\"},{\"@type\":\"WebPage\",\"@id\":\"https:\/\/www.apparita.it\/fr\/l-orto\/#webpage\",\"url\":\"https:\/\/www.apparita.it\/fr\/l-orto\/\",\"name\":\"Le Jardin Potager - Agritourisme Toscane Apparita,Chambres d'hotes,Italie,Piscine\",\"isPartOf\":{\"@id\":\"https:\/\/www.apparita.it\/#website\"},\"datePublished\":\"2014-12-10T15:42:05+00:00\",\"dateModified\":\"2020-11-27T14:17:26+00:00\",\"breadcrumb\":{\"@id\":\"https:\/\/www.apparita.it\/fr\/l-orto\/#breadcrumb\"},\"inLanguage\":\"fr-FR\",\"potentialAction\":[{\"@type\":\"ReadAction\",\"target\":[\"https:\/\/www.apparita.it\/fr\/l-orto\/\"]}]},{\"@type\":\"BreadcrumbList\",\"@id\":\"https:\/\/www.apparita.it\/fr\/l-orto\/#breadcrumb\",\"itemListElement\":[{\"@type\":\"ListItem\",\"position\":1,\"item\":{\"@type\":\"WebPage\",\"@id\":\"https:\/\/www.apparita.it\/fr\/\",\"url\":\"https:\/\/www.apparita.it\/fr\/\",\"name\":\"Home\"}},{\"@type\":\"ListItem\",\"position\":2,\"item\":{\"@type\":\"WebPage\",\"@id\":\"https:\/\/www.apparita.it\/fr\/l-orto\/\",\"url\":\"https:\/\/www.apparita.it\/fr\/l-orto\/\",\"name\":\"Le Jardin Potager\"}}]}]}<\/script>\n<!-- \/ Yoast SEO plugin. -->","_links":{"self":[{"href":"https:\/\/www.apparita.it\/fr\/wp-json\/wp\/v2\/pages\/17923"}],"collection":[{"href":"https:\/\/www.apparita.it\/fr\/wp-json\/wp\/v2\/pages"}],"about":[{"href":"https:\/\/www.apparita.it\/fr\/wp-json\/wp\/v2\/types\/page"}],"author":[{"embeddable":true,"href":"https:\/\/www.apparita.it\/fr\/wp-json\/wp\/v2\/users\/1"}],"replies":[{"embeddable":true,"href":"https:\/\/www.apparita.it\/fr\/wp-json\/wp\/v2\/comments?post=17923"}],"version-history":[{"count":1,"href":"https:\/\/www.apparita.it\/fr\/wp-json\/wp\/v2\/pages\/17923\/revisions"}],"predecessor-version":[{"id":19938,"href":"https:\/\/www.apparita.it\/fr\/wp-json\/wp\/v2\/pages\/17923\/revisions\/19938"}],"wp:attachment":[{"href":"https:\/\/www.apparita.it\/fr\/wp-json\/wp\/v2\/media?parent=17923"}],"curies":[{"name":"wp","href":"https:\/\/api.w.org\/{rel}","templated":true}]}}