{"id":934,"date":"2014-05-08T10:46:30","date_gmt":"2014-05-08T10:46:30","guid":{"rendered":"http:\/\/127.0.0.1\/elvyre\/home-2\/"},"modified":"2023-01-19T11:46:10","modified_gmt":"2023-01-19T10:46:10","slug":"home","status":"publish","type":"page","link":"https:\/\/www.apparita.it\/de\/","title":{"rendered":"Home"},"content":{"rendered":"<section class='page-content' style=''  ><section class='container'><div class='row' style=''><div class='col-md-12 ' style='margin-top:-30px;' ><div class='cma-wysiwyg-editor'><p><img class=\"size-medium wp-image-19847 aligncenter\" src=\"https:\/\/www.apparita.it\/wp-content\/uploads\/2020\/01\/girasoli.png\" alt=\"\" width=\"200\" \/><\/p><br><br><\/div><div class='cma-wysiwyg-editor'><p style=\"text-align: center; text-transform: uppercase !important;\"><span class=\"verde\">EIN URLAUB BEI UNS BEDEUTET VORALLEM ERHOLUNG FUER K\u00d6RPER UND GEIST, ENTDECKUNG EINER FAST UNBEKANNTEN TOSKANA MIT IHREN KULINARISCHEN SPEZIALIT\u00c4TEN INMITTEN EINER UNBER\u00dcHRTEN NATUR<\/span><\/p><p style=\"text-align: justify;\"><a href=\"http:\/\/www.apparita.it\/wp-content\/uploads\/2014\/05\/home2.jpg\"><img class=\"alignleft wp-image-17092 size-medium\" src=\"https:\/\/www.apparita.it\/wp-content\/uploads\/2014\/05\/Apparita_300x300.jpg\" alt=\"Agriturismo Apparita\" width=\"300\" height=\"300\" \/><\/a><\/p><p class=\"p1\" style=\"text-align: justify;\">Eine \"paradiesische Ecke\" bezeichnen die G\u00e4ste oft unseren Agriturismo Apparita .Wir haben das Gl\u00fcck hier zu wohnen und freuen uns diese Erfahrung mit Ihnen w\u00e4hrend Ihres Aufenthaltes bei uns teilen zu k\u00f6nnen.<\/p><p class=\"p1\" style=\"text-align: justify;\">Das komplett aus Naturstein erbaute Bauernhaus, in dem wir wohnen, ist k\u00fcrzlich in toskanischem Stiel restauriert worden. Vom Haus aus blickt man auf das mittelalterliche D\u00f6rfchen San Dalmazio das 700 m von uns entfernt liegt und in dem Carlo Cassola den Stoff f\u00fcr seinen Roman \"Il Taglio del Bosco\" fand.<\/p><p class=\"p1\" style=\"text-align: justify;\">Wir haben 6 G<span class=\"s1\">\u00e4<\/span>stezimmer (<b class=\"verde\">B&amp;B<\/b>), 2 Doppelzimmer und 4 Zimmer fuer 3 Personen, jedes mit Badezimmer, eigener Terrasse und separatem Eingang vom Garten aus. Im Haupthaus befinden sich 4 Zimmer und 2 Zimmer sind im \"Fienile\", die ehemalige, im Jahr 2010, renovierte Scheune, 50m vom Haupthaus entfernt. <br \/>Zur Verf<span class=\"s1\">\u00fc<\/span>gung unserer G<span class=\"s1\">\u00e4<\/span>ste steht ein Schwimmbad (12x6 m), dessen Reinigung nicht mit Chlor sondern mit Salz erfolgt und direkt daneben ein etwas kleineres Becken (4x3 m) f\u00fcr Kinder.<\/p><p>Auf dem Landgut das \u00fcber 60 Hektar ausgebreitet ist, kultivieren wir in biologischer Anbauweise, vorallem Getreide, haupts\u00e4chlich Hartweizen und Oliven. <br \/>Unser Agriturismus liegt etwa 350 m hoch und befindet sich in sehr ruhiger H\u00fcgellage.<\/p><p>Das wertvollste Produkt unseres Bauernhofes ist das <b class=\"verde\">Olio di Oliva Extravergine Bio.<\/b><\/p><p style=\"text-align: justify;\"><a href=\"http:\/\/www.apparita.it\/wp-content\/uploads\/2014\/05\/il-fienile.jpg\"><img class=\"alignright wp-image-17055 size-medium\" src=\"http:\/\/www.apparita.it\/wp-content\/uploads\/2014\/05\/il-fienile-thumb.jpg\" alt=\"esterno\" width=\"300\" height=\"300\" \/><\/a>Wir befinden uns im oberen Cecina-Tal mit seinem kulturellen Zentrum Volterra, eine der bedeutendsten Kunstst\u00e4dte der Toskana etruskischen Ursprungs, reich an Zeugnissen aus der Zeit der R\u00f6mer, des Mittelalters, sowie der Renaissance.\u00a0<\/p><p class=\"p1\" style=\"text-align: justify;\">Angrenzend liegen die Naturschutzgebiete Berignone - Tatti und Monterufoli, das gr<span class=\"s1\">\u00f6<\/span>sste Naturreservat der Toskana, ideale Ausflugspunkte, interessant vorallem f<span class=\"s1\">\u00fc<\/span>r ihre unermessliche Vielfalt an Flora und Fauna. <span class=\"s2\"><br \/><\/span><br \/>Die mittelalterliche Burg Rocca Sillana l<span class=\"s1\">\u00e4<\/span>dt Sie ein zu einem Spaziergang, in einer Stunde von unserm Langut aus zu erreichen.<\/p><p>Von hier aus kann man auch in einer Stunde Autofahrt kulturelle Zentren wie San Gimignano (45km), Firenze (75 km), Pisa (80 km), Siena (50 km) und die Thermen von Venturina \"Il Calidario\" oder Casciana Terme besuchen oder die K\u00fcsten des thyrrenischen Mittelmeers erreichen.<\/p><p class=\"p1\" style=\"text-align: justify;\">In unmittelbarer N<span class=\"s1\">\u00e4<\/span>he liegt 25 km entfernt der geothermische See \"Acqua Harda\".<\/p><p>In der N<span class=\"s1\">\u00e4<\/span>he ist eine Reitschule, wo man auch Ausritte unternehmen kann. <br \/>Zum Spass Ihrer Kinder gibt es den Abenteuerpark \"H<span class=\"s1\">\u00e4<\/span>gender Garten\" in Riparbella, ungef<span class=\"s1\">\u00e4<\/span>hr 30 km enfernt und ein Fauna Park \"Parco Gallorose\" in Cecina, mit vielen exotischen und einheimischen Tieren.<\/p><p>F<span class=\"s1\">\u00fc<\/span>r Fahradliebhaber und Mountainbiker bietet die H<span class=\"s1\">\u00fc<\/span>gellandschaft unserer Gegend besonders im Fr<span class=\"s1\">\u00fc<\/span>hjahr und im Herbst, dank der milden Temperatur, ideales Revier f<span class=\"s1\">\u00fc<\/span>r ein vorgezogenes Konditionstraining.<\/p><p><!--facebook-members--><\/p><\/div><div class='cma-wysiwyg-editor'><p><br \/><br \/><br \/><\/p><\/div><img src='https:\/\/www.apparita.it\/wp-content\/uploads\/2014\/05\/home1.jpg' class='left' title='Agriturismo Apparita' alt='Agriturismo Apparita' width='1200' height='714'\/><div class='clearfix'><\/div><\/div><\/div><\/section><\/section><section class='page-content custom-background color-background' style='background-color: #e0cf96;'  ><section class='container'><div class='row' style=''><div class='col-md-6 ' style='' ><div class='cma-wysiwyg-editor'><p><iframe src=\"https:\/\/www.youtube.com\/embed\/l8Vyc6mlt04?start=2\" width=\"560\" height=\"315\" frameborder=\"0\" allowfullscreen=\"allowfullscreen\"><\/iframe><\/p><\/div><div style='margin-top: -30px;' class=''><\/div><\/div><div class='col-md-6 ' style='' ><div style='margin-top: -30px;' class=''><div class=\"cma-wp-widget widget widget_text cma_widget_text\" id=\"cma-widget-WP_Widget_Text-7\"><h3 class=\"widget-title\">Ihr Urlaub in der Toskana<\/h3>\t\t\t<div class=\"textwidget\"><center><a class=\"btn-big filled \" style=\"margin-right: 5px;\" href=\"http:\/\/www.apparita.it\/de\/prezzi\/\"><i class=\"icon-search\"><\/i> Preise<\/a> [ninja_forms_modal_form id=7 text_link=\"Verf\u00fcgbarkeit\" class=\"btn-big filled\"]<a class=\"btn-big filled \" style=\"margin-left: 5px;\" href=\"mailto:info@apparita.it\"><i class=\"icon-mail-2\"><\/i> Email<\/a><\/center><\/div>\n\t\t<\/div><\/div><section class='heading-bordered'>\r\n                    <h3>Folgen Sie uns auf Facebook<\/h3>\r\n                <\/section><div class='cma-wysiwyg-editor'><center><div class=\"fb-page\" style=\"width: 100% !important;\" data-href=\"https:\/\/www.facebook.com\/apparita\" data-width=\"700\" data-height=\"258\" data-small-header=\"false\" data-adapt-container-width=\"false\" data-hide-cover=\"false\" data-show-facepile=\"true\" data-show-posts=\"false\"><div class=\"fb-xfbml-parse-ignore\"><blockquote cite=\"https:\/\/www.facebook.com\/apparita\"><a href=\"https:\/\/www.facebook.com\/apparita\">Agriturismo Apparita<\/a><\/blockquote><\/div><\/div><\/center><\/div><\/div><\/div><\/section><\/section><section class='page-content' style=''  ><section class='container'><div class='row' style=''><div class='col-md-4 empty' style='' ><\/div><div class='col-md-4 ' style='' ><div  class='giustificato'><section class='process-box'>\r\n                        <div class='img-container'><img src='https:\/\/www.apparita.it\/wp-content\/uploads\/bfi_thumb\/olive-durante-la-raccolta-3a4wa53crh4k83sv5m7xmo.jpg' alt='Olivenoel extravergine biologisch'><\/div>\r\n\r\n                        <h5>Olivenoel extravergine biologisch<\/h5>\r\n                        <p><div class=\"block\"><a href=\"http:\/\/www.apparita.it\/de\/l-olio\/\">Das \u00d6l ist das wertvollste Produkt unseres Unternehmens. Von unseren 5 Hektar gro\u00dfen Olivenhain mit insgesamt 1.500 Pflanzen erhalten wir ein Olivenoel extra vergine mit ausgewogenen Geschmack und einer intensiven Gr\u00fcngoldfaerbung.<\/a><\/div><\/p>\r\n                    <\/section><\/div><\/div><div class='col-md-4 ' style='' ><div  class='giustificato'><section class='process-box'>\r\n                        <div class='img-container'><img src='https:\/\/www.apparita.it\/wp-content\/uploads\/bfi_thumb\/camera-3-agriturismo-apparita-3a4wa3l2nyqaviuej802dc.jpg' alt='Die Zimmer'><\/div>\r\n\r\n                        <h5>Die Zimmer<\/h5>\r\n                        <p><div class=\"block\"><a href=\"http:\/\/www.apparita.it\/de\/le-camere\/\">Wir bieten unseren Gaesten 6 gemuetliche Zimmer an, davon 2 Doppelzimmer und 4 Zimmer mit Doppelbett und Einzelbett. Jedes Zimmer verfuegt ueber privates Badezimmer, Terrasse und separaten Eingang vom... <\/a><\/div><\/p>\r\n                    <\/section><\/div><\/div><\/div><\/section><\/section><section class='page-content custom-background color-background dark' style='background-color: #3d3d3d;margin-bottom: -60px;'  ><section class='container-fluid'><div class='row' style=''><div class='col-md-12 ' style='' ><div class=\"cma-wp-widget widget widget_text cma_widget_text\" id=\"cma-widget-WP_Widget_Text-12\">\t\t\t<div class=\"textwidget\"><h1 style=\"color: white; text-align: center;\">Apparita: Ihr Bauernhof in der Toskana<\/h1><\/div>\n\t\t<\/div><\/div><\/div><\/section><\/section>\n","protected":false},"excerpt":{"rendered":"","protected":false},"author":1,"featured_media":0,"parent":0,"menu_order":0,"comment_status":"closed","ping_status":"open","template":"","meta":[],"yoast_head":"<!-- This site is optimized with the Yoast SEO plugin v16.1.1 - https:\/\/yoast.com\/wordpress\/plugins\/seo\/ -->\n<meta name=\"description\" content=\"Organic Farm in der Toskana in Pomarance, bei Volterra. 6 Zimmer mit Bad, Sat-TV und kostenfreiem WLAN, Pool und Fruehstueck. B&amp;B.\" \/>\n<link rel=\"canonical\" href=\"https:\/\/www.apparita.it\/de\/\" \/>\n<meta property=\"og:locale\" content=\"de_DE\" \/>\n<meta property=\"og:type\" content=\"article\" \/>\n<meta property=\"og:title\" content=\"Home - Organic Farm in der Toskana - 6 zimmer mit bad\" \/>\n<meta property=\"og:description\" content=\"Organic Farm in der Toskana in Pomarance, bei Volterra. 6 Zimmer mit Bad, Sat-TV und kostenfreiem WLAN, Pool und Fruehstueck. B&amp;B.\" \/>\n<meta property=\"og:url\" content=\"https:\/\/www.apparita.it\/de\/\" \/>\n<meta property=\"og:site_name\" content=\"Agriturismo Apparita Toskana, Pisa - Zimmer, Pool, Urlaub\" \/>\n<meta property=\"article:modified_time\" content=\"2023-01-19T10:46:10+00:00\" \/>\n<meta name=\"twitter:label1\" content=\"Gesch\u00e4tzte Lesezeit\">\n\t<meta name=\"twitter:data1\" content=\"2\u00a0Minuten\">\n<script type=\"application\/ld+json\" class=\"yoast-schema-graph\">{\"@context\":\"https:\/\/schema.org\",\"@graph\":[{\"@type\":\"WebSite\",\"@id\":\"https:\/\/www.apparita.it\/#website\",\"url\":\"https:\/\/www.apparita.it\/\",\"name\":\"Agriturismo Apparita Toskana, Pisa - Zimmer, Pool, Urlaub\",\"description\":\"Biohof in der Naehe von Volterra, 6 Zimmer mit Bad, Schwimmbad, Restaurant mit typischen toskanischen Gerichte.\",\"potentialAction\":[{\"@type\":\"SearchAction\",\"target\":\"https:\/\/www.apparita.it\/?s={search_term_string}\",\"query-input\":\"required name=search_term_string\"}],\"inLanguage\":\"de\"},{\"@type\":\"WebPage\",\"@id\":\"https:\/\/www.apparita.it\/de\/#webpage\",\"url\":\"https:\/\/www.apparita.it\/de\/\",\"name\":\"Home - Organic Farm in der Toskana - 6 zimmer mit bad\",\"isPartOf\":{\"@id\":\"https:\/\/www.apparita.it\/#website\"},\"datePublished\":\"2014-05-08T10:46:30+00:00\",\"dateModified\":\"2023-01-19T10:46:10+00:00\",\"description\":\"Organic Farm in der Toskana in Pomarance, bei Volterra. 6 Zimmer mit Bad, Sat-TV und kostenfreiem WLAN, Pool und Fruehstueck. B&B.\",\"breadcrumb\":{\"@id\":\"https:\/\/www.apparita.it\/de\/#breadcrumb\"},\"inLanguage\":\"de\",\"potentialAction\":[{\"@type\":\"ReadAction\",\"target\":[\"https:\/\/www.apparita.it\/de\/\"]}]},{\"@type\":\"BreadcrumbList\",\"@id\":\"https:\/\/www.apparita.it\/de\/#breadcrumb\",\"itemListElement\":[{\"@type\":\"ListItem\",\"position\":1,\"item\":{\"@type\":\"WebPage\",\"@id\":\"https:\/\/www.apparita.it\/de\/\",\"url\":\"https:\/\/www.apparita.it\/de\/\",\"name\":\"Home\"}},{\"@type\":\"ListItem\",\"position\":2,\"item\":{\"@type\":\"WebPage\",\"@id\":\"https:\/\/www.apparita.it\/de\/\",\"url\":\"https:\/\/www.apparita.it\/de\/\",\"name\":\"Home\"}}]}]}<\/script>\n<!-- \/ Yoast SEO plugin. -->","_links":{"self":[{"href":"https:\/\/www.apparita.it\/de\/wp-json\/wp\/v2\/pages\/934"}],"collection":[{"href":"https:\/\/www.apparita.it\/de\/wp-json\/wp\/v2\/pages"}],"about":[{"href":"https:\/\/www.apparita.it\/de\/wp-json\/wp\/v2\/types\/page"}],"author":[{"embeddable":true,"href":"https:\/\/www.apparita.it\/de\/wp-json\/wp\/v2\/users\/1"}],"replies":[{"embeddable":true,"href":"https:\/\/www.apparita.it\/de\/wp-json\/wp\/v2\/comments?post=934"}],"version-history":[{"count":5,"href":"https:\/\/www.apparita.it\/de\/wp-json\/wp\/v2\/pages\/934\/revisions"}],"predecessor-version":[{"id":20073,"href":"https:\/\/www.apparita.it\/de\/wp-json\/wp\/v2\/pages\/934\/revisions\/20073"}],"wp:attachment":[{"href":"https:\/\/www.apparita.it\/de\/wp-json\/wp\/v2\/media?parent=934"}],"curies":[{"name":"wp","href":"https:\/\/api.w.org\/{rel}","templated":true}]}}