{"id":18167,"date":"2015-01-16T10:23:36","date_gmt":"2015-01-16T09:23:36","guid":{"rendered":"http:\/\/www.apparita.it\/riserva-naturale-di-berignone-tatti-2\/"},"modified":"2015-01-19T17:22:03","modified_gmt":"2015-01-19T16:22:03","slug":"riserva-naturale-di-berignone-tatti","status":"publish","type":"page","link":"https:\/\/www.apparita.it\/de\/riserva-naturale-di-berignone-tatti\/","title":{"rendered":"Naturschutzgebiete Berignone &#8211; Tatti"},"content":{"rendered":"<section class='page-content' style=''  ><section class='container'><div class='row' style=''><div class='col-md-12 ' style='' ><section class='heading-bordered'>\r\n                    <h3>Naturschutzgebiete Berignone - Tatti<\/h3>\r\n                <\/section><\/div><\/div><\/section><\/section><section class='page-content' style=''  ><section class='container'><div class='row' style=''><div class='col-md-12 ' style='' ><div class='cma-wysiwyg-editor'><p style=\"text-align: justify;\">Eine grosse Vielfalt an mediterranen Str\u00e4uchen und immergr\u00fcne Eichenw\u00e4lder, durchzogen von kleinen B\u00e4chen und Fl\u00fcssen (Fosci, Sellate und Pavone) sind typisch f\u00fcr dieses Gebiet.<\/p><\/div><\/div><\/div><div class='row' style=''><div class='col-md-6 ' style='' ><img src='https:\/\/www.apparita.it\/wp-content\/uploads\/2014\/05\/fiori-di-corbezzolo.nella-riserva-di-berignone-a-pomarance1-1024x1024.jpg' class='left' title='fiori-di-corbezzolo.nella-riserva-di-berignone-a-pomarance' alt='fiori-di-corbezzolo.nella-riserva-di-berignone-a-pomarance' width='600' height='600'\/><div class='clearfix'><\/div><\/div><div class='col-md-6 ' style='' ><img src='https:\/\/www.apparita.it\/wp-content\/uploads\/2014\/05\/riserva-di-berignone-pomarance-podere-caprareccia-panorama-1024x1024.jpg' class='left' title='riserva-di-berignone-pomarance-podere-caprareccia-panorama' alt='riserva-di-berignone-pomarance-podere-caprareccia-panorama' width='600' height='600'\/><div class='clearfix'><\/div><\/div><\/div><\/section><\/section><section class='page-content' style=''  ><section class='container'><div class='row' style=''><div class='col-md-6 ' style='' ><img src='https:\/\/www.apparita.it\/wp-content\/uploads\/2014\/05\/riserva-di-berignone-podere-caprareccia-1024x1024.jpg' class='left' title='riserva-di-berignone-podere-caprareccia' alt='riserva-di-berignone-podere-caprareccia' width='600' height='600'\/><div class='clearfix'><\/div><\/div><div class='col-md-6 ' style='' ><img src='https:\/\/www.apparita.it\/wp-content\/uploads\/2014\/05\/riserva-di-berignone-a-pomarance-capanna-di-boscaioli1-1024x1024.jpg' class='left' title='riserva- di-berignone-a-pomarance-capanna-di-boscaioli' alt='riserva- di-berignone-a-pomarance-capanna-di-boscaioli' width='600' height='600'\/><div class='clearfix'><\/div><\/div><\/div><div class='row' style=''><div class='col-md-6 ' style='' ><img src='https:\/\/www.apparita.it\/wp-content\/uploads\/2014\/05\/riserva-di-berignone-pomarance-castello-dei-vescovi-panorama2-1024x1024.jpg' class='left' title='riserva-di-berignone-pomarance-castello-dei-vescovi-panorama' alt='riserva-di-berignone-pomarance-castello-dei-vescovi-panorama' width='600' height='600'\/><div class='clearfix'><\/div><\/div><div class='col-md-6 ' style='' ><img src='https:\/\/www.apparita.it\/wp-content\/uploads\/2014\/05\/riserva-di-berignone-a-pomarance-castello-dei-vescovi-arco1-1024x1024.jpg' class='left' title='riserva-di-berignone-a-pomarance-castello-dei-vescovi-arco' alt='riserva-di-berignone-a-pomarance-castello-dei-vescovi-arco' width='600' height='600'\/><div class='clearfix'><\/div><\/div><\/div><div class='row' style=''><div class='col-md-6 ' style='' ><img src='https:\/\/www.apparita.it\/wp-content\/uploads\/2014\/05\/boschi-riserva-di-berignone-a-pomarance1-1024x1024.jpg' class='left' title='boschi-riserva-di-berignone-a-pomarance' alt='boschi-riserva-di-berignone-a-pomarance' width='600' height='600'\/><div class='clearfix'><\/div><\/div><div class='col-md-6 ' style='' ><img src='https:\/\/www.apparita.it\/wp-content\/uploads\/2014\/05\/riserva-di-berignone-a-pomarance-castello-dei-vescovi2-1024x1024.jpg' class='left' title='riserva-di-berignone-a-pomarance-castello-dei-vescovi' alt='riserva-di-berignone-a-pomarance-castello-dei-vescovi' width='600' height='600'\/><div class='clearfix'><\/div><\/div><\/div><\/section><\/section>\n","protected":false},"excerpt":{"rendered":"","protected":false},"author":1,"featured_media":0,"parent":0,"menu_order":0,"comment_status":"closed","ping_status":"open","template":"prezzi.php","meta":[],"yoast_head":"<!-- This site is optimized with the Yoast SEO plugin v16.1.1 - https:\/\/yoast.com\/wordpress\/plugins\/seo\/ -->\n<link rel=\"canonical\" href=\"https:\/\/www.apparita.it\/de\/riserva-naturale-di-berignone-tatti\/\" \/>\n<meta property=\"og:locale\" content=\"de_DE\" \/>\n<meta property=\"og:type\" content=\"article\" \/>\n<meta property=\"og:title\" content=\"Naturschutzgebiete Berignone - Tatti - Agriturismo Apparita Toskana, Pisa - Zimmer, Pool, Urlaub\" \/>\n<meta property=\"og:url\" content=\"https:\/\/www.apparita.it\/de\/riserva-naturale-di-berignone-tatti\/\" \/>\n<meta property=\"og:site_name\" content=\"Agriturismo Apparita Toskana, Pisa - Zimmer, Pool, Urlaub\" \/>\n<meta property=\"article:modified_time\" content=\"2015-01-19T16:22:03+00:00\" \/>\n<meta name=\"twitter:label1\" content=\"Gesch\u00e4tzte Lesezeit\">\n\t<meta name=\"twitter:data1\" content=\"1\u00a0Minute\">\n<script type=\"application\/ld+json\" class=\"yoast-schema-graph\">{\"@context\":\"https:\/\/schema.org\",\"@graph\":[{\"@type\":\"WebSite\",\"@id\":\"https:\/\/www.apparita.it\/#website\",\"url\":\"https:\/\/www.apparita.it\/\",\"name\":\"Agriturismo Apparita Toskana, Pisa - Zimmer, Pool, Urlaub\",\"description\":\"Biohof in der Naehe von Volterra, 6 Zimmer mit Bad, Schwimmbad, Restaurant mit typischen toskanischen Gerichte.\",\"potentialAction\":[{\"@type\":\"SearchAction\",\"target\":\"https:\/\/www.apparita.it\/?s={search_term_string}\",\"query-input\":\"required name=search_term_string\"}],\"inLanguage\":\"de\"},{\"@type\":\"WebPage\",\"@id\":\"https:\/\/www.apparita.it\/de\/riserva-naturale-di-berignone-tatti\/#webpage\",\"url\":\"https:\/\/www.apparita.it\/de\/riserva-naturale-di-berignone-tatti\/\",\"name\":\"Naturschutzgebiete Berignone - Tatti - Agriturismo Apparita Toskana, Pisa - Zimmer, Pool, Urlaub\",\"isPartOf\":{\"@id\":\"https:\/\/www.apparita.it\/#website\"},\"datePublished\":\"2015-01-16T09:23:36+00:00\",\"dateModified\":\"2015-01-19T16:22:03+00:00\",\"breadcrumb\":{\"@id\":\"https:\/\/www.apparita.it\/de\/riserva-naturale-di-berignone-tatti\/#breadcrumb\"},\"inLanguage\":\"de\",\"potentialAction\":[{\"@type\":\"ReadAction\",\"target\":[\"https:\/\/www.apparita.it\/de\/riserva-naturale-di-berignone-tatti\/\"]}]},{\"@type\":\"BreadcrumbList\",\"@id\":\"https:\/\/www.apparita.it\/de\/riserva-naturale-di-berignone-tatti\/#breadcrumb\",\"itemListElement\":[{\"@type\":\"ListItem\",\"position\":1,\"item\":{\"@type\":\"WebPage\",\"@id\":\"https:\/\/www.apparita.it\/de\/\",\"url\":\"https:\/\/www.apparita.it\/de\/\",\"name\":\"Home\"}},{\"@type\":\"ListItem\",\"position\":2,\"item\":{\"@type\":\"WebPage\",\"@id\":\"https:\/\/www.apparita.it\/de\/riserva-naturale-di-berignone-tatti\/\",\"url\":\"https:\/\/www.apparita.it\/de\/riserva-naturale-di-berignone-tatti\/\",\"name\":\"Naturschutzgebiete Berignone &#8211; Tatti\"}}]}]}<\/script>\n<!-- \/ Yoast SEO plugin. -->","_links":{"self":[{"href":"https:\/\/www.apparita.it\/de\/wp-json\/wp\/v2\/pages\/18167"}],"collection":[{"href":"https:\/\/www.apparita.it\/de\/wp-json\/wp\/v2\/pages"}],"about":[{"href":"https:\/\/www.apparita.it\/de\/wp-json\/wp\/v2\/types\/page"}],"author":[{"embeddable":true,"href":"https:\/\/www.apparita.it\/de\/wp-json\/wp\/v2\/users\/1"}],"replies":[{"embeddable":true,"href":"https:\/\/www.apparita.it\/de\/wp-json\/wp\/v2\/comments?post=18167"}],"version-history":[{"count":0,"href":"https:\/\/www.apparita.it\/de\/wp-json\/wp\/v2\/pages\/18167\/revisions"}],"wp:attachment":[{"href":"https:\/\/www.apparita.it\/de\/wp-json\/wp\/v2\/media?parent=18167"}],"curies":[{"name":"wp","href":"https:\/\/api.w.org\/{rel}","templated":true}]}}