{"id":18049,"date":"2015-01-15T16:50:57","date_gmt":"2015-01-15T15:50:57","guid":{"rendered":"http:\/\/www.apparita.it\/natura-e-riserve-2\/"},"modified":"2015-01-22T15:30:42","modified_gmt":"2015-01-22T14:30:42","slug":"natura-e-riserve","status":"publish","type":"page","link":"https:\/\/www.apparita.it\/de\/natura-e-riserve\/","title":{"rendered":"Naturschutzgebiete"},"content":{"rendered":"<section class='page-content' style=''  ><section class='container'><div class='row' style=''><div class='col-md-12 ' style='' ><section class='heading-bordered'>\r\n                    <h3>Naturschutzgebiete<\/h3>\r\n                <\/section><\/div><\/div><\/section><\/section><section class='page-content' style=''  ><section class='container'><div class='row' style=''><div class='col-md-12 ' style='' ><div class='cma-wysiwyg-editor'><h3 style=\"text-align: justify;\">Geothermische Gebiete<\/h3><p style=\"text-align: justify;\">Besonders lohnt es sich die Gegend von Sasso Pisano mit seinen geothermischen Ph\u00e4nomenen, wie die heissen Teiche und Schwefelquellen zu besichtigen. Hier befinden sich auch die Reste der etruskischen Thermalb\u00e4der im Ort Bagnone.<br \/><br \/><a href=\"http:\/\/www.apparita.it\/de\/aree-geotermiche\/\" target=\"_blank\"><strong class=\"verde\">klicken Sie hier<\/strong><\/a><\/p><\/div><\/div><\/div><\/section><\/section><section class='page-content' style=''  ><section class='container'><div class='row' style=''><div class='col-md-4 ' style='' ><img src='https:\/\/www.apparita.it\/wp-content\/uploads\/2014\/05\/fumarole-e-putizze-a-sasso-pisano-5-1024x1024.jpg' class='left' title='fumarole-e-putizze-a-sasso-pisano-5' alt='fumarole-e-putizze-a-sasso-pisano-5' width='600' height='600'\/><div class='clearfix'><\/div><\/div><div class='col-md-4 ' style='' ><img src='https:\/\/www.apparita.it\/wp-content\/uploads\/2014\/05\/fumarole-e-putizze-a-sasso-pisano-7-1024x1024.jpg' class='left' title='fumarole-e-putizze-a-sasso-pisano-7' alt='fumarole-e-putizze-a-sasso-pisano-7' width='600' height='600'\/><div class='clearfix'><\/div><\/div><div class='col-md-4 ' style='' ><img src='https:\/\/www.apparita.it\/wp-content\/uploads\/2014\/05\/resti_terme_ellenistiche-1024x1024.jpg' class='left' title='resti_terme_ellenistiche' alt='resti_terme_ellenistiche' width='600' height='600'\/><div class='clearfix'><\/div><\/div><\/div><\/section><\/section><section class='page-content' style='margin-top: 40px;'  ><section class='container'><div class='row' style=''><div class='col-md-12 ' style='' ><div class='cma-wysiwyg-editor'><h3 style=\"text-align: justify;\">Naturschutzgebiete Berignone - Tatti<\/h3><p style=\"text-align: justify;\">Eine grosse Vielfalt an mediterranen Str\u00e4uchen und immergr\u00fcne Eichenw\u00e4lder, durchzogen von kleinen B\u00e4chen und Fl\u00fcssen (Fosci, Sellate und Pavone) sind typisch f\u00fcr dieses Gebiet.<br \/><a href=\"http:\/\/www.apparita.it\/de\/riserva-naturale-di-berignone-tatti\/\" target=\"_blank\"><strong class=\"verde\"><br \/>klicken Sie hier<\/strong><\/a><\/p><\/div><\/div><\/div><\/section><\/section><section class='page-content' style=''  ><section class='container'><div class='row' style=''><div class='col-md-4 ' style='' ><img src='https:\/\/www.apparita.it\/wp-content\/uploads\/2014\/05\/fiori-di-corbezzolo.nella-riserva-di-berignone-a-pomarance-1024x1024.jpg' class='left' title='fiori-di-corbezzolo.nella-riserva-di-berignone-a-pomarance' alt='fiori-di-corbezzolo.nella-riserva-di-berignone-a-pomarance' width='600' height='600'\/><div class='clearfix'><\/div><\/div><div class='col-md-4 ' style='' ><img src='https:\/\/www.apparita.it\/wp-content\/uploads\/2014\/05\/riserva-di-berignone-a-pomarance-capanna-di-boscaioli-1024x1024.jpg' class='left' title='riserva- di-berignone-a-pomarance-capanna-di-boscaioli' alt='riserva- di-berignone-a-pomarance-capanna-di-boscaioli' width='600' height='600'\/><div class='clearfix'><\/div><\/div><div class='col-md-4 ' style='' ><img src='https:\/\/www.apparita.it\/wp-content\/uploads\/2014\/05\/riserva-di-berignone-pomarance-castello-dei-vescovi-panorama-1024x1024.jpg' class='left' title='riserva-di-berignone-pomarance-castello-dei-vescovi-panorama' alt='riserva-di-berignone-pomarance-castello-dei-vescovi-panorama' width='600' height='600'\/><div class='clearfix'><\/div><\/div><\/div><\/section><\/section><section class='page-content' style='margin-top: 40px;'  ><section class='container'><div class='row' style=''><div class='col-md-12 ' style='' ><div class='cma-wysiwyg-editor'><h3 style=\"text-align: justify;\" align=\"left\">Naturschutzgebiete Monterufoli-Caselli<\/h3><p style=\"text-align: justify;\">Das Naturschutzgebiet ist das gr\u00f6sste der Toskana. Mediterranischer Buschwald und immergr\u00fcne Eichenw\u00e4lder sind die karakteristischen Elemente dieses Gebietes.\u00a0<br \/><a href=\"http:\/\/www.apparita.it\/de\/la-riserva-di-monterufoli-caselli\/\" target=\"_blank\"><strong class=\"verde\"><br \/>klicken Sie hier<\/strong><\/a><\/p><\/div><\/div><\/div><div class='row' style=''><div class='col-md-4 ' style='' ><img src='https:\/\/www.apparita.it\/wp-content\/uploads\/2014\/05\/cascata-torrente-rivivo-monterufoli-1024x1024.jpg' class='left' title='cascata-torrente-rivivo-monterufoli' alt='cascata-torrente-rivivo-monterufoli' width='600' height='600'\/><div class='clearfix'><\/div><\/div><div class='col-md-4 ' style='' ><img src='https:\/\/www.apparita.it\/wp-content\/uploads\/2014\/05\/riserva-monterufoli-caselli-escursione-1024x1024.jpg' class='left' title='riserva-monterufoli-caselli-escursione' alt='riserva-monterufoli-caselli-escursione' width='600' height='600'\/><div class='clearfix'><\/div><\/div><div class='col-md-4 ' style='' ><img src='https:\/\/www.apparita.it\/wp-content\/uploads\/2014\/05\/riserva_monterufoli_caselli-1024x1024.jpg' class='left' title='riserva_monterufoli_caselli' alt='riserva_monterufoli_caselli' width='600' height='600'\/><div class='clearfix'><\/div><\/div><\/div><\/section><\/section><section class='page-content' style='margin-top: 40px;'  ><section class='container'><div class='row' style=''><div class='col-md-12 ' style='' ><div class='cma-wysiwyg-editor'><h3 align=\"left\">Fluss Pavone, Masso delle Fanciulle, Kupfermine<\/h3><p><span lang=\"de\" xml:lang=\"de\">Nicht weit von\u00a0 unserem Landhaus entfernt schl\u00e4ngelt sich\u00a0 der Bach Pavone mit seinen kristallklaren Gew\u00e4ssern durch eine wundersch\u00f6ne Landschaft.<\/span><span lang=\"de\" xml:lang=\"de\">\u00a0<\/span><\/p><p><span lang=\"de\" xml:lang=\"de\">In dem tiefen und engen Tal Pavone befinden sich die Reste einer der interessantesten Kupferminen der Toskana, in der bis zum Jahr 1940 noch gearbeitet wurde.<\/span><span lang=\"de\" xml:lang=\"de\">\u00a0<\/span><\/p><p><span lang=\"de\" xml:lang=\"de\">Der \"Masso delle Fanciulle\" am \u00a0Fluss CECINA ist eine sehr eindrucksvolle Ecke des Naturschutzgebietes \u00a0Berignone. Sein k\u00fchles und klares Wasser l\u00e4dt in den heissen Tagen zu einen erfrischenden Bad ein.<\/span><\/p><p style=\"text-align: justify;\"><a href=\"http:\/\/www.apparita.it\/de\/il-torrente-pavone-i-resti-delle-miniere-di-rame-e-il-masso-delle-fanciulle\/\" target=\"_blank\"><strong class=\"verde\"><br \/>klicken Sie hier<\/strong><\/a><\/p><\/div><\/div><\/div><\/section><\/section><section class='page-content' style=''  ><section class='container'><div class='row' style=''><div class='col-md-4 ' style='' ><img src='https:\/\/www.apparita.it\/wp-content\/uploads\/2014\/05\/DSC_0973-1024x1024.jpg' class='left' title='DSC_0973' alt='DSC_0973' width='600' height='600'\/><div class='clearfix'><\/div><\/div><div class='col-md-4 ' style='' ><img src='https:\/\/www.apparita.it\/wp-content\/uploads\/2014\/05\/fiume-cecina-masso-delle-fanciulle1-1024x1024.jpg' class='left' title='fiume-cecina-masso-delle-fanciulle' alt='fiume-cecina-masso-delle-fanciulle' width='600' height='600'\/><div class='clearfix'><\/div><\/div><div class='col-md-4 ' style='' ><img src='https:\/\/www.apparita.it\/wp-content\/uploads\/2014\/05\/rocca-sillana-versante-montecastelli-1024x1024.jpg' class='left' title='rocca-sillana-versante-montecastelli' alt='rocca-sillana-versante-montecastelli' width='600' height='600'\/><div class='clearfix'><\/div><\/div><\/div><\/section><\/section>\n","protected":false},"excerpt":{"rendered":"","protected":false},"author":1,"featured_media":0,"parent":0,"menu_order":0,"comment_status":"closed","ping_status":"open","template":"prezzi.php","meta":[],"yoast_head":"<!-- This site is optimized with the Yoast SEO plugin v16.1.1 - https:\/\/yoast.com\/wordpress\/plugins\/seo\/ -->\n<link rel=\"canonical\" href=\"https:\/\/www.apparita.it\/de\/natura-e-riserve\/\" \/>\n<meta property=\"og:locale\" content=\"de_DE\" \/>\n<meta property=\"og:type\" content=\"article\" \/>\n<meta property=\"og:title\" content=\"Naturschutzgebiete - Agriturismo Apparita Toskana, Pisa - Zimmer, Pool, Urlaub\" \/>\n<meta property=\"og:url\" content=\"https:\/\/www.apparita.it\/de\/natura-e-riserve\/\" \/>\n<meta property=\"og:site_name\" content=\"Agriturismo Apparita Toskana, Pisa - Zimmer, Pool, Urlaub\" \/>\n<meta property=\"article:modified_time\" content=\"2015-01-22T14:30:42+00:00\" \/>\n<meta name=\"twitter:label1\" content=\"Gesch\u00e4tzte Lesezeit\">\n\t<meta name=\"twitter:data1\" content=\"2\u00a0Minuten\">\n<script type=\"application\/ld+json\" class=\"yoast-schema-graph\">{\"@context\":\"https:\/\/schema.org\",\"@graph\":[{\"@type\":\"WebSite\",\"@id\":\"https:\/\/www.apparita.it\/#website\",\"url\":\"https:\/\/www.apparita.it\/\",\"name\":\"Agriturismo Apparita Toskana, Pisa - Zimmer, Pool, Urlaub\",\"description\":\"Biohof in der Naehe von Volterra, 6 Zimmer mit Bad, Schwimmbad, Restaurant mit typischen toskanischen Gerichte.\",\"potentialAction\":[{\"@type\":\"SearchAction\",\"target\":\"https:\/\/www.apparita.it\/?s={search_term_string}\",\"query-input\":\"required name=search_term_string\"}],\"inLanguage\":\"de\"},{\"@type\":\"WebPage\",\"@id\":\"https:\/\/www.apparita.it\/de\/natura-e-riserve\/#webpage\",\"url\":\"https:\/\/www.apparita.it\/de\/natura-e-riserve\/\",\"name\":\"Naturschutzgebiete - Agriturismo Apparita Toskana, Pisa - Zimmer, Pool, Urlaub\",\"isPartOf\":{\"@id\":\"https:\/\/www.apparita.it\/#website\"},\"datePublished\":\"2015-01-15T15:50:57+00:00\",\"dateModified\":\"2015-01-22T14:30:42+00:00\",\"breadcrumb\":{\"@id\":\"https:\/\/www.apparita.it\/de\/natura-e-riserve\/#breadcrumb\"},\"inLanguage\":\"de\",\"potentialAction\":[{\"@type\":\"ReadAction\",\"target\":[\"https:\/\/www.apparita.it\/de\/natura-e-riserve\/\"]}]},{\"@type\":\"BreadcrumbList\",\"@id\":\"https:\/\/www.apparita.it\/de\/natura-e-riserve\/#breadcrumb\",\"itemListElement\":[{\"@type\":\"ListItem\",\"position\":1,\"item\":{\"@type\":\"WebPage\",\"@id\":\"https:\/\/www.apparita.it\/de\/\",\"url\":\"https:\/\/www.apparita.it\/de\/\",\"name\":\"Home\"}},{\"@type\":\"ListItem\",\"position\":2,\"item\":{\"@type\":\"WebPage\",\"@id\":\"https:\/\/www.apparita.it\/de\/natura-e-riserve\/\",\"url\":\"https:\/\/www.apparita.it\/de\/natura-e-riserve\/\",\"name\":\"Naturschutzgebiete\"}}]}]}<\/script>\n<!-- \/ Yoast SEO plugin. -->","_links":{"self":[{"href":"https:\/\/www.apparita.it\/de\/wp-json\/wp\/v2\/pages\/18049"}],"collection":[{"href":"https:\/\/www.apparita.it\/de\/wp-json\/wp\/v2\/pages"}],"about":[{"href":"https:\/\/www.apparita.it\/de\/wp-json\/wp\/v2\/types\/page"}],"author":[{"embeddable":true,"href":"https:\/\/www.apparita.it\/de\/wp-json\/wp\/v2\/users\/1"}],"replies":[{"embeddable":true,"href":"https:\/\/www.apparita.it\/de\/wp-json\/wp\/v2\/comments?post=18049"}],"version-history":[{"count":0,"href":"https:\/\/www.apparita.it\/de\/wp-json\/wp\/v2\/pages\/18049\/revisions"}],"wp:attachment":[{"href":"https:\/\/www.apparita.it\/de\/wp-json\/wp\/v2\/media?parent=18049"}],"curies":[{"name":"wp","href":"https:\/\/api.w.org\/{rel}","templated":true}]}}