{"id":18043,"date":"2015-01-13T17:32:08","date_gmt":"2015-01-13T16:32:08","guid":{"rendered":"http:\/\/www.apparita.it\/borghi-e-castelli-2\/"},"modified":"2015-02-10T16:48:30","modified_gmt":"2015-02-10T15:48:30","slug":"borghi-e-castelli","status":"publish","type":"page","link":"https:\/\/www.apparita.it\/de\/borghi-e-castelli\/","title":{"rendered":"D\u00f6rfer und Schl\u00f6sser"},"content":{"rendered":"<section class='page-content' style=''  ><section class='container'><div class='row' style=''><div class='col-md-12 ' style='' ><section class='heading-bordered'>\r\n                    <h3>D\u00f6rfer und Schl\u00f6sser<\/h3>\r\n                <\/section><\/div><\/div><\/section><\/section><section class='page-content' style=''  ><section class='container'><div class='row' style=''><div class='col-md-12 ' style='' ><div class='cma-wysiwyg-editor'><p style=\"text-align: justify;\" align=\"left\"><a title=\"borgo di san dalmazio\" href=\"http:\/\/www.apparita.it\/san-dalmazio.htm\"><strong><img class=\"alignleft size-medium wp-image-17600\" src=\"http:\/\/www.apparita.it\/wp-content\/uploads\/2014\/05\/borgo-medievale-san-dalmazio-300x300.jpg\" alt=\"borgo-medievale-san-dalmazio\" width=\"200\" \/><\/strong><\/a><strong class=\"verde\">San Dalmazio<\/strong> 700 mt<br \/><br \/>Im Mittelalter war das Dorf eine Burg, die den Nonnen des Benediktinerklosters von San Dalmazio geh\u00f6rte. Sehenswert sind die zwei Tore der Mauern die den fast runden Ort umschliessen und die in romanischem Stiel erbaute Kirche, die einen Terracottatabernakel aus der Schule von Luca della Robbia beherbergt.<\/p><p style=\"text-align: justify;\">Das Bild zeigt wie man San Dalmazio vom Agriturismo Apparita aus sieht.<\/p><p align=\"justify\"><a title=\"Foto San Dalmazio Toscana\" href=\"http:\/\/www.apparita.it\/de\/san-dalmazio\/\">FOTO<\/a><\/p><\/div><\/div><\/div><\/section><\/section><section class='page-content' style=''  ><section class='container'><div class='row' style=''><div class='col-md-12 ' style='' ><div class='cma-wysiwyg-editor'><p align=\"left\"><img class=\"alignleft size-medium wp-image-17602\" src=\"http:\/\/www.apparita.it\/wp-content\/uploads\/2014\/05\/pieve-di-san-giovanni-battista-a-san-dalmazio-300x300.jpg\" alt=\"pieve-di-san-giovanni-battista-a-san-dalmazio\" width=\"200\" \/><\/p><p><strong class=\"verde\">Pieve di San Giovanni Battista <\/strong>500 m<br \/><br \/>(Pfarrkirche des Johannes des Taufers)<br \/>Die romanische \u2013 normannische Fassade der Pieve, ist noch sehr gut erhalten.<\/p><\/div><\/div><\/div><\/section><\/section><section class='page-content' style=''  ><section class='container'><div class='row' style=''><div class='col-md-12 ' style='' ><div class='cma-wysiwyg-editor'><p align=\"left\"><strong><img class=\"alignleft size-medium wp-image-17605\" src=\"http:\/\/www.apparita.it\/wp-content\/uploads\/2014\/05\/rocca-sillana-a-san-dalmazio-21-300x300.jpg\" alt=\"rocca-sillana-a-san-dalmazio-2\" width=\"200\" \/><\/strong><\/p><p style=\"text-align: justify;\" align=\"left\"><span class=\"Stile4\"><strong class=\"verde\">La Rocca Sillana <\/strong>2 km<br \/><br \/><\/span>Die Rocca Sillana befindet sich in dominanter Lage \u00fcber dem ganzen Tal und ist einer der bedeutendsten Beispiele der Medici Festungen, sowie der milit\u00e4rischen Renaissance Architektur. Die Festung wurde errichtet um die nahen Kupfer und Silberminen zu verteidigen.<\/p><p class=\"Stile4\" align=\"justify\"><a title=\"foto rocca sillana toscana\" href=\"http:\/\/www.apparita.it\/de\/la-rocca-sillana\/\">FOTO<\/a><\/p><p align=\"left\">\u00a0<\/p><\/div><\/div><\/div><\/section><\/section><section class='page-content' style=''  ><section class='container'><div class='row' style=''><div class='col-md-12 ' style='' ><div class='cma-wysiwyg-editor'><p align=\"left\"><strong><img class=\"alignleft size-medium wp-image-17605\" src=\"http:\/\/www.apparita.it\/wp-content\/uploads\/2014\/05\/montecastelli-pisano.jpg\" alt=\"rocca-sillana-a-san-dalmazio-2\" width=\"200\" \/><\/strong><\/p><p class=\"Stile4\" style=\"text-align: left;\" align=\"right\"><strong class=\"verde\">Montecastelli Pisano<\/strong> 4 km<br \/><br \/>Das mittelalterliche Dorf liegt in strategischer Lage \u00fcber dem Cecina-Tal und dem Tal des Baches Pavone. Besonders bedeutend ist der massive quadratische Turm Pannocchieschi und die Romanische Pfarrei SS.Filippo und Giacomo (13 Jh). In der N\u00e4he des Friedhofs trifft man auf das etruskische Grab \"<a class=\"Stile16\" title=\"buca delle fate\" href=\"http:\/\/www.apparita.it\/de\/tomba-etrusca-buca-delle-fate\/\" target=\"_blank\">Buca delle Fate<\/a>\"(VI sec. a.c.).<\/p><p class=\"Stile4\" style=\"text-align: left;\" align=\"justify\"><a title=\"foto montecastelli toscana\" href=\"http:\/\/www.apparita.it\/de\/montecastelli-pisano\/\">FOTO<\/a>\u00a0<\/p><\/div><\/div><\/div><\/section><\/section><section class='page-content' style=''  ><section class='container'><div class='row' style=''><div class='col-md-12 ' style='' ><div class='cma-wysiwyg-editor'><p align=\"left\"><strong><img class=\"alignleft size-medium wp-image-17605\" src=\"http:\/\/www.apparita.it\/wp-content\/uploads\/2014\/05\/castelnuovo-val-di-cecina1.jpg\" alt=\"Castelnuovo Val di Cecina\" width=\"200\" \/><\/strong><\/p><p style=\"text-align: justify;\" align=\"left\"><strong class=\"verde\">Castelnuovo Val di Cecina<\/strong> 12 km<br \/><br \/>Castelnuovo liegt auf einem steilen Felsen und ist von Kastanienw\u00e4ldern umgeben .Hier kann man am besten den \"traubenhenkelf\u00f6rmigen\" Bau der mittelalterlichen D\u00f6rfer erkennen.<\/p><p><a title=\"foto castelnuovo toscana\" href=\"http:\/\/www.apparita.it\/de\/castelnuovo-val-di-cecina\/\">FOTO<\/a><\/p><\/div><\/div><\/div><\/section><\/section><section class='page-content' style=''  ><section class='container'><div class='row' style=''><div class='col-md-12 ' style='' ><div class='cma-wysiwyg-editor'><p align=\"left\"><strong><img class=\"alignleft size-medium wp-image-17605\" src=\"http:\/\/www.apparita.it\/wp-content\/uploads\/2014\/05\/montegemoli.jpg\" alt=\"Montegemoli\" width=\"200\" \/><\/strong><\/p><p class=\"Stile4\" style=\"text-align: justify;\"><strong class=\"verde\">Montegemoli<\/strong> 13 km<br \/><br \/>Bemerkenswert ist das Schloss mit seinem runden Turm und die Kirche Sankt Bartholom\u00e4us. Hier werden im Dezember l\u00e4ngs der Strasse verschiedene Krippen ausgestellt. Aus diesem Ort stammt auch das Brot, das wir oft zum Fr\u00fchst\u00fcck servieren.<\/p><p class=\"Stile4\" align=\"justify\"><a title=\"foto montegemoli toscana\" href=\"http:\/\/www.apparita.it\/de\/montegemoli\/\">FOTO<\/a>\u00a0<\/p><p align=\"justify\">\u00a0<\/p><\/div><\/div><\/div><\/section><\/section><section class='page-content' style=''  ><section class='container'><div class='row' style=''><div class='col-md-12 ' style='' ><div class='cma-wysiwyg-editor'><p align=\"left\"><strong><img class=\"alignleft size-medium wp-image-17605\" src=\"http:\/\/www.apparita.it\/wp-content\/uploads\/2014\/05\/sasso-pisano.jpg\" alt=\"Sasso Pisano\" width=\"200\" \/><\/strong><\/p><p align=\"left\"><strong class=\"verde\">Sasso Pisano<\/strong> 16 km<br \/><br \/>Die Ortschaft liegt in der N\u00e4he der Quellen des Flusses Cornia und ist bekannt f\u00fcr die schwefeligen Ausd\u00fcnstungen. Auf dem h\u00f6chsten Punkt von Sasso Pisano befindet sich das Schloss, um das sich das Dorf gliedert.<\/p><p><a title=\"foto sasso pisano toscana\" href=\"http:\/\/www.apparita.it\/de\/sasso-pisano\/\">FOTO<\/a>\u00a0<\/p><\/div><\/div><\/div><\/section><\/section><section class='page-content' style=''  ><section class='container'><div class='row' style=''><div class='col-md-12 ' style='' ><div class='cma-wysiwyg-editor'><p><img class=\"alignleft size-medium wp-image-17605\" src=\"http:\/\/www.apparita.it\/wp-content\/uploads\/2014\/05\/paese-la-leccia.jpg\" alt=\"La Leccia\" width=\"200\" \/><\/p><p><strong class=\"verde\">La Leccia<\/strong> 20 km<br \/><br \/>Typisch mittelalterliches Dorf das noch einige Turmh\u00e4user beherbergt.<\/p><p align=\"justify\"><a title=\"foto leccia toscana\" href=\"http:\/\/www.apparita.it\/de\/la-leccia\/\">FOTO<\/a><\/p><\/div><\/div><\/div><\/section><\/section><section class='page-content' style=''  ><section class='container'><div class='row' style=''><div class='col-md-12 ' style='' ><div class='cma-wysiwyg-editor'><p><img class=\"alignleft size-medium wp-image-17605\" src=\"http:\/\/www.apparita.it\/wp-content\/uploads\/2014\/05\/panormama-da-micciano.jpg\" alt=\"Micciano\" width=\"200\" \/><\/p><p style=\"text-align: justify;\" align=\"left\"><strong class=\"verde\">Micciano<br \/><br \/><\/strong>Das mittelalterliche Dorf erhebt sich auf einem steilen Felsen. Von hier aus hat man einen wundersch\u00f6nen Blick auf die ganze Umgebung.<\/p><p align=\"left\">\u00a0<\/p><\/div><\/div><\/div><\/section><\/section><section class='page-content' style=''  ><section class='container'><div class='row' style=''><div class='col-md-12 ' style='' ><div class='cma-wysiwyg-editor'><p align=\"left\"><strong><img class=\"alignleft size-medium wp-image-17605\" src=\"http:\/\/www.apparita.it\/wp-content\/uploads\/2014\/05\/Libbiano.jpg\" alt=\"Libbiano\" width=\"200\" \/><\/strong><\/p><p style=\"text-align: justify;\"><strong class=\"verde\">Libbiano<br \/><br \/><\/strong>Niedliches kleines Dorf, das die Reste einer antiken Burg beherbergt. In der N\u00e4he kann man die nat\u00fcrlichen \"Schwefler\" von Soppresso besichtigen.<\/p><p align=\"left\">\u00a0<\/p><\/div><\/div><\/div><\/section><\/section>\n","protected":false},"excerpt":{"rendered":"","protected":false},"author":1,"featured_media":0,"parent":0,"menu_order":0,"comment_status":"closed","ping_status":"open","template":"prezzi.php","meta":[],"yoast_head":"<!-- This site is optimized with the Yoast SEO plugin v16.1.1 - https:\/\/yoast.com\/wordpress\/plugins\/seo\/ -->\n<meta name=\"description\" content=\"D\u00f6rfern und mittelalterlichen Burgen in unserer Gegend. Nur 2 km Rocca Sillana, die Sie bequem zu Fu\u00df zu erreichen ...\" \/>\n<link rel=\"canonical\" href=\"https:\/\/www.apparita.it\/de\/borghi-e-castelli\/\" \/>\n<meta property=\"og:locale\" content=\"de_DE\" \/>\n<meta property=\"og:type\" content=\"article\" \/>\n<meta property=\"og:title\" content=\"D\u00f6rfer und Schl\u00f6sser- Rocca Sillana, San Dalmazio, Castelnuovo\" \/>\n<meta property=\"og:description\" content=\"D\u00f6rfern und mittelalterlichen Burgen in unserer Gegend. Nur 2 km Rocca Sillana, die Sie bequem zu Fu\u00df zu erreichen ...\" \/>\n<meta property=\"og:url\" content=\"https:\/\/www.apparita.it\/de\/borghi-e-castelli\/\" \/>\n<meta property=\"og:site_name\" content=\"Agriturismo Apparita Toskana, Pisa - Zimmer, Pool, Urlaub\" \/>\n<meta property=\"article:modified_time\" content=\"2015-02-10T15:48:30+00:00\" \/>\n<meta name=\"twitter:label1\" content=\"Gesch\u00e4tzte Lesezeit\">\n\t<meta name=\"twitter:data1\" content=\"2\u00a0Minuten\">\n<script type=\"application\/ld+json\" class=\"yoast-schema-graph\">{\"@context\":\"https:\/\/schema.org\",\"@graph\":[{\"@type\":\"WebSite\",\"@id\":\"https:\/\/www.apparita.it\/#website\",\"url\":\"https:\/\/www.apparita.it\/\",\"name\":\"Agriturismo Apparita Toskana, Pisa - Zimmer, Pool, Urlaub\",\"description\":\"Biohof in der Naehe von Volterra, 6 Zimmer mit Bad, Schwimmbad, Restaurant mit typischen toskanischen Gerichte.\",\"potentialAction\":[{\"@type\":\"SearchAction\",\"target\":\"https:\/\/www.apparita.it\/?s={search_term_string}\",\"query-input\":\"required name=search_term_string\"}],\"inLanguage\":\"de\"},{\"@type\":\"WebPage\",\"@id\":\"https:\/\/www.apparita.it\/de\/borghi-e-castelli\/#webpage\",\"url\":\"https:\/\/www.apparita.it\/de\/borghi-e-castelli\/\",\"name\":\"D\\u00f6rfer und Schl\\u00f6sser- Rocca Sillana, San Dalmazio, Castelnuovo\",\"isPartOf\":{\"@id\":\"https:\/\/www.apparita.it\/#website\"},\"datePublished\":\"2015-01-13T16:32:08+00:00\",\"dateModified\":\"2015-02-10T15:48:30+00:00\",\"description\":\"D\\u00f6rfern und mittelalterlichen Burgen in unserer Gegend. Nur 2 km Rocca Sillana, die Sie bequem zu Fu\\u00df zu erreichen ...\",\"breadcrumb\":{\"@id\":\"https:\/\/www.apparita.it\/de\/borghi-e-castelli\/#breadcrumb\"},\"inLanguage\":\"de\",\"potentialAction\":[{\"@type\":\"ReadAction\",\"target\":[\"https:\/\/www.apparita.it\/de\/borghi-e-castelli\/\"]}]},{\"@type\":\"BreadcrumbList\",\"@id\":\"https:\/\/www.apparita.it\/de\/borghi-e-castelli\/#breadcrumb\",\"itemListElement\":[{\"@type\":\"ListItem\",\"position\":1,\"item\":{\"@type\":\"WebPage\",\"@id\":\"https:\/\/www.apparita.it\/de\/\",\"url\":\"https:\/\/www.apparita.it\/de\/\",\"name\":\"Home\"}},{\"@type\":\"ListItem\",\"position\":2,\"item\":{\"@type\":\"WebPage\",\"@id\":\"https:\/\/www.apparita.it\/de\/borghi-e-castelli\/\",\"url\":\"https:\/\/www.apparita.it\/de\/borghi-e-castelli\/\",\"name\":\"D\\u00f6rfer und Schl\\u00f6sser\"}}]}]}<\/script>\n<!-- \/ Yoast SEO plugin. -->","_links":{"self":[{"href":"https:\/\/www.apparita.it\/de\/wp-json\/wp\/v2\/pages\/18043"}],"collection":[{"href":"https:\/\/www.apparita.it\/de\/wp-json\/wp\/v2\/pages"}],"about":[{"href":"https:\/\/www.apparita.it\/de\/wp-json\/wp\/v2\/types\/page"}],"author":[{"embeddable":true,"href":"https:\/\/www.apparita.it\/de\/wp-json\/wp\/v2\/users\/1"}],"replies":[{"embeddable":true,"href":"https:\/\/www.apparita.it\/de\/wp-json\/wp\/v2\/comments?post=18043"}],"version-history":[{"count":0,"href":"https:\/\/www.apparita.it\/de\/wp-json\/wp\/v2\/pages\/18043\/revisions"}],"wp:attachment":[{"href":"https:\/\/www.apparita.it\/de\/wp-json\/wp\/v2\/media?parent=18043"}],"curies":[{"name":"wp","href":"https:\/\/api.w.org\/{rel}","templated":true}]}}