{"id":18037,"date":"2015-01-13T17:31:40","date_gmt":"2015-01-13T16:31:40","guid":{"rendered":"http:\/\/www.apparita.it\/attivita-2\/"},"modified":"2015-05-08T17:52:00","modified_gmt":"2015-05-08T15:52:00","slug":"attivita","status":"publish","type":"page","link":"https:\/\/www.apparita.it\/de\/attivita\/","title":{"rendered":"Aktivit\u00e4ten"},"content":{"rendered":"<section class='page-content' style=''  ><section class='container'><div class='row' style=''><div class='col-md-12 ' style='' ><section class='heading-bordered'>\r\n                    <h3>Aktivit\u00e4ten<\/h3>\r\n                <\/section><div class='cma-wysiwyg-editor'><h3><strong>F\u00fchrungen<\/strong><\/h3><p class=\"Stile4\" align=\"justify\"><strong class=\"verde\"> <img class=\"alignleft wp-image-17565\" src=\"http:\/\/www.apparita.it\/wp-content\/uploads\/2014\/05\/rocca-sillana-a-san-dalmazio-2-300x300.jpg\" alt=\"fiume-cecina-masso-delle-fanciulle\" width=\"200\" \/> ROCCA SILLANA<\/strong> -\u00a0Vom 25 April bis 31 Mai, Samstag und Sonntag von 15:00 bis 19:00, jede Stunde. Vom 1 Juni bis 30 September, Samstag, Sonntag und Montag von 16:00 bis 20:00, jede Stunde. Sonderoeffnungen: Ostern, Ostermontag, 1 Mai, 2 Juni von 15:00 bis 19:00. 15 August von 16:00 bis 20:00. Fuer Informationen: +39 0588 62315 \u2013 +39 0588 86099.<br \/><a href=\"http:\/\/www.volterratur.it\/vieni\/arte-cultura\/castelli-e-pievi\/rocca-sillana\/\" target=\"_blank\"><span style=\"text-decoration: underline;\">www.volterratur.it\/vieni\/arte-cultura\/castelli-e-pievi\/rocca-sillana\/<\/span><\/a> .<\/p><div>\u00a0<\/div><\/div><\/div><\/div><\/section><\/section><section class='page-content' style=''  ><section class='container'><div class='row' style=''><div class='col-md-12 ' style='' ><div class='cma-wysiwyg-editor'><p align=\"justify\"><strong class=\"verde\"><img class=\"alignleft wp-image-17566\" src=\"http:\/\/www.apparita.it\/wp-content\/uploads\/2014\/05\/fumarole-e-putizze-a-sasso-pisano-9-300x300.jpg\" alt=\"fumarole-e-putizze-a-sasso-pisano-9\" width=\"200\" \/><\/strong><\/p><p class=\"Stile4\" align=\"justify\"><strong class=\"verde\">GEOTERMIA<\/strong> -\u00a0Juli und August jeden Donnerstag Nachmittag um 16:00 Treffpunkt bei Museo della Geotermia di Larderello. Transfer nach Sasso Pisano um 17:30. Fuer Informationen: +39 0588 62315 \u2013 +39 0588 86099.<a href=\"http:\/\/www.volterratur.it\/il-calore-e-lenergia-della-terra\/\" target=\"_blank\"><br \/><span style=\"text-decoration: underline;\">www.volterratur.it\/il-calore-e-lenergia-della-terra\/<\/span><\/a> .<\/p><div>\u00a0<\/div><\/div><\/div><\/div><\/section><\/section><section class='page-content' style=''  ><section class='container'><div class='row' style=''><div class='col-md-12 ' style='' ><div class='cma-wysiwyg-editor'><p class=\"Stile4\" align=\"justify\"><strong class=\"verde\"><img class=\"alignleft wp-image-17567\" src=\"http:\/\/www.apparita.it\/wp-content\/uploads\/2014\/05\/fiume-cecina-masso-delle-fanciulle-300x300.jpg\" alt=\"rocca-sillana-a-san-dalmazio-2\" width=\"200\" \/><\/strong><\/p><p class=\"Stile4\" align=\"justify\"><strong class=\"verde\">MASSO DELLE FANCIULLE<\/strong> -\u00a0Vom 15 Juli zum 31 August jeden Dienstag Nachmittag um 16:00. Fuer Informationen<br \/><a href=\"http:\/\/www.volterratur.it\/il-fiume-cecina-e-il-masso-delle-fanciulle\/\" target=\"_blank\"><span style=\"text-decoration: underline;\">www.volterratur.it\/il-fiume-cecina-e-il-masso-delle-fanciulle\/<\/span><\/a><\/p><\/div><\/div><\/div><\/section><\/section><section class='page-content' style=''  ><section class='container'><div class='row' style=''><div class='col-md-12 ' style='' ><div class='cma-wysiwyg-editor'><h3>Piscina<\/h3><p><img class=\"alignleft size-medium wp-image-17589\" src=\"http:\/\/www.apparita.it\/wp-content\/uploads\/2014\/05\/piscina-attivita.jpg\" alt=\"attivita in agriturismo. Piscina\" width=\"200\" \/>An hei\u00dfen Sommertagen k\u00f6nnen Sie in unserem Pool abzuk\u00fchlen. Wir haben zwei Pools, einer f\u00fcr Erwachsene 12x6 und einer f\u00fcr Kinder 4x3 .<\/p><p><strong>WI FI<\/strong>im gesamten Poolbereich.<span class=\"Stile6\"><img src=\"http:\/\/www.apparita.it\/big\/Wi-Fi.png\" alt=\"wifi\" width=\"25\" height=\"18\" \/><\/span><\/p><p><a href=\"http:\/\/www.apparita.it\/wp-content\/uploads\/2014\/05\/schwimmbad-regelungen.pdf\" target=\"_blank\"><span style=\"text-decoration: underline;\">Verordnung des Pools.<\/span><\/a><\/p><p><br \/><br \/><\/p><div>\u00a0<\/div><\/div><\/div><\/div><\/section><\/section><section class='page-content' style=''  ><section class='container'><div class='row' style=''><div class='col-md-12 ' style='' ><div class='cma-wysiwyg-editor'><h3><strong>Wanderungen<\/strong><\/h3><p class=\"Stile4\" align=\"justify\"><strong class=\"verde\"><img class=\"alignleft wp-image-17571\" src=\"http:\/\/www.apparita.it\/wp-content\/uploads\/2014\/05\/escursioni-e-visite-guidate-nella-zona-di-pomarance1-300x300.jpg\" alt=\"escursioni-e-visite-guidate-nella-zona-di-pomarance\" width=\"200\" height=\"150\" \/><\/strong><\/p><p>In unserer Gegend kann man gut Wanderungen unternhemen und begegnet so, \u00fcber verschiedene ausgezeichnete Wege, unglaublichen Sch\u00e4tzen der Naturschutzgebiete des oberen Cecina-Tals.<\/p><p><a class=\"Didascalia\" href=\"http:\/\/www.volterratur.it\/?s=riserve\" target=\"_blank\"><span style=\"text-decoration: underline;\">www.volterratur.it\/?s=riserve<\/span><\/a><\/p><br \/><div>\u00a0<\/div><\/div><\/div><\/div><\/section><\/section><section class='page-content' style=''  ><section class='container'><div class='row' style=''><div class='col-md-12 ' style='' ><div class='cma-wysiwyg-editor'><h3><strong>Reiten<\/strong><\/h3><p class=\"Stile4\" align=\"justify\"><strong class=\"verde\"><img class=\"alignleft size-medium wp-image-17575\" src=\"http:\/\/www.apparita.it\/wp-content\/uploads\/2015\/01\/P1160436-300x300.jpg\" alt=\"P1160436\" width=\"200\" \/> <img class=\"alignleft size-medium wp-image-17576\" src=\"http:\/\/www.apparita.it\/wp-content\/uploads\/2015\/01\/5608_101404289871180_6205576_n-300x300.jpg\" alt=\"5608_101404289871180_6205576_n\" width=\"200\" \/> <img class=\"alignleft size-medium wp-image-17577\" src=\"http:\/\/www.apparita.it\/wp-content\/uploads\/2015\/01\/cavallo-escursioni-300x300.jpg\" alt=\"cavallo-escursioni\" width=\"200\" \/> <img class=\"alignleft size-medium wp-image-17578\" src=\"http:\/\/www.apparita.it\/wp-content\/uploads\/2015\/01\/Centro_ippico_di_S.Barbara-300x300.jpg\" alt=\"Centro_ippico_di_S.Barbara\" width=\"200\" \/><\/strong><\/p><p class=\"Stile6\" align=\"justify\"><strong class=\"verde\">Centro Ippico Comunale F.I.S.E \"Santa Barbara\"<\/strong><\/p><p class=\"Stile5\" align=\"justify\">In Pomarance (7 km) ist es m\u00f6glich mit dem Pferd Ausfl\u00fcge zu machen oder Reitstunden su nehmen fuer Erwachsene und Kinder (PONY CLUB). Im Sommer werden Tage (giornate verdi) und Wochen (settimane verdi) fuer Kinder organisiert.<br \/><br \/><\/p><p class=\"Stile5\" align=\"justify\">Per informazioni:<\/p><p class=\"Stile5\" align=\"justify\">Viale San Piero 56045 Pomarance (PI) - Maurizio: 3282167048 email: <a title=\"centro ippico santa barbara\" href=\"mailto:sbarbaracentroippico@libero.it\" target=\"_blank\"><span style=\"text-decoration: underline;\">sbarbaracentroippico@libero.it<\/span><\/a><\/p><p class=\"Stile5\" align=\"justify\">Web Cavallino Monterufolino: <a href=\"http:\/\/www.monterufolino.it\/\" target=\"_blank\"><span style=\"text-decoration: underline;\">www.monterufolino.it<\/span><\/a><\/p><div>\u00a0<\/div><\/div><\/div><\/div><div class='row' style=''><div class='col-md-12 ' style='' ><div class='cma-wysiwyg-editor'><h3>Geothermischer Bio-Teich<\/h3><p class=\"Stile4\" align=\"justify\"><strong class=\"verde\"> <img class=\"alignleft size-medium wp-image-17581\" src=\"http:\/\/www.apparita.it\/wp-content\/uploads\/2014\/05\/biolago-300x300.jpg\" alt=\"biolago\" width=\"200\" \/><\/strong><\/p><p>Badekomplex von hei\u00dfen Quellen gespeist. Calidarium mit Wasser bei 36 \u00b0 und Bio - Teich mit lauwarmen Wasser.<\/p><p><a href=\"http:\/\/www.apparita.it\/fotografie\/Sasso-Pisano-Biolago.pdf\" target=\"_blank\">Locandina PDF<\/a><\/p><p><a href=\"http:\/\/www.biolagosasso.it\/\" target=\"_blank\"><span style=\"text-decoration: underline;\">www.biolagosasso.it<\/span><\/a><\/p><br \/><p class=\"Stile4\" align=\"justify\">\u00a0<\/p><div>\u00a0<\/div><\/div><\/div><\/div><div class='row' style=''><div class='col-md-12 ' style='' ><div class='cma-wysiwyg-editor'><h3>Terme<\/h3><p align=\"justify\"><img class=\"alignleft size-medium wp-image-17588\" src=\"http:\/\/www.apparita.it\/wp-content\/uploads\/2014\/05\/terme-300x300.jpg\" alt=\"terme\" width=\"200\" \/>Thermalb\u00e4der in\u00a0<strong><a href=\"http:\/\/www.termedicasciana.com\/\" target=\"_blank\">Casciana Terme (PI)<\/a>\u00a0<\/strong>40 Km entfernt und in Venturina (LI) le<strong>\u00a0<a href=\"http:\/\/www.calidario.it\/\" target=\"_blank\">Terme Etrusche del Calidario 50 Km<\/a><\/strong>.<\/p><div>\u00a0<\/div><br \/><\/div><\/div><\/div><div class='row' style=''><div class='col-md-12 ' style='' ><div class='cma-wysiwyg-editor'><h3>Ping Pong e Calcetto<\/h3><p><img class=\"alignleft size-medium wp-image-17589\" src=\"http:\/\/www.apparita.it\/wp-content\/uploads\/2014\/05\/calcetto-e-ping-pong-300x300.jpg\" alt=\"calcetto-e-ping-pong\" width=\"200\" \/>Wir haben einen Tischtennis, das zur Verf\u00fcgung unserer G\u00e4ste steht.<\/p><p><br \/><br \/><\/p><div>\u00a0<\/div><\/div><\/div><\/div><div class='row' style=''><div class='col-md-12 ' style='' ><div class='cma-wysiwyg-editor'><h3>Golf<\/h3><p><img class=\"alignleft size-medium wp-image-17589\" src=\"http:\/\/www.apparita.it\/wp-content\/uploads\/2014\/05\/attivita-nelle-vicinanze-golf.jpg\" alt=\"calcetto-e-ping-pong\" width=\"200\" \/>In Colle Val d'Elsa (SI) 35 Km entfernt ist es m\u00f6glich Golf spielen\u00a0<a href=\"http:\/\/www.abbadiagolf.com\/\" target=\"_blank\">Golf Club l'Abbadia<\/a>.<\/p><p><br \/><br \/><\/p><div>\u00a0<\/div><\/div><\/div><\/div><div class='row' style=''><div class='col-md-12 ' style='' ><div class='cma-wysiwyg-editor'><h3>Parco Avventura<\/h3><p><img class=\"alignleft size-medium wp-image-17589\" src=\"http:\/\/www.apparita.it\/wp-content\/uploads\/2014\/05\/giardino-sospeso-a-riparbella.jpg\" alt=\"calcetto-e-ping-pong\" width=\"200\" \/>Von unserem Bauernhof 35 Km entfernt. (Riparbella)<br \/>Web:\u00a0<strong class=\"verde\"><a href=\"http:\/\/www.ilgiardinosospeso.it\/\" target=\"_blank\"><span style=\"text-decoration: underline;\">www.ilgiardinosospeso.it<\/span><\/a><\/strong><\/p><br \/><p><br \/><br \/><\/p><div>\u00a0<\/div><\/div><\/div><\/div><\/section><\/section>\n","protected":false},"excerpt":{"rendered":"","protected":false},"author":1,"featured_media":0,"parent":0,"menu_order":0,"comment_status":"closed","ping_status":"open","template":"prezzi.php","meta":[],"yoast_head":"<!-- This site is optimized with the Yoast SEO plugin v16.1.1 - https:\/\/yoast.com\/wordpress\/plugins\/seo\/ -->\n<meta name=\"description\" content=\"Aktivit\u00e4ten wie gef\u00fchrte Touren, Wandern, Reiten, die Sie auf einem Bauernhof oder in der N\u00e4he zu finden.\" \/>\n<link rel=\"canonical\" href=\"https:\/\/www.apparita.it\/de\/attivita\/\" \/>\n<meta property=\"og:locale\" content=\"de_DE\" \/>\n<meta property=\"og:type\" content=\"article\" \/>\n<meta property=\"og:title\" content=\"Aktivit\u00e4ten - gef\u00fchrte Touren, Wandern, Reiten\" \/>\n<meta property=\"og:description\" content=\"Aktivit\u00e4ten wie gef\u00fchrte Touren, Wandern, Reiten, die Sie auf einem Bauernhof oder in der N\u00e4he zu finden.\" \/>\n<meta property=\"og:url\" content=\"https:\/\/www.apparita.it\/de\/attivita\/\" \/>\n<meta property=\"og:site_name\" content=\"Agriturismo Apparita Toskana, Pisa - Zimmer, Pool, Urlaub\" \/>\n<meta property=\"article:modified_time\" content=\"2015-05-08T15:52:00+00:00\" \/>\n<meta name=\"twitter:label1\" content=\"Gesch\u00e4tzte Lesezeit\">\n\t<meta name=\"twitter:data1\" content=\"1\u00a0Minute\">\n<script type=\"application\/ld+json\" class=\"yoast-schema-graph\">{\"@context\":\"https:\/\/schema.org\",\"@graph\":[{\"@type\":\"WebSite\",\"@id\":\"https:\/\/www.apparita.it\/#website\",\"url\":\"https:\/\/www.apparita.it\/\",\"name\":\"Agriturismo Apparita Toskana, Pisa - Zimmer, Pool, Urlaub\",\"description\":\"Biohof in der Naehe von Volterra, 6 Zimmer mit Bad, Schwimmbad, Restaurant mit typischen toskanischen Gerichte.\",\"potentialAction\":[{\"@type\":\"SearchAction\",\"target\":\"https:\/\/www.apparita.it\/?s={search_term_string}\",\"query-input\":\"required name=search_term_string\"}],\"inLanguage\":\"de\"},{\"@type\":\"WebPage\",\"@id\":\"https:\/\/www.apparita.it\/de\/attivita\/#webpage\",\"url\":\"https:\/\/www.apparita.it\/de\/attivita\/\",\"name\":\"Aktivit\\u00e4ten - gef\\u00fchrte Touren, Wandern, Reiten\",\"isPartOf\":{\"@id\":\"https:\/\/www.apparita.it\/#website\"},\"datePublished\":\"2015-01-13T16:31:40+00:00\",\"dateModified\":\"2015-05-08T15:52:00+00:00\",\"description\":\"Aktivit\\u00e4ten wie gef\\u00fchrte Touren, Wandern, Reiten, die Sie auf einem Bauernhof oder in der N\\u00e4he zu finden.\",\"breadcrumb\":{\"@id\":\"https:\/\/www.apparita.it\/de\/attivita\/#breadcrumb\"},\"inLanguage\":\"de\",\"potentialAction\":[{\"@type\":\"ReadAction\",\"target\":[\"https:\/\/www.apparita.it\/de\/attivita\/\"]}]},{\"@type\":\"BreadcrumbList\",\"@id\":\"https:\/\/www.apparita.it\/de\/attivita\/#breadcrumb\",\"itemListElement\":[{\"@type\":\"ListItem\",\"position\":1,\"item\":{\"@type\":\"WebPage\",\"@id\":\"https:\/\/www.apparita.it\/de\/\",\"url\":\"https:\/\/www.apparita.it\/de\/\",\"name\":\"Home\"}},{\"@type\":\"ListItem\",\"position\":2,\"item\":{\"@type\":\"WebPage\",\"@id\":\"https:\/\/www.apparita.it\/de\/attivita\/\",\"url\":\"https:\/\/www.apparita.it\/de\/attivita\/\",\"name\":\"Aktivit\\u00e4ten\"}}]}]}<\/script>\n<!-- \/ Yoast SEO plugin. -->","_links":{"self":[{"href":"https:\/\/www.apparita.it\/de\/wp-json\/wp\/v2\/pages\/18037"}],"collection":[{"href":"https:\/\/www.apparita.it\/de\/wp-json\/wp\/v2\/pages"}],"about":[{"href":"https:\/\/www.apparita.it\/de\/wp-json\/wp\/v2\/types\/page"}],"author":[{"embeddable":true,"href":"https:\/\/www.apparita.it\/de\/wp-json\/wp\/v2\/users\/1"}],"replies":[{"embeddable":true,"href":"https:\/\/www.apparita.it\/de\/wp-json\/wp\/v2\/comments?post=18037"}],"version-history":[{"count":0,"href":"https:\/\/www.apparita.it\/de\/wp-json\/wp\/v2\/pages\/18037\/revisions"}],"wp:attachment":[{"href":"https:\/\/www.apparita.it\/de\/wp-json\/wp\/v2\/media?parent=18037"}],"curies":[{"name":"wp","href":"https:\/\/api.w.org\/{rel}","templated":true}]}}