{"id":18031,"date":"2014-12-09T19:15:51","date_gmt":"2014-12-09T18:15:51","guid":{"rendered":"http:\/\/www.apparita.it\/contatti-e-prenotazioni-2\/"},"modified":"2020-01-22T15:34:23","modified_gmt":"2020-01-22T14:34:23","slug":"contatti-e-prenotazioni","status":"publish","type":"page","link":"https:\/\/www.apparita.it\/de\/contatti-e-prenotazioni\/","title":{"rendered":"Kontakt und Buchung"},"content":{"rendered":"<section class='page-content' style=''  ><section class='container'><div class='row' style=''><div class='col-md-6 ' style='' ><section class='heading-bordered'>\r\n                    <h3>Kontakt und Buchung<\/h3>\r\n                <\/section><div style='margin-bottom: 20px;' class=''><div class='cma-wysiwyg-editor'><p style=\"text-align: left;\">Sie k\u00f6nnen die folgende Telephonnummern anrufen (man spricht deutsch):<br \/>Tel.\/Fax : <strong class=\"verde\">+ 39 0588 66085<\/strong> <br \/>Mobile\u00a0: <strong class=\"verde\">+ 39 348 7386848<\/strong> <br \/><br \/>Oder ein e-mail senden:\u00a0<strong><a href=\"mailto:info@apparita.it\" target=\"_blank\">info@apparita.it<\/a><\/strong><\/p><\/div><\/div><\/div><div class='col-md-6 fmobile' style='' ><section class='heading-bordered'>\r\n                    <h3>Zahlungen<\/h3>\r\n                <\/section><div style='margin-top: 20px;' class=''><div class='cma-wysiwyg-editor'><p><strong>Sie k\u00f6nnen sich telefonisch per Fax oder E-mail anmelden (man spricht deutsch). Wir garantieren die Reservierung nach Erhalt einer Kaution von 40% auf den Gesamtbetrag (ohne Kosten f\u00fcr uns) Ihres Aufenthalts.<\/strong><br \/><br \/><br \/><\/p><p><strong class=\"verde\">Zahlung on line mit Kredit Karte<\/strong><\/p><form action=\"https:\/\/www.paypal.com\/cgi-bin\/webscr\" method=\"post\" target=\"_top\"><input name=\"cmd\" type=\"hidden\" value=\"_s-xclick\" \/> <input name=\"hosted_button_id\" type=\"hidden\" value=\"C8ZLD3VLDAETA\" \/> <input alt=\"Jetzt einfach, schnell und sicher online bezahlen \u00f1 mit PayPal.\" name=\"submit\" src=\"https:\/\/www.paypal.com\/de_DE\/DE\/i\/btn\/btn_buynowCC_LG.gif\" type=\"image\" \/> <img src=\"https:\/\/www.paypalobjects.com\/it_IT\/i\/scr\/pixel.gif\" alt=\"\" width=\"1\" height=\"1\" border=\"0\" \/><\/form><p><br \/><br \/><\/p><p><strong class=\"verde\">Die Mit Bank\u00fcberweisung:<\/strong><\/p><p>Kontoinhaber: Ambrogio Balzarotti<\/p><p>INTESA SAN PAOLO - Piazza S.Anna, 2 - 56045 Pomarance (PISA)<\/p><p>IBAN: IT51 S030 6971 1130 0000 0005 900\u00a0<\/p><p><span class=\"verde\">(IT51S0306971113000000005900)<\/span><\/p><p>BIC\/SWIFT:\u00a0<strong>BCITITMM<\/strong><\/p><\/div><\/div><\/div><\/div><\/section><\/section>\n","protected":false},"excerpt":{"rendered":"","protected":false},"author":1,"featured_media":0,"parent":0,"menu_order":0,"comment_status":"closed","ping_status":"open","template":"","meta":[],"yoast_head":"<!-- This site is optimized with the Yoast SEO plugin v16.1.1 - https:\/\/yoast.com\/wordpress\/plugins\/seo\/ -->\n<meta name=\"description\" content=\"Seite f\u00fcr Kontakte und Reservierungen. Zu bilden, um Informationen und Details f\u00fcr die Zahlung per Bank\u00fcberweisung und Kreditkarte beantragen.\" \/>\n<link rel=\"canonical\" href=\"https:\/\/www.apparita.it\/de\/contatti-e-prenotazioni\/\" \/>\n<meta property=\"og:locale\" content=\"de_DE\" \/>\n<meta property=\"og:type\" content=\"article\" \/>\n<meta property=\"og:title\" content=\"Kontakt und Buchung - Zahlung per Bank\u00fcberweisung und Kreditkarte\" \/>\n<meta property=\"og:description\" content=\"Seite f\u00fcr Kontakte und Reservierungen. Zu bilden, um Informationen und Details f\u00fcr die Zahlung per Bank\u00fcberweisung und Kreditkarte beantragen.\" \/>\n<meta property=\"og:url\" content=\"https:\/\/www.apparita.it\/de\/contatti-e-prenotazioni\/\" \/>\n<meta property=\"og:site_name\" content=\"Agriturismo Apparita Toskana, Pisa - Zimmer, Pool, Urlaub\" \/>\n<meta property=\"article:modified_time\" content=\"2020-01-22T14:34:23+00:00\" \/>\n<script type=\"application\/ld+json\" class=\"yoast-schema-graph\">{\"@context\":\"https:\/\/schema.org\",\"@graph\":[{\"@type\":\"WebSite\",\"@id\":\"https:\/\/www.apparita.it\/#website\",\"url\":\"https:\/\/www.apparita.it\/\",\"name\":\"Agriturismo Apparita Toskana, Pisa - Zimmer, Pool, Urlaub\",\"description\":\"Biohof in der Naehe von Volterra, 6 Zimmer mit Bad, Schwimmbad, Restaurant mit typischen toskanischen Gerichte.\",\"potentialAction\":[{\"@type\":\"SearchAction\",\"target\":\"https:\/\/www.apparita.it\/?s={search_term_string}\",\"query-input\":\"required name=search_term_string\"}],\"inLanguage\":\"de\"},{\"@type\":\"WebPage\",\"@id\":\"https:\/\/www.apparita.it\/de\/contatti-e-prenotazioni\/#webpage\",\"url\":\"https:\/\/www.apparita.it\/de\/contatti-e-prenotazioni\/\",\"name\":\"Kontakt und Buchung - Zahlung per Bank\\u00fcberweisung und Kreditkarte\",\"isPartOf\":{\"@id\":\"https:\/\/www.apparita.it\/#website\"},\"datePublished\":\"2014-12-09T18:15:51+00:00\",\"dateModified\":\"2020-01-22T14:34:23+00:00\",\"description\":\"Seite f\\u00fcr Kontakte und Reservierungen. Zu bilden, um Informationen und Details f\\u00fcr die Zahlung per Bank\\u00fcberweisung und Kreditkarte beantragen.\",\"breadcrumb\":{\"@id\":\"https:\/\/www.apparita.it\/de\/contatti-e-prenotazioni\/#breadcrumb\"},\"inLanguage\":\"de\",\"potentialAction\":[{\"@type\":\"ReadAction\",\"target\":[\"https:\/\/www.apparita.it\/de\/contatti-e-prenotazioni\/\"]}]},{\"@type\":\"BreadcrumbList\",\"@id\":\"https:\/\/www.apparita.it\/de\/contatti-e-prenotazioni\/#breadcrumb\",\"itemListElement\":[{\"@type\":\"ListItem\",\"position\":1,\"item\":{\"@type\":\"WebPage\",\"@id\":\"https:\/\/www.apparita.it\/de\/\",\"url\":\"https:\/\/www.apparita.it\/de\/\",\"name\":\"Home\"}},{\"@type\":\"ListItem\",\"position\":2,\"item\":{\"@type\":\"WebPage\",\"@id\":\"https:\/\/www.apparita.it\/de\/contatti-e-prenotazioni\/\",\"url\":\"https:\/\/www.apparita.it\/de\/contatti-e-prenotazioni\/\",\"name\":\"Kontakt und Buchung\"}}]}]}<\/script>\n<!-- \/ Yoast SEO plugin. -->","_links":{"self":[{"href":"https:\/\/www.apparita.it\/de\/wp-json\/wp\/v2\/pages\/18031"}],"collection":[{"href":"https:\/\/www.apparita.it\/de\/wp-json\/wp\/v2\/pages"}],"about":[{"href":"https:\/\/www.apparita.it\/de\/wp-json\/wp\/v2\/types\/page"}],"author":[{"embeddable":true,"href":"https:\/\/www.apparita.it\/de\/wp-json\/wp\/v2\/users\/1"}],"replies":[{"embeddable":true,"href":"https:\/\/www.apparita.it\/de\/wp-json\/wp\/v2\/comments?post=18031"}],"version-history":[{"count":1,"href":"https:\/\/www.apparita.it\/de\/wp-json\/wp\/v2\/pages\/18031\/revisions"}],"predecessor-version":[{"id":19874,"href":"https:\/\/www.apparita.it\/de\/wp-json\/wp\/v2\/pages\/18031\/revisions\/19874"}],"wp:attachment":[{"href":"https:\/\/www.apparita.it\/de\/wp-json\/wp\/v2\/media?parent=18031"}],"curies":[{"name":"wp","href":"https:\/\/api.w.org\/{rel}","templated":true}]}}