{"id":18025,"date":"2014-12-11T16:12:12","date_gmt":"2014-12-11T15:12:12","guid":{"rendered":"http:\/\/www.apparita.it\/dicono-di-noi-2\/"},"modified":"2020-01-17T12:28:06","modified_gmt":"2020-01-17T11:28:06","slug":"dicono-di-noi","status":"publish","type":"page","link":"https:\/\/www.apparita.it\/de\/dicono-di-noi\/","title":{"rendered":"\u00dcber uns"},"content":{"rendered":"<section class='page-content' style=''  ><section class='container'><div class='row' style=''><div class='col-md-12 ' style='' ><section class='heading-bordered'>\r\n                    <h3>\u00dcber uns<\/h3>\r\n                <\/section><div style='margin-bottom: 20px;' class=''><div class='cma-wysiwyg-editor'><blockquote><p style=\"text-align: center;\">Eine \"paradiesische Ecke\" bezeichnen die G\u00e4ste oft unseren Agriturismo Apparita .Wir haben das Gl\u00fcck hier zu wohnen und freuen uns diese Erfahrung mit Ihnen w\u00e4hrend Ihres Aufenthaltes bei uns teilen zu k\u00f6nnen.<\/p><\/blockquote><h3 style=\"text-align: center;\"><strong><br \/><strong>Herzlichen Dank an all unseren G\u00e4sten die sich fuer Apparita entschieden haben.<\/strong><br \/><br \/><\/strong><\/h3><p style=\"text-align: center;\"><img src=\"http:\/\/www.apparita.it\/wp-content\/uploads\/2015\/01\/Famiglia.jpg\" alt=\"noi\" width=\"100%\" \/><\/p><\/div><\/div><div style='margin-top: 40px;margin-bottom: 20px;' class=''><div class='cma-wysiwyg-editor'><p><img style=\"margin-right: 20px;\" src=\"http:\/\/www.apparita.it\/diconodinoi\/locande-Italia-slow-food.gif\" alt=\"selezionato da locande d'italia\" width=\"100\" align=\"left\" \/><\/p><p><span class=\"verde\">Locande d'Italia 2013<\/span><br \/> <br \/>Guida di Slow Food<\/p><div style=\"height: 120px; display: block;\">\u00a0<\/div><p><img class=\"aligncenter\" style=\"margin-right: 20px;\" src=\"http:\/\/www.apparita.it\/diconodinoi\/touringagriturismo.jpg\" alt=\"touring club\" width=\"100\" align=\"left\" border=\"0\" \/><\/p><p><span class=\"verde\">Selezionati Touring Club dal 2001<\/span><br \/> <br \/><br \/><\/p><\/div><\/div><div class='cma-wysiwyg-editor'><p><br \/><br \/><\/p><\/div><div style='margin-top: 100px;' class=''><div class='cma-wysiwyg-editor'><table style=\"width: 100% !important;\"><tbody><tr><td align=\"center\" width=\"25%\"><p><a href=\"http:\/\/www.10q.it\/strutture_scheda.php?id=2025&amp;parametri=provincia=PI|ricerca=qci&amp;totrec=25&amp;startRec=12\"><img src=\"http:\/\/www.apparita.it\/diconodinoi\/ospitalita.png\" alt=\"marchio ospitalit\u00e0 italiana\" width=\"161\" height=\"118\" border=\"0\" \/><\/a><\/p><\/td><td align=\"center\" width=\"25%\"><div id=\"TA_certificateOfExcellence385\" class=\"TA_certificateOfExcellence\"><ul id=\"7kJTVNTMpOmV\" class=\"TA_links jpMmGs68KMgs\"><li id=\"1BKnul8YenR\" class=\"EARt1sONomE\"><a href=\"http:\/\/www.tripadvisor.de\/\" target=\"_blank\"><img id=\"CDSWIDCOELOGO\" class=\"widCOEImg\" src=\"http:\/\/www.tripadvisor.de\/img\/cdsi\/img2\/awards\/CoE2014_WidgetAsset-14348-2.png\" alt=\"TripAdvisor\" \/><\/a><\/li><\/ul><\/div><script src=\"http:\/\/www.jscache.com\/wejs?wtype=certificateOfExcellence&amp;uniq=385&amp;locationId=254485&amp;lang=de&amp;year=2013&amp;display_version=2\"><\/script>\u00a0<\/td><td align=\"center\" width=\"25%\"><div id=\"TA_certificateOfExcellence21\" class=\"TA_certificateOfExcellence\"><ul id=\"TKvMWCUr\" class=\"TA_links BtXJLEy\"><li id=\"IFrbJos\" class=\"wjyqNeyHKG\"><a href=\"http:\/\/www.tripadvisor.de\/\" target=\"_blank\"><img id=\"CDSWIDCOELOGO\" class=\"widCOEImg\" src=\"http:\/\/www.tripadvisor.de\/img\/cdsi\/img2\/awards\/CoE2014_WidgetAsset-14348-2.png\" alt=\"TripAdvisor\" \/><\/a><\/li><\/ul><\/div><script src=\"http:\/\/www.jscache.com\/wejs?wtype=certificateOfExcellence&amp;uniq=21&amp;locationId=254485&amp;lang=de&amp;year=2014&amp;display_version=2\"><\/script><\/td><td align=\"center\" width=\"25%\"><div id=\"TA_certificateOfExcellence150\" class=\"TA_certificateOfExcellence\"><ul id=\"z9dj22f8j\" class=\"TA_links 7ZdstkKfnjt5\"><li id=\"DOFMNrmWi\" class=\"LA4k6lEX4t6j\"><a href=\"http:\/\/www.tripadvisor.de\/Hotel_Review-g776018-d254485-Reviews-Agriturismo_Apparita-Pomarance_Province_of_Pisa_Tuscany.html\" target=\"_blank\"><img id=\"CDSWIDCOELOGO\" class=\"widCOEImg\" src=\"http:\/\/www.tripadvisor.de\/img\/cdsi\/img2\/awards\/CoE2015_WidgetAsset-14348-2.png\" alt=\"TripAdvisor\" \/><\/a><\/li><\/ul><\/div><script src=\"http:\/\/www.jscache.com\/wejs?wtype=certificateOfExcellence&amp;uniq=150&amp;locationId=254485&amp;lang=de&amp;year=2015&amp;display_version=2\"><\/script><\/td><\/tr><\/tbody><\/table><p class=\"Stile10\" style=\"text-align: justify;\"><span class=\"Stile10\">Auf dieser Seite haben Sie die M\u00f6glichkeit die Kommentare von fr\u00fcheren G\u00e4sten zu lesen und wenn Sie m\u00f6chten, Ihren Eindruck f\u00fcr zuk\u00fcnftige G\u00e4ste oder Verbesserungsvorschl\u00e4ge einzutragen hinzuzuf\u00fcgen.<\/span><\/p><p class=\"Stile10\" style=\"text-align: justify;\">Unser wichtigstes Anliegen bleibt Sie herzlich bei uns willkommen zu heissen, so dass Ihnen Ihr Aufenthalt in unserem Agriturismo Apparita in sehr sch\u00f6ner Erinnerung bleibt.<\/p><\/div><\/div><\/div><\/div><\/section><\/section><section class='page-content' style=''  ><section class='container'><div class='row' style=''><div class='col-md-3 ' style='' ><div class='cma-wysiwyg-editor'><p><iframe src=\"http:\/\/www.apparita.it\/ta_de.html\" width=\"300\" height=\"130\"><\/iframe><\/p><\/div><\/div><div class='col-md-3 ' style='' ><div class='cma-wysiwyg-editor'><div><script src=\"http:\/\/www.zoover.it\/gadgets\/getgadget.aspx?gadgetType=12&amp;entid=212832&amp;entlvl=accommodation&amp;isPoi=False\" type=\"text\/javascript\"><\/script><a style=\"display: block; background-color: #ff5d10; font-size: 11px; font-family: Tahoma; font-weight: bold; line-height: 17px; text-align: center; width: 160px; color: white; text-decoration: underline;\" href=\"http:\/\/www.zoover.it\/italia\/toscana\/san-dalmazio\/agriturismo-apparita\/pensione\" target=\"_blank\"><span style=\"display: block; padding: 2px;\">Agriturismo Apparita<\/span><\/a><\/div><\/div><\/div><div class='col-md-3 ' style='' ><div class='cma-wysiwyg-editor'><p><a title=\"Agriturismo.it: Apparita, Pomarance\" href=\"http:\/\/www.agriturismo.it\/badge\/landing?id=8510703\"><img title=\"Agriturismi: Apparita, Pomarance\" src=\"http:\/\/www.agriturismo.it\/badge\/dispatcher?id=8510703&amp;type=1\" alt=\"Agriturismi: Apparita, Pomarance\" border=\"0\" \/><\/a><\/p><\/div><\/div><div class='col-md-3 ' style='' ><div class='cma-wysiwyg-editor'><table align=\"center\"><tbody><tr><td><div id=\"CDSWIDWRM\" style=\"margin: 0; padding: 0; width: 170px; border: none; background-color: #589442; overflow: hidden; height: auto; position: relative;\"><div style=\"padding: 13px 11px; background-color: #fff; border: 1px solid #589442; position: relative;\"><div style=\"margin: 3px 0 3px; padding: 0 0 8px; overflow: hidden; border-bottom: 1px solid #CCCCCC; border-top: none; border-left: none; border-right: none; text-align: center;\"><a href=\"http:\/\/www.tripadvisor.de\/\" target=\"_blank\" rel=\"noopener\"><img style=\"border: none;\" src=\"http:\/\/www.tripadvisor.de\/img\/cdsi\/img2\/branding\/medium-logo-12096-2.png\" alt=\"TripAdvisor\" \/><\/a><\/div><div style=\"margin: 0; padding: 10px 0 8px; border: none; font: bold 14px Arial,Verdana,Tahoma,'Bitstream Vera Sans',sans-serif; color: #2c2c2c; text-align: center; line-height: normal; letter-spacing: 0;\">Agriturismo Apparita bewerten<\/div><div style=\"margin: 0px 0 0 0; padding: 6px 0; border: none; background-color: none; white-space: nowrap; text-align: center; margin-left: auto; margin-right: auto; position: relative;\"><input style=\"border: active:border:none; background: url('http:\/\/static.tacdn.com\/img2\/sprites\/yellow-button.png') 0 0 repeat-x #EA9523; cursor: pointer; text-decoration: none; outline: none; font: bold 13px Arial,Tahoma,'Bitstream Vera Sans',sans-serif; color: #000; letter-spacing: 0; vertical-align: center; text-align: center; width: auto; height: 27px; position: relative;\" type=\"button\" value=\"Bewertung schreiben\" \/><\/div><\/div><\/div><\/td><\/tr><\/tbody><\/table><\/div><\/div><\/div><\/section><\/section>\n","protected":false},"excerpt":{"rendered":"","protected":false},"author":1,"featured_media":0,"parent":0,"menu_order":0,"comment_status":"closed","ping_status":"open","template":"prezzi.php","meta":[],"yoast_head":"<!-- This site is optimized with the Yoast SEO plugin v16.1.1 - https:\/\/yoast.com\/wordpress\/plugins\/seo\/ -->\n<link rel=\"canonical\" href=\"https:\/\/www.apparita.it\/de\/dicono-di-noi\/\" \/>\n<meta property=\"og:locale\" content=\"de_DE\" \/>\n<meta property=\"og:type\" content=\"article\" \/>\n<meta property=\"og:title\" content=\"\u00dcber uns - Agriturismo Apparita Toskana, Pisa - Zimmer, Pool, Urlaub\" \/>\n<meta property=\"og:url\" content=\"https:\/\/www.apparita.it\/de\/dicono-di-noi\/\" \/>\n<meta property=\"og:site_name\" content=\"Agriturismo Apparita Toskana, Pisa - Zimmer, Pool, Urlaub\" \/>\n<meta property=\"article:modified_time\" content=\"2020-01-17T11:28:06+00:00\" \/>\n<script type=\"application\/ld+json\" class=\"yoast-schema-graph\">{\"@context\":\"https:\/\/schema.org\",\"@graph\":[{\"@type\":\"WebSite\",\"@id\":\"https:\/\/www.apparita.it\/#website\",\"url\":\"https:\/\/www.apparita.it\/\",\"name\":\"Agriturismo Apparita Toskana, Pisa - Zimmer, Pool, Urlaub\",\"description\":\"Biohof in der Naehe von Volterra, 6 Zimmer mit Bad, Schwimmbad, Restaurant mit typischen toskanischen Gerichte.\",\"potentialAction\":[{\"@type\":\"SearchAction\",\"target\":\"https:\/\/www.apparita.it\/?s={search_term_string}\",\"query-input\":\"required name=search_term_string\"}],\"inLanguage\":\"de\"},{\"@type\":\"WebPage\",\"@id\":\"https:\/\/www.apparita.it\/de\/dicono-di-noi\/#webpage\",\"url\":\"https:\/\/www.apparita.it\/de\/dicono-di-noi\/\",\"name\":\"\\u00dcber uns - Agriturismo Apparita Toskana, Pisa - Zimmer, Pool, Urlaub\",\"isPartOf\":{\"@id\":\"https:\/\/www.apparita.it\/#website\"},\"datePublished\":\"2014-12-11T15:12:12+00:00\",\"dateModified\":\"2020-01-17T11:28:06+00:00\",\"breadcrumb\":{\"@id\":\"https:\/\/www.apparita.it\/de\/dicono-di-noi\/#breadcrumb\"},\"inLanguage\":\"de\",\"potentialAction\":[{\"@type\":\"ReadAction\",\"target\":[\"https:\/\/www.apparita.it\/de\/dicono-di-noi\/\"]}]},{\"@type\":\"BreadcrumbList\",\"@id\":\"https:\/\/www.apparita.it\/de\/dicono-di-noi\/#breadcrumb\",\"itemListElement\":[{\"@type\":\"ListItem\",\"position\":1,\"item\":{\"@type\":\"WebPage\",\"@id\":\"https:\/\/www.apparita.it\/de\/\",\"url\":\"https:\/\/www.apparita.it\/de\/\",\"name\":\"Home\"}},{\"@type\":\"ListItem\",\"position\":2,\"item\":{\"@type\":\"WebPage\",\"@id\":\"https:\/\/www.apparita.it\/de\/dicono-di-noi\/\",\"url\":\"https:\/\/www.apparita.it\/de\/dicono-di-noi\/\",\"name\":\"\\u00dcber uns\"}}]}]}<\/script>\n<!-- \/ Yoast SEO plugin. -->","_links":{"self":[{"href":"https:\/\/www.apparita.it\/de\/wp-json\/wp\/v2\/pages\/18025"}],"collection":[{"href":"https:\/\/www.apparita.it\/de\/wp-json\/wp\/v2\/pages"}],"about":[{"href":"https:\/\/www.apparita.it\/de\/wp-json\/wp\/v2\/types\/page"}],"author":[{"embeddable":true,"href":"https:\/\/www.apparita.it\/de\/wp-json\/wp\/v2\/users\/1"}],"replies":[{"embeddable":true,"href":"https:\/\/www.apparita.it\/de\/wp-json\/wp\/v2\/comments?post=18025"}],"version-history":[{"count":1,"href":"https:\/\/www.apparita.it\/de\/wp-json\/wp\/v2\/pages\/18025\/revisions"}],"predecessor-version":[{"id":19818,"href":"https:\/\/www.apparita.it\/de\/wp-json\/wp\/v2\/pages\/18025\/revisions\/19818"}],"wp:attachment":[{"href":"https:\/\/www.apparita.it\/de\/wp-json\/wp\/v2\/media?parent=18025"}],"curies":[{"name":"wp","href":"https:\/\/api.w.org\/{rel}","templated":true}]}}