{"id":18007,"date":"2015-01-12T16:16:11","date_gmt":"2015-01-12T15:16:11","guid":{"rendered":"http:\/\/www.apparita.it\/il-ristorante-2\/"},"modified":"2015-02-11T12:28:45","modified_gmt":"2015-02-11T11:28:45","slug":"il-ristorante","status":"publish","type":"page","link":"https:\/\/www.apparita.it\/de\/il-ristorante\/","title":{"rendered":"Das Restaurant"},"content":{"rendered":"<section class='page-content' style=''  ><section class='container'><div class='row' style=''><div class='col-md-12 ' style='' ><section class='heading-bordered'>\r\n                    <h3>Das Restaurant<\/h3>\r\n                <\/section><div class='cma-wysiwyg-editor'><p style=\"text-align: justify;\">Die G\u00e4ste des <strong class=\"verde\">Agriturismo Apparita<\/strong> k\u00f6nnen in unserem Restaurant t\u00e4glich Gerichte geniessen, die ihren Ursprung in alten toskanischen Rezeptb\u00fcchern finden. Die Mahlzeiten bestehen immer aus einem festen Menu mit 4\u00a0G\u00e4ngen (Nudel\/oder Reisgerichten bzw. Suppen, Fleisch oder Fischgerichte und Nachtisch).<br \/><br \/><span lang=\"de\" xml:lang=\"de\">Beim Anrichten der Speisen achten wir gerne auf die Verwendung von Zutaten je nach Saison und die Einbringung von Produkten aus der nahgelegenen Umgebung (K\u00e4se , verschiedene Wurstsorten, Lammfleisch aus Pomarance, Dinkel, H\u00fclsenfr\u00fcchte\u2026.).<\/span><span lang=\"de\" xml:lang=\"de\"> Grundlage unserer Rezepte ist das biologische Oliven\u00f6l aus unser eigenen Herstellung.<\/span> <span lang=\"de\" xml:lang=\"de\">Das Gem\u00fcse, vor allem in den Sommermonaten, kommt aus\u00a0 unserem \u00a0biologischen Gem\u00fcsegarten. Zahlreiche\u00a0 Kr\u00e4uter gedeihen in den G\u00e4rten rund um das Landhaus und verfeinern unsere Gerichte.<\/span><\/p><p style=\"text-align: justify;\">Glutenfreie Gerichte auf Anfrage\u00a0<strong class=\"verde\">(Gluten free)<\/strong> <img src=\"http:\/\/www.apparita.it\/immagini\/gluten-free.gif\" alt=\"gluten free\" width=\"50\" height=\"50\" align=\"absmiddle\" \/> \u00a0und vegetarische Gerichte\u00a0<img src=\"http:\/\/www.apparita.it\/wp-content\/uploads\/2014\/05\/piatti-vegetariani2.png\" alt=\"piatti vegetariani\" width=\"50\" align=\"absmiddle\" \/><\/p><\/div><\/div><\/div><\/section><\/section><section class='page-content' style=''  ><section class='container'><div class='row' style=''><div class='col-md-4 ' style='' ><img src='https:\/\/www.apparita.it\/wp-content\/uploads\/2014\/05\/sala-pranzo-300x300.jpg' class='left' title='sala-pranzo' alt='sala-pranzo' width='300' height='300'\/><div class='clearfix'><\/div><div style='margin-top: 20px;' class=''><img src='https:\/\/www.apparita.it\/wp-content\/uploads\/2014\/05\/preparazione-crespelle-300x300.jpg' class='left' title='preparazione-crespelle' alt='preparazione-crespelle' width='300' height='300'\/><div class='clearfix'><\/div><\/div><\/div><div class='col-md-4 ' style='' ><img src='https:\/\/www.apparita.it\/wp-content\/uploads\/2014\/05\/panzanella2-300x300.jpg' class='left' title='panzanella' alt='panzanella' width='300' height='300'\/><div class='clearfix'><\/div><div style='margin-top: 20px;' class=''><img src='https:\/\/www.apparita.it\/wp-content\/uploads\/2014\/05\/tavola-ristorante3-300x300.jpg' class='left' title='tavola-ristorante' alt='tavola-ristorante' width='300' height='300'\/><div class='clearfix'><\/div><\/div><\/div><div class='col-md-4 ' style='' ><img src='https:\/\/www.apparita.it\/wp-content\/uploads\/2014\/05\/bavette-al-rosmarino2-300x300.jpg' class='left' title='bavette-al-rosmarino' alt='bavette-al-rosmarino' width='300' height='300'\/><div class='clearfix'><\/div><div style='margin-top: 20px;' class=''><img src='https:\/\/www.apparita.it\/wp-content\/uploads\/2014\/05\/panna-cotta-grande1-300x300.jpg' class='left' title='panna-cotta-grande' alt='panna-cotta-grande' width='300' height='300'\/><div class='clearfix'><\/div><\/div><\/div><\/div><div class='row' style=''><div class='col-md-12 ' style='' ><section class='nivoSlider' data-manual='0' data-pause='3000' data-navigation='1' data-pause-hover='1'><img src='https:\/\/www.apparita.it\/wp-content\/uploads\/2014\/05\/panna-cotta-con-coulis-di-lamponi3.jpg' alt='slider image'\/><img src='https:\/\/www.apparita.it\/wp-content\/uploads\/2014\/05\/pici-fatti-in-casa5.jpg' alt='slider image'\/><img src='https:\/\/www.apparita.it\/wp-content\/uploads\/2014\/05\/tortelli-fatti-in-casa5.jpg' alt='slider image'\/><img src='https:\/\/www.apparita.it\/wp-content\/uploads\/2014\/05\/zuppa-di-farro6.jpg' alt='slider image'\/><img src='https:\/\/www.apparita.it\/wp-content\/uploads\/2014\/05\/zuppa-toscana5.jpg' alt='slider image'\/><img src='https:\/\/www.apparita.it\/wp-content\/uploads\/2014\/05\/zucchine-e-pecorino5.jpg' alt='slider image'\/><img src='https:\/\/www.apparita.it\/wp-content\/uploads\/2014\/05\/tortino-di-carciofi5.jpg' alt='slider image'\/><img src='https:\/\/www.apparita.it\/wp-content\/uploads\/2014\/05\/torta-di-fragole5.jpg' alt='slider image'\/><img src='https:\/\/www.apparita.it\/wp-content\/uploads\/2014\/05\/tarte-di-pesche5.jpg' alt='slider image'\/><img src='https:\/\/www.apparita.it\/wp-content\/uploads\/2014\/05\/tagliolini-fatti-in-casa5.jpg' alt='slider image'\/><img src='https:\/\/www.apparita.it\/wp-content\/uploads\/2014\/05\/spaghetti-al-cavolo-nero-e-pecorino5.jpg' alt='slider image'\/><img src='https:\/\/www.apparita.it\/wp-content\/uploads\/2014\/05\/pappardelle-fatte-in-casa5.jpg' alt='slider image'\/><img src='https:\/\/www.apparita.it\/wp-content\/uploads\/2014\/05\/risotto-ai-carciofi6.jpg' alt='slider image'\/><img src='https:\/\/www.apparita.it\/wp-content\/uploads\/2014\/05\/risotto-agli-asparagi5.jpg' alt='slider image'\/><img src='https:\/\/www.apparita.it\/wp-content\/uploads\/2014\/05\/pasta-e-fagioli5.jpg' alt='slider image'\/><img src='https:\/\/www.apparita.it\/wp-content\/uploads\/2014\/05\/radicchio-marinato-e-ricotta-alle-erbe5.jpg' alt='slider image'\/><img src='https:\/\/www.apparita.it\/wp-content\/uploads\/2014\/05\/pappardelle-del-cerreto-al-ragu-di-coniglio4.jpg' alt='slider image'\/><img src='https:\/\/www.apparita.it\/wp-content\/uploads\/2014\/05\/gnocchi-di-patate-fatti-in-casa5.jpg' alt='slider image'\/><img src='https:\/\/www.apparita.it\/wp-content\/uploads\/2014\/05\/panzanella6.jpg' alt='slider image'\/><img src='https:\/\/www.apparita.it\/wp-content\/uploads\/2014\/05\/gnudi-al-burro-e-salvia4.jpg' alt='slider image'\/><img src='https:\/\/www.apparita.it\/wp-content\/uploads\/2014\/05\/focaccia-al-rosmarino-e-al-pomodoro-e-fiori-di-zucca5.jpg' alt='slider image'\/><img src='https:\/\/www.apparita.it\/wp-content\/uploads\/2014\/05\/fiorentina-alla-brace5.jpg' alt='slider image'\/><img src='https:\/\/www.apparita.it\/wp-content\/uploads\/2014\/05\/crostata-di-ricotta-e-miele5.jpg' alt='slider image'\/><img src='https:\/\/www.apparita.it\/wp-content\/uploads\/2014\/05\/crespelle-alla-fiorentina5.jpg' alt='slider image'\/><img src='https:\/\/www.apparita.it\/wp-content\/uploads\/2014\/05\/crespelle6.jpg' alt='slider image'\/><img src='https:\/\/www.apparita.it\/wp-content\/uploads\/2014\/05\/carpaccio-di-zucchine4.jpg' alt='slider image'\/><img src='https:\/\/www.apparita.it\/wp-content\/uploads\/2014\/05\/caprese4.jpg' alt='slider image'\/><img src='https:\/\/www.apparita.it\/wp-content\/uploads\/2014\/05\/cappelletti-alla-pappa-al-pomodoro5.jpg' alt='slider image'\/><img src='https:\/\/www.apparita.it\/wp-content\/uploads\/2014\/05\/bruschette-al-pomodoro4.jpg' alt='slider image'\/><img src='https:\/\/www.apparita.it\/wp-content\/uploads\/2014\/05\/bavette-al-rosmarino6.jpg' alt='slider image'\/><img src='https:\/\/www.apparita.it\/wp-content\/uploads\/2014\/05\/bavarese-ai-cantucci-e-salsa-al-vin-santo6.jpg' alt='slider image'\/><\/section><\/div><\/div><\/section><\/section>\n","protected":false},"excerpt":{"rendered":"","protected":false},"author":1,"featured_media":0,"parent":0,"menu_order":0,"comment_status":"closed","ping_status":"open","template":"","meta":[],"yoast_head":"<!-- This site is optimized with the Yoast SEO plugin v16.1.1 - https:\/\/yoast.com\/wordpress\/plugins\/seo\/ -->\n<meta name=\"description\" content=\"Die G\u00e4ste des Agriturismo Apparita k\u00f6nnen in unserem Restaurant t\u00e4glich Gerichte geniessen, die ihren Ursprung in alten toskanischen Rezeptb\u00fcchern finden.\" \/>\n<link rel=\"canonical\" href=\"https:\/\/www.apparita.it\/de\/il-ristorante\/\" \/>\n<meta property=\"og:locale\" content=\"de_DE\" \/>\n<meta property=\"og:type\" content=\"article\" \/>\n<meta property=\"og:title\" content=\"Das Restaurant - Gerichte geniessen - Halbpension\" \/>\n<meta property=\"og:description\" content=\"Die G\u00e4ste des Agriturismo Apparita k\u00f6nnen in unserem Restaurant t\u00e4glich Gerichte geniessen, die ihren Ursprung in alten toskanischen Rezeptb\u00fcchern finden.\" \/>\n<meta property=\"og:url\" content=\"https:\/\/www.apparita.it\/de\/il-ristorante\/\" \/>\n<meta property=\"og:site_name\" content=\"Agriturismo Apparita Toskana, Pisa - Zimmer, Pool, Urlaub\" \/>\n<meta property=\"article:modified_time\" content=\"2015-02-11T11:28:45+00:00\" \/>\n<meta name=\"twitter:label1\" content=\"Gesch\u00e4tzte Lesezeit\">\n\t<meta name=\"twitter:data1\" content=\"1\u00a0Minute\">\n<script type=\"application\/ld+json\" class=\"yoast-schema-graph\">{\"@context\":\"https:\/\/schema.org\",\"@graph\":[{\"@type\":\"WebSite\",\"@id\":\"https:\/\/www.apparita.it\/#website\",\"url\":\"https:\/\/www.apparita.it\/\",\"name\":\"Agriturismo Apparita Toskana, Pisa - Zimmer, Pool, Urlaub\",\"description\":\"Biohof in der Naehe von Volterra, 6 Zimmer mit Bad, Schwimmbad, Restaurant mit typischen toskanischen Gerichte.\",\"potentialAction\":[{\"@type\":\"SearchAction\",\"target\":\"https:\/\/www.apparita.it\/?s={search_term_string}\",\"query-input\":\"required name=search_term_string\"}],\"inLanguage\":\"de\"},{\"@type\":\"WebPage\",\"@id\":\"https:\/\/www.apparita.it\/de\/il-ristorante\/#webpage\",\"url\":\"https:\/\/www.apparita.it\/de\/il-ristorante\/\",\"name\":\"Das Restaurant - Gerichte geniessen - Halbpension\",\"isPartOf\":{\"@id\":\"https:\/\/www.apparita.it\/#website\"},\"datePublished\":\"2015-01-12T15:16:11+00:00\",\"dateModified\":\"2015-02-11T11:28:45+00:00\",\"description\":\"Die G\\u00e4ste des Agriturismo Apparita k\\u00f6nnen in unserem Restaurant t\\u00e4glich Gerichte geniessen, die ihren Ursprung in alten toskanischen Rezeptb\\u00fcchern finden.\",\"breadcrumb\":{\"@id\":\"https:\/\/www.apparita.it\/de\/il-ristorante\/#breadcrumb\"},\"inLanguage\":\"de\",\"potentialAction\":[{\"@type\":\"ReadAction\",\"target\":[\"https:\/\/www.apparita.it\/de\/il-ristorante\/\"]}]},{\"@type\":\"BreadcrumbList\",\"@id\":\"https:\/\/www.apparita.it\/de\/il-ristorante\/#breadcrumb\",\"itemListElement\":[{\"@type\":\"ListItem\",\"position\":1,\"item\":{\"@type\":\"WebPage\",\"@id\":\"https:\/\/www.apparita.it\/de\/\",\"url\":\"https:\/\/www.apparita.it\/de\/\",\"name\":\"Home\"}},{\"@type\":\"ListItem\",\"position\":2,\"item\":{\"@type\":\"WebPage\",\"@id\":\"https:\/\/www.apparita.it\/de\/il-ristorante\/\",\"url\":\"https:\/\/www.apparita.it\/de\/il-ristorante\/\",\"name\":\"Das Restaurant\"}}]}]}<\/script>\n<!-- \/ Yoast SEO plugin. -->","_links":{"self":[{"href":"https:\/\/www.apparita.it\/de\/wp-json\/wp\/v2\/pages\/18007"}],"collection":[{"href":"https:\/\/www.apparita.it\/de\/wp-json\/wp\/v2\/pages"}],"about":[{"href":"https:\/\/www.apparita.it\/de\/wp-json\/wp\/v2\/types\/page"}],"author":[{"embeddable":true,"href":"https:\/\/www.apparita.it\/de\/wp-json\/wp\/v2\/users\/1"}],"replies":[{"embeddable":true,"href":"https:\/\/www.apparita.it\/de\/wp-json\/wp\/v2\/comments?post=18007"}],"version-history":[{"count":0,"href":"https:\/\/www.apparita.it\/de\/wp-json\/wp\/v2\/pages\/18007\/revisions"}],"wp:attachment":[{"href":"https:\/\/www.apparita.it\/de\/wp-json\/wp\/v2\/media?parent=18007"}],"curies":[{"name":"wp","href":"https:\/\/api.w.org\/{rel}","templated":true}]}}