{"id":17956,"date":"2014-12-09T19:24:10","date_gmt":"2014-12-09T18:24:10","guid":{"rendered":"http:\/\/www.apparita.it\/l-olio-2\/"},"modified":"2015-02-10T17:30:59","modified_gmt":"2015-02-10T16:30:59","slug":"l-olio","status":"publish","type":"page","link":"https:\/\/www.apparita.it\/de\/l-olio\/","title":{"rendered":"Olivenoel extravergine biologisch"},"content":{"rendered":"<section class='page-content' style=''  ><section class='container'><div class='row' style=''><div class='col-md-12 ' style='' ><section class='heading-bordered'>\r\n                    <h3>Olivenoel extravergine biologisch<\/h3>\r\n                <\/section><div class='cma-wysiwyg-editor'><p style=\"text-align: justify;\"><img class=\"alignleft size-medium wp-image-17416\" src=\"http:\/\/www.apparita.it\/wp-content\/uploads\/2014\/05\/olio-extravergine-bio-300x300.jpg\" alt=\"olio-extravergine-bio Agriturismo Apparita\" width=\"230\" height=\"230\" \/> <img class=\"alignleft size-medium wp-image-17417\" src=\"http:\/\/www.apparita.it\/wp-content\/uploads\/2014\/05\/simbolo-bio-300x300.png\" alt=\"olio-extravergine-bio Agriturismo Apparita\" width=\"230\" height=\"230\" \/><strong class=\"verde\">Kaum vorstellbar auch nur fuer einen Augenblick die toskanische Landschaft ohne Olivenb\u00e4ume. <\/strong><\/p><p class=\"p1\" style=\"text-align: justify;\"><br \/>Der Olivenbaum ist seit jeher die unbestrittene Hauptfigur in diesem Bereich, und das \u00d6l ist das wertvollste Produkt unseres Unternehmens. Unser 5 Hektar gro\u00dfer Olivenhain mit insgesamt 1.500 Pflanzen beinhaltet die 4 wichtigsten Sorten der Toskana wie <strong class=\"verde\">Leccino<\/strong> <strong class=\"verde\">Frantoio<\/strong>, <strong class=\"verde\">Moraiolo<\/strong>, <strong class=\"verde\"> Pendolino<\/strong> , von denen wir ein Olivenoel extra vergine mit ausgewogenen Geschmack und einer intensiven Gr\u00fcngoldfaerbung erhalten. Das Oel hat ein fruchtiges Aroma mit leicht bitteren und ein wenig w\u00fcrzigen Nachgeschmack, ein Synonym f\u00fcr Qualit\u00e4t. Wir ernten die Oliven so fr\u00fch wie moeglich , ab Mitte Oktober, wenn die Oliven beginnen sich zu faerben. Wir lagern die Fruechte in Kisten mit L\u00f6chern, zur Luftzirkulation und bringen sie nicht sp\u00e4ter als alle zwei Tage in die M\u00fchle zum Pressen unter kontrollierter Temperatur, um die Qualit\u00e4t zu erhalten. Das \u00d6l wird nach einer kurzen Dekantierung in Flaschen abgef\u00fcllt. Jedes Jahr erwarten wir mit Spannung die Bruschetta mit dem \u201colio novo\" zu kosten Von Jahr zu Jahr ist der Geschmack anders und belohnt uns mit neuen Aromen und Dueften , fuer die M\u00fche und die lange Arbeit . Das Jahr 2014 war leider ein schlechtes Jahr. Die Wetterbedingungen und der daraus resultierende Angriff des Parasiten Olivenfliege, hat die Ernte vollstaendig zerstoert. Das \u00d6l ist ein wertvolles und unersetzbares Produkt und deshalb definieren es auch gerne das\u00a0<br \/><br \/><\/p><center><b class=\"verde\">\"Gr\u00fcne Gold\"<\/b><\/center><\/div><\/div><\/div><div class='row' style=''><div class='col-md-6 ' style='' ><img src='https:\/\/www.apparita.it\/wp-content\/uploads\/2014\/05\/SN150753-1024x1024.jpg' class='left' title='Raccolta Olive - Agriturismo Apparita' alt='Raccolta Olive - Agriturismo Apparita' width='600' height='600'\/><div class='clearfix'><\/div><\/div><div class='col-md-6 ' style='' ><img src='https:\/\/www.apparita.it\/wp-content\/uploads\/2014\/05\/SN150765-1024x1024.jpg' class='left' title='Raccolta Olive - Agriturismo Apparita' alt='Raccolta Olive - Agriturismo Apparita' width='600' height='600'\/><div class='clearfix'><\/div><\/div><\/div><div class='row' style=''><div class='col-md-12 ' style='' ><img src='https:\/\/www.apparita.it\/wp-content\/uploads\/2014\/05\/IMG_31431.jpg' class='left' title='Olio Extravergine - Apparita' alt='Olio Extravergine - Apparita' width='1200' height='900'\/><div class='clearfix'><\/div><\/div><\/div><\/section><\/section>\n","protected":false},"excerpt":{"rendered":"","protected":false},"author":1,"featured_media":0,"parent":0,"menu_order":0,"comment_status":"closed","ping_status":"open","template":"","meta":[],"yoast_head":"<!-- This site is optimized with the Yoast SEO plugin v16.1.1 - https:\/\/yoast.com\/wordpress\/plugins\/seo\/ -->\n<link rel=\"canonical\" href=\"https:\/\/www.apparita.it\/de\/l-olio\/\" \/>\n<meta property=\"og:locale\" content=\"de_DE\" \/>\n<meta property=\"og:type\" content=\"article\" \/>\n<meta property=\"og:title\" content=\"Olivenoel extravergine biologisch - Agriturismo Apparita Toskana, Pisa - Zimmer, Pool, Urlaub\" \/>\n<meta property=\"og:url\" content=\"https:\/\/www.apparita.it\/de\/l-olio\/\" \/>\n<meta property=\"og:site_name\" content=\"Agriturismo Apparita Toskana, Pisa - Zimmer, Pool, Urlaub\" \/>\n<meta property=\"article:modified_time\" content=\"2015-02-10T16:30:59+00:00\" \/>\n<script type=\"application\/ld+json\" class=\"yoast-schema-graph\">{\"@context\":\"https:\/\/schema.org\",\"@graph\":[{\"@type\":\"WebSite\",\"@id\":\"https:\/\/www.apparita.it\/#website\",\"url\":\"https:\/\/www.apparita.it\/\",\"name\":\"Agriturismo Apparita Toskana, Pisa - Zimmer, Pool, Urlaub\",\"description\":\"Biohof in der Naehe von Volterra, 6 Zimmer mit Bad, Schwimmbad, Restaurant mit typischen toskanischen Gerichte.\",\"potentialAction\":[{\"@type\":\"SearchAction\",\"target\":\"https:\/\/www.apparita.it\/?s={search_term_string}\",\"query-input\":\"required name=search_term_string\"}],\"inLanguage\":\"de\"},{\"@type\":\"WebPage\",\"@id\":\"https:\/\/www.apparita.it\/de\/l-olio\/#webpage\",\"url\":\"https:\/\/www.apparita.it\/de\/l-olio\/\",\"name\":\"Olivenoel extravergine biologisch - Agriturismo Apparita Toskana, Pisa - Zimmer, Pool, Urlaub\",\"isPartOf\":{\"@id\":\"https:\/\/www.apparita.it\/#website\"},\"datePublished\":\"2014-12-09T18:24:10+00:00\",\"dateModified\":\"2015-02-10T16:30:59+00:00\",\"breadcrumb\":{\"@id\":\"https:\/\/www.apparita.it\/de\/l-olio\/#breadcrumb\"},\"inLanguage\":\"de\",\"potentialAction\":[{\"@type\":\"ReadAction\",\"target\":[\"https:\/\/www.apparita.it\/de\/l-olio\/\"]}]},{\"@type\":\"BreadcrumbList\",\"@id\":\"https:\/\/www.apparita.it\/de\/l-olio\/#breadcrumb\",\"itemListElement\":[{\"@type\":\"ListItem\",\"position\":1,\"item\":{\"@type\":\"WebPage\",\"@id\":\"https:\/\/www.apparita.it\/de\/\",\"url\":\"https:\/\/www.apparita.it\/de\/\",\"name\":\"Home\"}},{\"@type\":\"ListItem\",\"position\":2,\"item\":{\"@type\":\"WebPage\",\"@id\":\"https:\/\/www.apparita.it\/de\/l-olio\/\",\"url\":\"https:\/\/www.apparita.it\/de\/l-olio\/\",\"name\":\"Olivenoel extravergine biologisch\"}}]}]}<\/script>\n<!-- \/ Yoast SEO plugin. -->","_links":{"self":[{"href":"https:\/\/www.apparita.it\/de\/wp-json\/wp\/v2\/pages\/17956"}],"collection":[{"href":"https:\/\/www.apparita.it\/de\/wp-json\/wp\/v2\/pages"}],"about":[{"href":"https:\/\/www.apparita.it\/de\/wp-json\/wp\/v2\/types\/page"}],"author":[{"embeddable":true,"href":"https:\/\/www.apparita.it\/de\/wp-json\/wp\/v2\/users\/1"}],"replies":[{"embeddable":true,"href":"https:\/\/www.apparita.it\/de\/wp-json\/wp\/v2\/comments?post=17956"}],"version-history":[{"count":0,"href":"https:\/\/www.apparita.it\/de\/wp-json\/wp\/v2\/pages\/17956\/revisions"}],"wp:attachment":[{"href":"https:\/\/www.apparita.it\/de\/wp-json\/wp\/v2\/media?parent=17956"}],"curies":[{"name":"wp","href":"https:\/\/api.w.org\/{rel}","templated":true}]}}