{"id":17906,"date":"2014-05-15T15:37:06","date_gmt":"2014-05-15T15:37:06","guid":{"rendered":"http:\/\/www.apparita.it\/prezzi-2\/"},"modified":"2023-01-11T16:41:32","modified_gmt":"2023-01-11T15:41:32","slug":"prezzi","status":"publish","type":"page","link":"https:\/\/www.apparita.it\/de\/prezzi\/","title":{"rendered":"Preise"},"content":{"rendered":"<section class='page-content' style=''  ><section class='container'><div class='row' style=''><div class='col-md-12 ' style='' ><section class='heading-bordered'>\r\n                    <h3>Unsere Preise<\/h3>\r\n                <\/section><div style='margin-bottom: 20px;' class=''><div class='tabs-container'><ul class='tabs' id='tabs-771'><li class='active'><a title='Preise 2023' href='#tab-771-1 '><i class='icon-pushpin'><\/i>Preise 2023<\/a><\/li><li class='passive'><a title='Angebote' href='#tab-771-2 '><i class='icon-pushpin'><\/i>Angebote<\/a><\/li><\/ul><section class='tab-content-wrap'><div class='tab-content active' id='tab-771-1'><table style=\"width:100% !important;\">\n<tr>\n<td> <\/td>\n<td>\n<div align=\"center\"><strong class=\"verde\"> Vorsaison <\/strong><\/div>\n<\/td>\n<td>\n<div align=\"center\"><strong class=\"verde\"> Hochsaison <\/strong><\/div>\n<\/td>\n<\/tr>\n<tr>\n<td style=\"text-align:left !important\">- \u00dcbernachtung und Fr\u00fchst\u00fcck pro Zimmer\/Nacht - B&B <\/td>\n<td>\n<div align=\"center\" > ab&euro; 99,00 <\/div>\n<\/td>\n<td>\n<div align=\"center\" > bis&euro; 126,00<\/div>\n<\/td>\n<\/tr>\n<td>\n<\/td>\n<td>\n<\/td>\n<\/tr>\n<\/table>\n<\/div><div class='tab-content passive' id='tab-771-2'><\/div><\/section><\/div><\/div><div class='cma-wysiwyg-editor'><p><strong class=\"verde\">Hochsaison:<\/strong><\/p><p>- vom 1 Juli bis zum 31 August(mind. 4 N\u00e4chte).<\/p><p><strong>Drittes Bett 25 \u20ac<\/strong><\/p><p><strong>Viertes Bett 20 \u20ac (15 \u20ac in Zimmer 4)<\/strong><\/p><p><strong class=\"verde\">Tiere erlaubt<\/strong>\u00a0(nach Absprache) \u20ac 8,00 am Tag;<\/p><p>\u20ac 10,00 Zuschlag auf den Preis f\u00fcr das Zimmer bei<strong class=\"verde\">\u00a0einmaliger \u00dcbernachtung<\/strong>;<\/p><p>Einzelzimmerzuschlag 50%.<\/p><p>Der angegebene Preis schliesst ein:<\/p><p>- Bettw\u00e4sche<\/p><p>- Handt\u00fccher (2 w\u00f6chentliche Wechsel)<\/p><p>- Strom,Wasser, Heizung<\/p><p>- Fernsehapparat Tv Sat<\/p><p><strong class=\"verde\">- Free WIFI<\/strong><\/p><p>- Benutzung des Pools und der Liegest\u00fchle<\/p><p>- Parking<\/p><p>- Reinung in der Mitte des Zeitraums f\u00fcr Aufenth\u00e4lte die mehr als eine Woche dauern<\/p><p>- Endreinigung \u00a0<\/p><p><strong class=\"verde\"><br \/>Auf Anfrage Tagesreinigung \u20ac 8,00 pro Zimmer.<\/strong><\/p><p style=\"text-align: center;\"><strong style=\"font-size: 1.2em;\">Fr\u00fchst\u00fcck von 8:30 Uhr bis 10:30 Uhr.<\/strong><\/p><p style=\"text-align: center;\"><strong style=\"font-size: 1.2em;\">Ankunft ab 14.00 Uhr; Abfahrt innerhalb 10.00 Uhr<\/strong><\/p><p style=\"text-align: center;\"><strong style=\"font-size: 1.2em;\">Von 18 October 2021 bis 01 April 2023 geschlossen.<\/strong><\/p><p style=\"text-align: left;\"><a class=\"verde\" style=\"text-decoration: underline;\" href=\"http:\/\/www.apparita.it\/wp-content\/uploads\/2014\/05\/schwimmbad-regelungen.pdf\" target=\"_blank\" rel=\"noopener\">Regelungen Schwimmbad<\/a><\/p><\/div><div style='margin-top: 20px;' class=''><blockquote><p><strong class=\"verde\">Stornierungsbedingungen<\/strong><br><br>\n\nSie k\u00f6nnen sich telefonisch per Fax oder E-mail anmelden (man spricht deutsch). Wir garantieren die Reservierung nach Erhalt einer Kaution von 40% auf den Gesamtbetrag (ohne Kosten f\u00fcr uns) Ihres Aufenthalts.\n<br><br>\nBei Absage vor Ankunft verfallen:<br>\n\n-innerhalb 45 bis 30 Tage 20%<br>\n\n-innerhalb 29 bis 1 Tag 40% der Gesamtsumme. <br>\n\nIm Falle einer vorzeitigen Abreise wird der Gesamtbetrag einbehalten.<\/p><cite><\/cite><\/blockquote><\/div><\/div><\/div><\/section><\/section>\n","protected":false},"excerpt":{"rendered":"","protected":false},"author":1,"featured_media":0,"parent":0,"menu_order":0,"comment_status":"closed","ping_status":"open","template":"prezzi.php","meta":[],"yoast_head":"<!-- This site is optimized with the Yoast SEO plugin v16.1.1 - https:\/\/yoast.com\/wordpress\/plugins\/seo\/ -->\n<meta name=\"description\" content=\"Preise pro Nacht und Person der Zimmer unseres Hofes. Halbpension mit Abendessen, B &amp; B Spezielle Angebote.\" \/>\n<link rel=\"canonical\" href=\"https:\/\/www.apparita.it\/de\/prezzi\/\" \/>\n<meta property=\"og:locale\" content=\"de_DE\" \/>\n<meta property=\"og:type\" content=\"article\" \/>\n<meta property=\"og:title\" content=\"Preise - Sonderangebote, Halbpension und B &amp; B\" \/>\n<meta property=\"og:description\" content=\"Preise pro Nacht und Person der Zimmer unseres Hofes. Halbpension mit Abendessen, B &amp; B Spezielle Angebote.\" \/>\n<meta property=\"og:url\" content=\"https:\/\/www.apparita.it\/de\/prezzi\/\" \/>\n<meta property=\"og:site_name\" content=\"Agriturismo Apparita Toskana, Pisa - Zimmer, Pool, Urlaub\" \/>\n<meta property=\"article:modified_time\" content=\"2023-01-11T15:41:32+00:00\" \/>\n<script type=\"application\/ld+json\" class=\"yoast-schema-graph\">{\"@context\":\"https:\/\/schema.org\",\"@graph\":[{\"@type\":\"WebSite\",\"@id\":\"https:\/\/www.apparita.it\/#website\",\"url\":\"https:\/\/www.apparita.it\/\",\"name\":\"Agriturismo Apparita Toskana, Pisa - Zimmer, Pool, Urlaub\",\"description\":\"Biohof in der Naehe von Volterra, 6 Zimmer mit Bad, Schwimmbad, Restaurant mit typischen toskanischen Gerichte.\",\"potentialAction\":[{\"@type\":\"SearchAction\",\"target\":\"https:\/\/www.apparita.it\/?s={search_term_string}\",\"query-input\":\"required name=search_term_string\"}],\"inLanguage\":\"de\"},{\"@type\":\"WebPage\",\"@id\":\"https:\/\/www.apparita.it\/de\/prezzi\/#webpage\",\"url\":\"https:\/\/www.apparita.it\/de\/prezzi\/\",\"name\":\"Preise - Sonderangebote, Halbpension und B & B\",\"isPartOf\":{\"@id\":\"https:\/\/www.apparita.it\/#website\"},\"datePublished\":\"2014-05-15T15:37:06+00:00\",\"dateModified\":\"2023-01-11T15:41:32+00:00\",\"description\":\"Preise pro Nacht und Person der Zimmer unseres Hofes. Halbpension mit Abendessen, B & B Spezielle Angebote.\",\"breadcrumb\":{\"@id\":\"https:\/\/www.apparita.it\/de\/prezzi\/#breadcrumb\"},\"inLanguage\":\"de\",\"potentialAction\":[{\"@type\":\"ReadAction\",\"target\":[\"https:\/\/www.apparita.it\/de\/prezzi\/\"]}]},{\"@type\":\"BreadcrumbList\",\"@id\":\"https:\/\/www.apparita.it\/de\/prezzi\/#breadcrumb\",\"itemListElement\":[{\"@type\":\"ListItem\",\"position\":1,\"item\":{\"@type\":\"WebPage\",\"@id\":\"https:\/\/www.apparita.it\/de\/\",\"url\":\"https:\/\/www.apparita.it\/de\/\",\"name\":\"Home\"}},{\"@type\":\"ListItem\",\"position\":2,\"item\":{\"@type\":\"WebPage\",\"@id\":\"https:\/\/www.apparita.it\/de\/prezzi\/\",\"url\":\"https:\/\/www.apparita.it\/de\/prezzi\/\",\"name\":\"Preise\"}}]}]}<\/script>\n<!-- \/ Yoast SEO plugin. -->","_links":{"self":[{"href":"https:\/\/www.apparita.it\/de\/wp-json\/wp\/v2\/pages\/17906"}],"collection":[{"href":"https:\/\/www.apparita.it\/de\/wp-json\/wp\/v2\/pages"}],"about":[{"href":"https:\/\/www.apparita.it\/de\/wp-json\/wp\/v2\/types\/page"}],"author":[{"embeddable":true,"href":"https:\/\/www.apparita.it\/de\/wp-json\/wp\/v2\/users\/1"}],"replies":[{"embeddable":true,"href":"https:\/\/www.apparita.it\/de\/wp-json\/wp\/v2\/comments?post=17906"}],"version-history":[{"count":1,"href":"https:\/\/www.apparita.it\/de\/wp-json\/wp\/v2\/pages\/17906\/revisions"}],"predecessor-version":[{"id":19825,"href":"https:\/\/www.apparita.it\/de\/wp-json\/wp\/v2\/pages\/17906\/revisions\/19825"}],"wp:attachment":[{"href":"https:\/\/www.apparita.it\/de\/wp-json\/wp\/v2\/media?parent=17906"}],"curies":[{"name":"wp","href":"https:\/\/api.w.org\/{rel}","templated":true}]}}